{"id":15261,"date":"2015-04-30T10:57:18","date_gmt":"2015-04-30T08:57:18","guid":{"rendered":"http:\/\/demo.qodeinteractive.com\/bridge82\/?page_id=15261"},"modified":"2026-01-14T08:55:29","modified_gmt":"2026-01-14T07:55:29","slug":"confederacion-cooperatives-comunitat-valenciana","status":"publish","type":"page","link":"https:\/\/concoval.es\/es\/","title":{"rendered":"INICIO"},"content":{"rendered":"<p>[vc_row css_animation=\u00bb\u00bb row_type=\u00bbrow\u00bb use_row_as_full_screen_section=\u00bbno\u00bb type=\u00bbfull_width\u00bb angled_section=\u00bbno\u00bb text_align=\u00bbleft\u00bb background_image_as_pattern=\u00bbwithout_pattern\u00bb css=\u00bb.vc_custom_1461501066348{background-color: #ffffff !important;}\u00bb][vc_column][vc_separator type=\u00bbnormal\u00bb][vc_empty_space height=\u00bb16px\u00bb][\/vc_column][\/vc_row][vc_row css_animation=\u00bb\u00bb row_type=\u00bbrow\u00bb use_row_as_full_screen_section=\u00bbno\u00bb type=\u00bbfull_width\u00bb angled_section=\u00bbno\u00bb text_align=\u00bbleft\u00bb background_image_as_pattern=\u00bbwithout_pattern\u00bb css=\u00bb.vc_custom_1461501107717{background-color: #ffffff !important;}\u00bb][vc_column width=\u00bb1\/5&#8243; css=\u00bb.vc_custom_1593161219907{margin-top: 20px !important;}\u00bb][vc_single_image image=\u00bb34962&#8243; img_size=\u00bb275&#215;207&#8243; alignment=\u00bbcenter\u00bb onclick=\u00bbcustom_link\u00bb img_link_target=\u00bb_blank\u00bb qode_css_animation=\u00bb\u00bb link=\u00bbhttps:\/\/concoval.es\/es\/activitats-de-confederacio-de-cooperatives-c-v\/espanol-xv-premios-pepe-miquel-del-cooperativismo-valenciano\/\u00bb][\/vc_column][vc_column width=\u00bb1\/5&#8243; css=\u00bb.vc_custom_1517406059648{margin-top: 20px !important;}\u00bb][vc_single_image image=\u00bb34757&#8243; img_size=\u00bb275&#215;207&#8243; alignment=\u00bbcenter\u00bb onclick=\u00bbcustom_link\u00bb img_link_target=\u00bb_blank\u00bb qode_css_animation=\u00bb\u00bb link=\u00bbhttps:\/\/concoval.es\/wp-content\/uploads\/2025\/09\/Fent-Cooperatives-2025-2026-CAST.pdf\u00bb][\/vc_column][vc_column width=\u00bb1\/5&#8243; css=\u00bb.vc_custom_1517406076064{margin-top: 20px !important;}\u00bb][vc_single_image image=\u00bb30884&#8243; img_size=\u00bbfull\u00bb alignment=\u00bbcenter\u00bb onclick=\u00bbcustom_link\u00bb img_link_target=\u00bb_blank\u00bb qode_css_animation=\u00bb\u00bb link=\u00bbhttps:\/\/consellcoopv.concoval.es\u00bb][\/vc_column][vc_column width=\u00bb1\/5&#8243; css=\u00bb.vc_custom_1517406092304{margin-top: 20px !important;}\u00bb][vc_single_image image=\u00bb32656&#8243; img_size=\u00bbfull\u00bb alignment=\u00bbcenter\u00bb onclick=\u00bbcustom_link\u00bb img_link_target=\u00bb_blank\u00bb qode_css_animation=\u00bb\u00bb link=\u00bbhttps:\/\/concoval.es\/tramites\/\u00bb][\/vc_column][vc_column width=\u00bb1\/5&#8243; css=\u00bb.vc_custom_1681486673628{margin-top: 20px !important;}\u00bb][vc_single_image image=\u00bb31652&#8243; img_size=\u00bbfull\u00bb alignment=\u00bbcenter\u00bb onclick=\u00bbcustom_link\u00bb qode_css_animation=\u00bb\u00bb link=\u00bbhttps:\/\/concoval.es\/es\/agendas\/\u00bb][\/vc_column][\/vc_row][vc_row css_animation=\u00bb\u00bb row_type=\u00bbrow\u00bb use_row_as_full_screen_section=\u00bbno\u00bb type=\u00bbfull_width\u00bb angled_section=\u00bbno\u00bb text_align=\u00bbleft\u00bb background_image_as_pattern=\u00bbwithout_pattern\u00bb css=\u00bb.vc_custom_1461501145008{background-color: #ffffff !important;}\u00bb][vc_column][vc_empty_space height=\u00bb42px\u00bb][vc_text_separator title=\u00bbNuestra historia\u00bb border=\u00bbno\u00bb background_color=\u00bb#ef3343&#8243;][vc_empty_space height=\u00bb42px\u00bb][\/vc_column][vc_column][\/vc_column][\/vc_row][vc_row css_animation=\u00bb\u00bb row_type=\u00bbrow\u00bb use_row_as_full_screen_section=\u00bbno\u00bb type=\u00bbfull_width\u00bb angled_section=\u00bbno\u00bb text_align=\u00bbleft\u00bb background_image_as_pattern=\u00bbwithout_pattern\u00bb css=\u00bb.vc_custom_1517406362999{padding-right: 40px !important;padding-left: 40px !important;background-color: #ffffff !important;}\u00bb][vc_column width=\u00bb1\/2&#8243;][vc_single_image image=\u00bb15695&#8243; img_size=\u00bblarge\u00bb alignment=\u00bbcenter\u00bb qode_css_animation=\u00bb\u00bb][vc_column_text]<br \/>\n[\/vc_column_text][\/vc_column][vc_column width=\u00bb1\/2&#8243;][vc_column_text]Desde su constituci\u00f3n, en 1989, la Confederaci\u00f3 de Cooperatives de la Comunitat Valenciana, es una entidad sin \u00e1nimo de lucro, que integra a todas las federaciones de cooperativas que existen en la Comunitat. Su funci\u00f3n b\u00e1sica es defender los intereses de las cooperativas valencianas y representarlas en el \u00e1mbito institucional en todos aquellos asuntos que los afectan de manera global, y comunicando a la opini\u00f3n p\u00fablica los principios y valores del cooperativismo.[\/vc_column_text][vc_empty_space height=\u00bb16px\u00bb][vc_column_text]Cada una de las federaciones socias de la Confederaci\u00f3 desarrolla sus propias funciones: da servicio a las cooperativas afiliadas y las representa en aquellos aspectos que derivan de su actividad particular.[\/vc_column_text][vc_empty_space height=\u00bb16px\u00bb][vc_column_text]La Confederaci\u00f3 asume la coordinaci\u00f3n necesaria entre ellas con tal de favorecer sinergias y promover las relaciones intercooperativas.[\/vc_column_text][vc_empty_space height=\u00bb16px\u00bb][vc_column_text]Optimizar los esfuerzos que se dedican al fomento del cooperativismo y de las empresas cooperativas en la Comunitat Valenciana es uno de los principales retos de la Confederaci\u00f3 de Cooperatives de la Comunitat Valenciana.[\/vc_column_text][vc_empty_space height=\u00bb16px\u00bb][vc_column_text]<\/p>\n<h5 style=\"text-align: right;\">LA CONFEDERACI\u00d3 DE COOPERATIVES<\/h5>\n<h5 style=\"text-align: right;\">DE LA COMUNITAT VALENCIANA<\/h5>\n<h5 style=\"text-align: right;\"><span style=\"color: #808080;\"><em>MUCHAS, JUNTAS Y BIEN ORGANIZADAS<\/em><\/span><\/h5>\n<p style=\"text-align: right;\"><span style=\"color: #808080;\">\u2022\u2022\u2022\u2022\u2022\u2022\u2022\u2022\u2022\u2022\u2022\u2022<\/span><\/p>\n<p>[\/vc_column_text][vc_column_text]<br \/>\n[\/vc_column_text][\/vc_column][\/vc_row][vc_row css_animation=\u00bb\u00bb row_type=\u00bbrow\u00bb use_row_as_full_screen_section=\u00bbno\u00bb type=\u00bbfull_width\u00bb angled_section=\u00bbno\u00bb text_align=\u00bbleft\u00bb background_image_as_pattern=\u00bbwithout_pattern\u00bb css=\u00bb.vc_custom_1461501228306{background-color: #ffffff !important;}\u00bb][vc_column][vc_empty_space height=\u00bb64px\u00bb][vc_text_separator title=\u00bbCon\u00f3cenos\u00bb border=\u00bbno\u00bb background_color=\u00bb#ef3343&#8243;][vc_empty_space height=\u00bb54px\u00bb][vc_single_image image=\u00bb34779&#8243; img_size=\u00bbfull\u00bb alignment=\u00bbcenter\u00bb qode_css_animation=\u00bb\u00bb][\/vc_column][\/vc_row][vc_row css_animation=\u00bb\u00bb row_type=\u00bbrow\u00bb use_row_as_full_screen_section=\u00bbno\u00bb type=\u00bbfull_width\u00bb angled_section=\u00bbno\u00bb text_align=\u00bbleft\u00bb background_image_as_pattern=\u00bbwithout_pattern\u00bb css=\u00bb.vc_custom_1461501228306{background-color: #ffffff !important;}\u00bb][vc_column][vc_empty_space height=\u00bb64px\u00bb][vc_text_separator title=\u00bbCaracter\u00edsticas especiales de las cooperativas\u00bb border=\u00bbno\u00bb background_color=\u00bb#ef3343&#8243;][vc_empty_space height=\u00bb54px\u00bb][\/vc_column][\/vc_row][vc_row css_animation=\u00bb\u00bb row_type=\u00bbrow\u00bb use_row_as_full_screen_section=\u00bbno\u00bb type=\u00bbgrid\u00bb angled_section=\u00bbno\u00bb text_align=\u00bbcenter\u00bb background_image_as_pattern=\u00bbwithout_pattern\u00bb border_color=\u00bb#ffffff\u00bb css=\u00bb.vc_custom_1461501295335{background-color: #ffffff !important;}\u00bb][vc_column width=\u00bb1\/3&#8243;]<span data-type=\"circle\"   class=\"qode_icon_shortcode fa-stack q_font_awsome_icon_stack fa-lg  \" style=\"font-size: 32px;font-size: 52px; \"><i class=\"fa fa-circle fa-stack-base fa-stack-2x\" style=\"color: #f6f6f6;\"><\/i><i class=\"qode_icon_font_awesome fa fa-book qode_icon_element fa-stack-1x\" style=\"font-size: 32px;color: #ef3343;\" ><\/i><\/span>[vc_empty_space height=\u00bb16px\u00bb][vc_column_text]<\/p>\n<h5 style=\"text-align: center;\"><span style=\"color: #999999;\">COMPROMISO CON EL TERRITORIO<\/span><\/h5>\n<p>[\/vc_column_text][vc_empty_space height=\u00bb16px\u00bb][vc_separator type=\u00bbsmall\u00bb position=\u00bbcenter\u00bb color=\u00bb#afafaf\u00bb][vc_column_text]<\/p>\n<p style=\"text-align: center;\">Las cooperativas, a pesar de su crecimiento, no abandonan el entorno local en el cual nacen y mantienen una base social comprometida con sus ra\u00edces; convirti\u00e9ndose as\u00ed en un ant\u00eddoto contra la deslocalizaci\u00f3n.<\/p>\n<p>[\/vc_column_text][vc_separator type=\u00bbsmall\u00bb position=\u00bbcenter\u00bb color=\u00bb#afafaf\u00bb][\/vc_column][vc_column width=\u00bb1\/3&#8243;]<span data-type=\"circle\"   class=\"qode_icon_shortcode fa-stack q_font_awsome_icon_stack fa-lg  \" style=\"font-size: 32px;font-size: 52px; \"><i class=\"fa fa-circle fa-stack-base fa-stack-2x\" style=\"color: #f6f6f6;\"><\/i><i class=\"qode_icon_font_awesome fa fa-comment qode_icon_element fa-stack-1x\" style=\"font-size: 32px;color: #ef3343;\" ><\/i><\/span>[vc_empty_space height=\u00bb16px\u00bb][vc_column_text]<\/p>\n<h5 style=\"text-align: center;\"><span style=\"color: #999999;\">GENERACI\u00d3N DE OCUPACI\u00d3N ESTABLE<\/span><\/h5>\n<p>[\/vc_column_text][vc_empty_space height=\u00bb16px\u00bb][vc_separator type=\u00bbsmall\u00bb position=\u00bbcenter\u00bb color=\u00bb#afafaf\u00bb][vc_column_text]<\/p>\n<p style=\"text-align: center;\">Una gran parte de los trabajadores de las cooperativas son socios y, por lo tanto, son propietarios de su empresa. De este modo, su puesto de trabajo disfruta de un mayor grado de estabilidad al que se puede aspirar.<\/p>\n<p>[\/vc_column_text][vc_separator type=\u00bbsmall\u00bb position=\u00bbcenter\u00bb color=\u00bb#afafaf\u00bb][vc_empty_space][vc_column_text]<\/p>\n<p style=\"text-align: center;\"><span style=\"color: #ee3343;\">\u2022\u2022\u2022<\/span> <a href=\"http:\/\/concoval.es\/las-cooperativas\/\">PRINCIPIOS DEL COOPERATIVISMO <\/a><span style=\"color: #ee3343;\">\u2022\u2022\u2022<\/span><\/p>\n<p>[\/vc_column_text][vc_empty_space height=\u00bb16px\u00bb][vc_single_image image=\u00bb15755&#8243; img_size=\u00bbfull\u00bb alignment=\u00bbcenter\u00bb qode_css_animation=\u00bb\u00bb][\/vc_column][vc_column width=\u00bb1\/3&#8243;]<span data-type=\"circle\"   class=\"qode_icon_shortcode fa-stack q_font_awsome_icon_stack fa-lg  \" style=\"font-size: 32px;font-size: 52px; \"><i class=\"fa fa-circle fa-stack-base fa-stack-2x\" style=\"color: #f6f6f6;\"><\/i><i class=\"qode_icon_font_awesome fa fa-users qode_icon_element fa-stack-1x\" style=\"font-size: 32px;color: #ef3343;\" ><\/i><\/span>[vc_empty_space height=\u00bb16px\u00bb][vc_column_text]<\/p>\n<h5 style=\"text-align: center;\"><span style=\"color: #999999;\">RESPONSABILIDAD SOCIAL<\/span><\/h5>\n<p>[\/vc_column_text][vc_empty_space height=\u00bb16px\u00bb][vc_separator type=\u00bbsmall\u00bb position=\u00bbcenter\u00bb color=\u00bb#afafaf\u00bb][vc_column_text]<\/p>\n<p style=\"text-align: center;\">La cooperativa, por su definici\u00f3n ideol\u00f3gica, asume valores y principios que penetran su actividad econ\u00f3mica y transmiten su acci\u00f3n al entorno, donde se destinan recursos econ\u00f3micos para llevar a cabo una mejora social y cultural.<\/p>\n<p>[\/vc_column_text][vc_separator type=\u00bbsmall\u00bb position=\u00bbcenter\u00bb color=\u00bb#afafaf\u00bb][\/vc_column][\/vc_row][vc_row css_animation=\u00bb\u00bb row_type=\u00bbrow\u00bb use_row_as_full_screen_section=\u00bbno\u00bb type=\u00bbfull_width\u00bb angled_section=\u00bbno\u00bb text_align=\u00bbleft\u00bb background_image_as_pattern=\u00bbwithout_pattern\u00bb css=\u00bb.vc_custom_1461501318545{background-color: #ffffff !important;}\u00bb][vc_column][vc_empty_space height=\u00bb64px\u00bb][vc_text_separator title=\u00bbSocias\u00bb border=\u00bbno\u00bb background_color=\u00bb#ef3343&#8243;][vc_empty_space height=\u00bb16px\u00bb][\/vc_column][\/vc_row][vc_row css_animation=\u00bb\u00bb row_type=\u00bbrow\u00bb use_row_as_full_screen_section=\u00bbno\u00bb type=\u00bbfull_width\u00bb angled_section=\u00bbno\u00bb text_align=\u00bbleft\u00bb background_image_as_pattern=\u00bbwithout_pattern\u00bb css=\u00bb.vc_custom_1461501344658{background-color: #ffffff !important;}\u00bb][vc_column]<div class='qode_carousels_holder clearfix'><div class='qode_carousels' data-number-of-visible-items=''><ul class='slides'><li class='item'><div class=\"carousel_item_holder\"><a itemprop='url' href='http:\/\/www.cooperativesagroalimentariescv.com\/' target='_blank'><span class='first_image_holder has_hover_image'><img itemprop=\"image\" src=\"http:\/\/concoval.es\/wp-content\/uploads\/2016\/03\/11.jpg\" alt=\"carousel image\" \/><\/span><span class='second_image_holder has_hover_image'><img itemprop=\"image\" src=\"http:\/\/concoval.es\/wp-content\/uploads\/2016\/03\/1.jpg\" alt=\"carousel image\" \/><\/span><\/a><\/div><\/li><li class='item'><div class=\"carousel_item_holder\"><a itemprop='url' href='https:\/\/www.fevecta.coop\/' target='_blank'><span class='first_image_holder has_hover_image'><img itemprop=\"image\" src=\"https:\/\/concoval.es\/wp-content\/uploads\/2024\/06\/6.jpg\" alt=\"carousel image\" \/><\/span><span class='second_image_holder has_hover_image'><img itemprop=\"image\" src=\"http:\/\/concoval.es\/wp-content\/uploads\/2016\/03\/6.jpg\" alt=\"carousel image\" \/><\/span><\/a><\/div><\/li><li class='item'><div class=\"carousel_item_holder\"><a itemprop='url' href='https:\/\/cooperativesdeconsumcv.wordpress.com\/' target='_blank'><span class='first_image_holder has_hover_image'><img itemprop=\"image\" src=\"http:\/\/concoval.es\/wp-content\/uploads\/2016\/03\/50.jpg\" alt=\"carousel image\" \/><\/span><span class='second_image_holder has_hover_image'><img itemprop=\"image\" src=\"http:\/\/concoval.es\/wp-content\/uploads\/2016\/03\/5.jpg\" alt=\"carousel image\" \/><\/span><\/a><\/div><\/li><li class='item'><div class=\"carousel_item_holder\"><a itemprop='url' href='https:\/\/fecovi.es\/' target='_blank'><span class='first_image_holder has_hover_image'><img itemprop=\"image\" src=\"http:\/\/concoval.es\/wp-content\/uploads\/2016\/03\/40.jpg\" alt=\"carousel image\" \/><\/span><span class='second_image_holder has_hover_image'><img itemprop=\"image\" src=\"http:\/\/concoval.es\/wp-content\/uploads\/2016\/03\/4.jpg\" alt=\"carousel image\" \/><\/span><\/a><\/div><\/li><li class='item'><div class=\"carousel_item_holder\"><a itemprop='url' href='http:\/\/www.fecotrans.org\/' target='_blank'><span class='first_image_holder has_hover_image'><img itemprop=\"image\" src=\"http:\/\/concoval.es\/wp-content\/uploads\/2016\/03\/30.jpg\" alt=\"carousel image\" \/><\/span><span class='second_image_holder has_hover_image'><img itemprop=\"image\" src=\"http:\/\/concoval.es\/wp-content\/uploads\/2016\/03\/3.jpg\" alt=\"carousel image\" \/><\/span><\/a><\/div><\/li><li class='item'><div class=\"carousel_item_holder\"><a itemprop='url' href='http:\/\/www.coopelectricas.com\/' target='_blank'><span class='first_image_holder has_hover_image'><img itemprop=\"image\" src=\"http:\/\/concoval.es\/wp-content\/uploads\/2016\/03\/20.jpg\" alt=\"carousel image\" \/><\/span><span class='second_image_holder has_hover_image'><img itemprop=\"image\" src=\"http:\/\/concoval.es\/wp-content\/uploads\/2016\/03\/2.jpg\" alt=\"carousel image\" \/><\/span><\/a><\/div><\/li><li class='item'><div class=\"carousel_item_holder\"><a itemprop='url' href='http:\/\/www.avcc.es\/' target='_blank'><span class='first_image_holder has_hover_image'><img itemprop=\"image\" src=\"https:\/\/concoval.es\/wp-content\/uploads\/2019\/02\/LOGO-AVCC-concoval-2.png\" alt=\"carousel image\" \/><\/span><span class='second_image_holder has_hover_image'><img itemprop=\"image\" src=\"https:\/\/concoval.es\/wp-content\/uploads\/2019\/02\/LOGO-AVCC-concoval-1.png\" alt=\"carousel image\" \/><\/span><\/a><\/div><\/li><li class='item'><div class=\"carousel_item_holder\"><a itemprop='url' href='https:\/\/www.ucev.coop\/ ' target='_self'><span class='first_image_holder has_hover_image'><img itemprop=\"image\" src=\"https:\/\/concoval.es\/wp-content\/uploads\/2024\/06\/Untitled-design-4-removebg-preview1.png\" alt=\"carousel image\" \/><\/span><span class='second_image_holder has_hover_image'><img itemprop=\"image\" src=\"https:\/\/concoval.es\/wp-content\/uploads\/2024\/06\/Untitled-design-4.png\" alt=\"carousel image\" \/><\/span><\/a><\/div><\/li><\/ul><\/div><\/div>[\/vc_column][\/vc_row][vc_row css_animation=\u00bb\u00bb row_type=\u00bbrow\u00bb use_row_as_full_screen_section=\u00bbno\u00bb type=\u00bbfull_width\u00bb angled_section=\u00bbno\u00bb text_align=\u00bbleft\u00bb background_image_as_pattern=\u00bbwithout_pattern\u00bb css=\u00bb.vc_custom_1461501381997{background-color: #ffffff !important;}\u00bb][vc_column][vc_empty_space height=\u00bb16px\u00bb][vc_separator type=\u00bbnormal\u00bb][vc_empty_space height=\u00bb16px\u00bb][\/vc_column][\/vc_row]<\/p>\n","protected":false},"excerpt":{"rendered":"<p>[vc_row css_animation=\u00bb\u00bb row_type=\u00bbrow\u00bb use_row_as_full_screen_section=\u00bbno\u00bb type=\u00bbfull_width\u00bb angled_section=\u00bbno\u00bb text_align=\u00bbleft\u00bb background_image_as_pattern=\u00bbwithout_pattern\u00bb css=\u00bb.vc_custom_1461501066348{background-color: #ffffff !important;}\u00bb][vc_column][vc_separator type=\u00bbnormal\u00bb][vc_empty_space height=\u00bb16px\u00bb][\/vc_column][\/vc_row][vc_row css_animation=\u00bb\u00bb row_type=\u00bbrow\u00bb use_row_as_full_screen_section=\u00bbno\u00bb type=\u00bbfull_width\u00bb angled_section=\u00bbno\u00bb text_align=\u00bbleft\u00bb background_image_as_pattern=\u00bbwithout_pattern\u00bb css=\u00bb.vc_custom_1461501107717{background-color: #ffffff !important;}\u00bb][vc_column width=\u00bb1\/5&#8243; css=\u00bb.vc_custom_1593161219907{margin-top: 20px !important;}\u00bb][vc_single_image image=\u00bb34962&#8243; img_size=\u00bb275&#215;207&#8243; alignment=\u00bbcenter\u00bb onclick=\u00bbcustom_link\u00bb img_link_target=\u00bb_blank\u00bb qode_css_animation=\u00bb\u00bb link=\u00bbhttps:\/\/concoval.es\/es\/activitats-de-confederacio-de-cooperatives-c-v\/espanol-xv-premios-pepe-miquel-del-cooperativismo-valenciano\/\u00bb][\/vc_column][vc_column width=\u00bb1\/5&#8243; css=\u00bb.vc_custom_1517406059648{margin-top: 20px !important;}\u00bb][vc_single_image image=\u00bb34757&#8243; img_size=\u00bb275&#215;207&#8243; alignment=\u00bbcenter\u00bb onclick=\u00bbcustom_link\u00bb img_link_target=\u00bb_blank\u00bb qode_css_animation=\u00bb\u00bb link=\u00bbhttps:\/\/concoval.es\/wp-content\/uploads\/2025\/09\/Fent-Cooperatives-2025-2026-CAST.pdf\u00bb][\/vc_column][vc_column&#8230;<\/p>\n","protected":false},"author":2,"featured_media":0,"parent":0,"menu_order":0,"comment_status":"closed","ping_status":"closed","template":"full_width.php","meta":{"footnotes":""},"_links":{"self":[{"href":"https:\/\/concoval.es\/es\/wp-json\/wp\/v2\/pages\/15261"}],"collection":[{"href":"https:\/\/concoval.es\/es\/wp-json\/wp\/v2\/pages"}],"about":[{"href":"https:\/\/concoval.es\/es\/wp-json\/wp\/v2\/types\/page"}],"author":[{"embeddable":true,"href":"https:\/\/concoval.es\/es\/wp-json\/wp\/v2\/users\/2"}],"replies":[{"embeddable":true,"href":"https:\/\/concoval.es\/es\/wp-json\/wp\/v2\/comments?post=15261"}],"version-history":[{"count":165,"href":"https:\/\/concoval.es\/es\/wp-json\/wp\/v2\/pages\/15261\/revisions"}],"predecessor-version":[{"id":34965,"href":"https:\/\/concoval.es\/es\/wp-json\/wp\/v2\/pages\/15261\/revisions\/34965"}],"wp:attachment":[{"href":"https:\/\/concoval.es\/es\/wp-json\/wp\/v2\/media?parent=15261"}],"curies":[{"name":"wp","href":"https:\/\/api.w.org\/{rel}","templated":true}]}}