{"id":15378,"date":"2016-01-26T12:19:49","date_gmt":"2016-01-26T12:19:49","guid":{"rendered":"http:\/\/concoval.es\/?page_id=15378"},"modified":"2024-02-01T10:42:29","modified_gmt":"2024-02-01T09:42:29","slug":"tramites","status":"publish","type":"page","link":"https:\/\/concoval.es\/es\/tramites\/","title":{"rendered":"TR\u00c1MITES REGISTRALES"},"content":{"rendered":"<p>[vc_row css_animation=\u00bb\u00bb row_type=\u00bbrow\u00bb use_row_as_full_screen_section=\u00bbno\u00bb type=\u00bbfull_width\u00bb angled_section=\u00bbno\u00bb text_align=\u00bbleft\u00bb background_image_as_pattern=\u00bbwithout_pattern\u00bb][vc_column][vc_column_text][\/vc_column_text][vc_column_text]<strong>Ponemos a disposici\u00f3n de las cooperativas valencianas formularios estandarizados que han sido validados por el Registro de Cooperativas.<\/strong><\/p>\n<p>&nbsp;<\/p>\n<p>Concoval, en colaboraci\u00f3n con el Registro de Cooperativas de la Comunitat Valenciana, ha elaborado modelos de certificaci\u00f3n para los tr\u00e1mites m\u00e1s habituales en la pr\u00e1ctica registral de las cooperativas.<\/p>\n<p>&nbsp;<\/p>\n<p>El objetivo de estos modelos es agilizar y simplificar los tr\u00e1mites registrales para las personas y entidades usuarias del Registro. No obstante, <u>su utilizaci\u00f3n no es obligatoria<\/u>, pudi\u00e9ndose emplear cualquier otro texto alternativo que cumpla con los requisitos legales establecidos.<\/p>\n<p>&nbsp;<\/p>\n<p>Se trata de formularios con el contenido m\u00ednimo imprescindible para cada tr\u00e1mite que sirven para la mayor\u00eda de los supuestos, si bien puede haber casos en los que concurran circunstancias particulares que exijan o recomienden un contenido distinto o ampliado.<\/p>\n<p>&nbsp;<\/p>\n<p>Cada uno de los modelos, a los que se accede a trav\u00e9s de los siguientes enlaces, est\u00e1 disponible en dos formatos para su descarga:<\/p>\n<ul>\n<li>Rellenable. Es un documento pdf con espacios para cumplimentar.<\/li>\n<\/ul>\n<ul>\n<li>Editable. Es un documento que permite su completa edici\u00f3n, para a\u00f1adir o modificar lo que la persona usuaria considere oportuno.<\/li>\n<\/ul>\n<p>[\/vc_column_text][vc_empty_space][vc_tabs style=\u00bbvertical_left\u00bb][vc_tab title=\u00bbAprobaci\u00f3n de cuentas anuales\u00bb tab_id=\u00bb16877ba3-e50c-2&#8243;][vc_column_text]<\/p>\n<ul>\n<li>Certificado aprobaci\u00f3n de cuentas sin auditor\u00eda (<a href=\"https:\/\/concoval.es\/wp-content\/uploads\/2024\/01\/7.1-Certificado-aprobacion-de-cuentas-sin-auditoria.pdf\">Formulario rellenable<\/a> &#8211; <a href=\"https:\/\/concoval.es\/wp-content\/uploads\/2024\/01\/7.1-Certificado-aprobacion-de-cuentas-sin-auditoria-1.docx\">Formulario editable<\/a>)<\/li>\n<li>Certificado aprobaci\u00f3n de cuentas con auditor\u00eda (<a href=\"https:\/\/concoval.es\/wp-content\/uploads\/2024\/01\/7.2-Certificado-aprobacion-de-cuentas-con-auditoria.pdf\">Formulario rellenable<\/a> &#8211; <a href=\"https:\/\/concoval.es\/wp-content\/uploads\/2024\/01\/7.2-Certificado-aprobacion-de-cuentas-con-auditoria.docx\">Formulario editable<\/a>)<\/li>\n<li>Certificado aprobaci\u00f3n de cuentas universal con auditor\u00eda (<a href=\"https:\/\/concoval.es\/wp-content\/uploads\/2024\/01\/7.3-Certificado-aprobacion-de-cuentas-universal-con-auditoria.pdf\">Formulario rellenable<\/a> &#8211; <a href=\"https:\/\/concoval.es\/wp-content\/uploads\/2024\/01\/7.3-Certificado-aprobacion-de-cuentas-universal-con-auditoria.docx\">Formulario editable<\/a>)<\/li>\n<li>Certificado aprobaci\u00f3n de cuentas universal sin auditor\u00eda (<a href=\"https:\/\/concoval.es\/wp-content\/uploads\/2024\/01\/7.4-Certificado-aprobacion-de-cuentas-universal-sin-auditoria.pdf\">Formulario rellenable<\/a> &#8211; <a href=\"https:\/\/concoval.es\/wp-content\/uploads\/2024\/01\/7.4-Certificado-aprobacion-de-cuentas-universal-sin-auditoria.docx\">Formulario editable<\/a>)<\/li>\n<\/ul>\n<p>[\/vc_column_text][vc_column_text][\/vc_column_text][vc_column_text][\/vc_column_text][\/vc_tab][vc_tab title=\u00bbModificaci\u00f3n de estatutos sociales\u00bb tab_id=\u00bb1705586691231-4-2&#8243;][vc_column_text]<\/p>\n<ul>\n<li>Modificaci\u00f3n estatutos sociales por asamblea general (<a href=\"https:\/\/concoval.es\/wp-content\/uploads\/2024\/01\/4.-Modificacion-estatutos-sociales-por-asamblea-general.pdf\">Formulario rellenable<\/a> &#8211; <a href=\"https:\/\/concoval.es\/wp-content\/uploads\/2024\/01\/4.-Modificacion-estatutos-sociales-por-asamblea-general.docx\">Formulario descargable<\/a>)<\/li>\n<\/ul>\n<p>[\/vc_column_text][\/vc_tab][vc_tab title=\u00bbElecci\u00f3n y distribuci\u00f3n de cargos del consejo rector\u00bb tab_id=\u00bb1705585950005-1-3&#8243;][vc_column_text]<\/p>\n<ul>\n<li class=\"entry-title\" style=\"text-align: left;\">Elecci\u00f3n y distribuci\u00f3n de cargos del consejo rector por la asamblea general (renovaci\u00f3n total) (<a href=\"https:\/\/concoval.es\/wp-content\/uploads\/2024\/01\/1.1.1-Eleccion-y-distribucion-de-cargos-del-CR-por-la-AG-renovacion-total.pdf\">Formulario rellenable<\/a> &#8211; <a href=\"https:\/\/concoval.es\/wp-content\/uploads\/2024\/01\/1.1.1-Eleccion-y-distribucion-de-cargos-del-CR-por-la-AG-renovacion-total-1.docx\">Formulario editable<\/a>)<\/li>\n<li>Elecci\u00f3n del consejo rector por asamblea general y distribuci\u00f3n por consejo rector (renovaci\u00f3n total) (<a href=\"https:\/\/concoval.es\/wp-content\/uploads\/2024\/01\/1.1.2-Eleccion-del-CR-por-AG-y-distribucion-por-CR-renovacion-total-2.pdf\">Formulario rellenable<\/a> &#8211; <a href=\"https:\/\/concoval.es\/wp-content\/uploads\/2024\/01\/1.1.2-Eleccion-del-CR-por-AG-y-distribucion-por-CR-renovacion-total.docx\">Formulario editable<\/a>)<\/li>\n<li>Elecci\u00f3n y distribuci\u00f3n del consejo rector por asamblea general (renovaci\u00f3n parcial) (<a href=\"https:\/\/concoval.es\/wp-content\/uploads\/2024\/01\/1.2.1-Eleccion-y-distribucion-del-CR-por-AG-renovacion-parcial-1.pdf\">Formulario rellenable<\/a> &#8211; <a href=\"https:\/\/concoval.es\/wp-content\/uploads\/2024\/01\/1.2.1-Eleccion-y-distribucion-del-CR-por-AG-renovacion-parcial-1.docx\">Formulario editable<\/a>)<\/li>\n<li>Elecci\u00f3n del consejo rector por asamblea general y distribuci\u00f3n por consejo rector (renovaci\u00f3n parcial) (<a href=\"https:\/\/concoval.es\/wp-content\/uploads\/2024\/01\/1.2.2-Eleccion-del-CR-por-AG-y-distribucion-por-CR-renovacion-parcial.pdf\">Formulario rellenable<\/a> &#8211; <a href=\"https:\/\/concoval.es\/wp-content\/uploads\/2024\/01\/1.2.2-Eleccion-del-CR-por-AG-y-distribucion-por-CR-renovacion-parcial.docx\">Formulario editable<\/a>)<\/li>\n<\/ul>\n<p>[\/vc_column_text][vc_column_text]<\/p>\n<p>[\/vc_column_text][vc_column_text][\/vc_column_text][vc_column_text][\/vc_column_text][vc_column_text][\/vc_column_text][vc_column_text][\/vc_column_text][\/vc_tab][vc_tab title=\u00bbRenuncia o fallecimiento de persona consejera\u00bb tab_id=\u00bb1705586723904-5-2&#8243;][vc_column_text]<\/p>\n<ul>\n<li>Renuncia persona consejera &#8211; con suplentes (<a href=\"https:\/\/concoval.es\/wp-content\/uploads\/2024\/01\/6.1.-Renuncia-persona-consejera-con-suplentes.pdf\">Formulario rellenable<\/a> &#8211; <a href=\"https:\/\/concoval.es\/wp-content\/uploads\/2024\/01\/6.1.-Renuncia-persona-consejera-con-suplentes.docx\">Formulario editable<\/a>)<\/li>\n<li>Renuncia persona consejera &#8211; sin suplentes (<a href=\"https:\/\/concoval.es\/wp-content\/uploads\/2024\/01\/6.2.-Renuncia-persona-consejera-sin-suplentes.pdf\">Formulario rellenable<\/a> &#8211; <a href=\"https:\/\/concoval.es\/wp-content\/uploads\/2024\/01\/6.2.-Renuncia-persona-consejera-sin-suplentes.docx\">Formulario editable<\/a>)<\/li>\n<li>Fallecimiento persona consejera con suplentes &#8211; certificado del consejo (<a href=\"https:\/\/concoval.es\/wp-content\/uploads\/2024\/01\/5.1.-Fallecimiento-persona-consejera-con-suplentes-certificado-del-consejo.pdf\">Formulario rellenable<\/a> &#8211; <a href=\"https:\/\/concoval.es\/wp-content\/uploads\/2024\/01\/5.1.-Fallecimiento-persona-consejera-con-suplentes-certificado-del-consejo.docx\">Formulario editable<\/a>)<\/li>\n<li>Fallecimiento persona consejera sin suplentes &#8211; certificado del consejo (<a href=\"https:\/\/concoval.es\/wp-content\/uploads\/2024\/01\/5.2.-Fallecimiento-persona-consejera-sin-suplentes-certificado-del-consejo.pdf\">Formulario rellenable<\/a> &#8211; <a href=\"https:\/\/concoval.es\/wp-content\/uploads\/2024\/01\/5.2.-Fallecimiento-persona-consejera-sin-suplentes-certificado-del-consejo.docx\">Formulario editable<\/a>)<\/li>\n<\/ul>\n<p>[\/vc_column_text][\/vc_tab][vc_tab title=\u00bbNombramiento de auditor\u00eda de cuentas\u00bb tab_id=\u00bb1705586637050-2-10&#8243;][vc_column_text]<\/p>\n<ul>\n<li>Nombramiento de auditores por asamblea general (<a href=\"https:\/\/concoval.es\/wp-content\/uploads\/2024\/01\/2.-Nombramiento-de-auditores-por-asamblea-general.pdf\">Formulario rellenable<\/a> &#8211; <a href=\"https:\/\/concoval.es\/wp-content\/uploads\/2024\/01\/2.-Nombramiento-de-auditores-por-asamblea-general.docx\">Formulario editable<\/a>)<\/li>\n<\/ul>\n<p>[\/vc_column_text][\/vc_tab][vc_tab title=\u00bbNombramiento de direcci\u00f3n\u00bb tab_id=\u00bb1705586665307-3-8&#8243;][vc_column_text]<\/p>\n<ul>\n<li>Nombramiento de direcci\u00f3n por consejo rector (<a href=\"https:\/\/concoval.es\/wp-content\/uploads\/2024\/01\/3.-Nombramiento-de-direccion-por-consejo-rector.pdf\">Formulario rellenable<\/a> &#8211; <a href=\"https:\/\/concoval.es\/wp-content\/uploads\/2024\/01\/3.-Nombramiento-de-direccion-por-consejo-rector.docx\">Formulario editable<\/a>)<\/li>\n<\/ul>\n<p>[\/vc_column_text][\/vc_tab][vc_tab title=\u00bbDisoluci\u00f3n y liquidaci\u00f3n\u00bb tab_id=\u00bb1705586778862-7-8&#8243;][vc_column_text]<\/p>\n<ul>\n<li>Acuerdo de disoluci\u00f3n y nombramiento de liquidadores por asamblea general (<a href=\"https:\/\/concoval.es\/wp-content\/uploads\/2024\/01\/9.-Acuerdo-de-disolucion-y-nombramiento-de-liquidadores-por-asamblea-general.pdf\">Formulario rellenable<\/a> &#8211; <a href=\"https:\/\/concoval.es\/wp-content\/uploads\/2024\/01\/9.-Acuerdo-de-disolucion-y-nombramiento-de-liquidadores-por-asamblea-general.docx\">Formulario editable<\/a>)<\/li>\n<li>Acuerdo de liquidaci\u00f3n por la asamblea general (<a href=\"https:\/\/concoval.es\/wp-content\/uploads\/2024\/01\/10.-Acuerdo-de-liquidacion-por-la-asamblea-general.pdf\">Formulario rellenable<\/a> &#8211; <a href=\"https:\/\/concoval.es\/wp-content\/uploads\/2024\/01\/10.-Acuerdo-de-liquidacion-por-la-asamblea-general.docx\">Formulario editable<\/a>)<\/li>\n<\/ul>\n<p>[\/vc_column_text][\/vc_tab][vc_tab title=\u00bbAdopci\u00f3n de otros acuerdos por la asamblea general\u00bb tab_id=\u00bb1705586752460-6-10&#8243;][vc_column_text]<\/p>\n<ul>\n<li>Adopci\u00f3n de otros acuerdos por asamblea general (<a href=\"https:\/\/concoval.es\/wp-content\/uploads\/2024\/01\/8.1-Adopcion-de-otros-acuerdos-por-asamblea-general.pdf\">Formulario rellenable<\/a> &#8211; <a href=\"https:\/\/concoval.es\/wp-content\/uploads\/2024\/01\/8.1-Adopcion-de-otros-acuerdos-por-asamblea-general.docx\">Formulario editable<\/a>)<\/li>\n<li>Adopci\u00f3n de otros acuerdos por asamblea universal (<a href=\"https:\/\/concoval.es\/wp-content\/uploads\/2024\/01\/8.2.-Adopcion-de-otros-acuerdos-por-asamblea-universal.pdf\">Formulario rellenable<\/a> &#8211; <a href=\"https:\/\/concoval.es\/wp-content\/uploads\/2024\/01\/8.2.-Adopcion-de-otros-acuerdos-por-asamblea-universal.docx\">Formulario editable<\/a>)<\/li>\n<\/ul>\n<p>[\/vc_column_text][\/vc_tab][vc_tab title=\u00bbAdministrador \u00fanico, mancomunado o solidario\u00bb tab_id=\u00bb1706687908009-8-4&#8243;][vc_column_text]En las cooperativas con un n\u00famero de personas socias no superior a diez, podr\u00e1 confiarse la representaci\u00f3n, gobierno y gesti\u00f3n de la cooperativa a un administrador o administradora \u00fanica o dos administradores o administradoras, que actuar\u00e1n solidaria o mancomunadamente, cuyo r\u00e9gimen ser\u00e1 el del consejo rector salvo lo especialmente previsto en la ley.<\/p>\n<p>&nbsp;<\/p>\n<ul>\n<li>Certificado renovaci\u00f3n de administrador (<a href=\"https:\/\/concoval.es\/wp-content\/uploads\/2024\/01\/11.-Renovacion-administradores.pdf\">Formulario rellenable<\/a> &#8211; <a href=\"https:\/\/concoval.es\/wp-content\/uploads\/2024\/01\/11.-Renovacion-administradores.docx\">Formulario editable<\/a>)<\/li>\n<li>Certificado fallecimiento de administrador\u00a0(<a href=\"https:\/\/concoval.es\/wp-content\/uploads\/2024\/01\/12.-Fallecimiento-administrador.pdf\">Formulario rellenable<\/a> &#8211; <a href=\"https:\/\/concoval.es\/wp-content\/uploads\/2024\/01\/12.-Fallecimiento-administrador.docx\">Formulario editable<\/a>)<\/li>\n<li>Certificado renuncia de administrador (<a href=\"https:\/\/concoval.es\/wp-content\/uploads\/2024\/02\/13.-Renuncia-administrador.pdf\">Formulario rellenable<\/a> &#8211; <a href=\"https:\/\/concoval.es\/wp-content\/uploads\/2024\/02\/13.-Renuncia-administrador.docx\">Formulario editable<\/a>)<\/li>\n<\/ul>\n<p>[\/vc_column_text][\/vc_tab][\/vc_tabs][\/vc_column][\/vc_row][vc_row css_animation=\u00bb\u00bb row_type=\u00bbrow\u00bb use_row_as_full_screen_section=\u00bbno\u00bb type=\u00bbfull_width\u00bb angled_section=\u00bbno\u00bb text_align=\u00bbleft\u00bb background_image_as_pattern=\u00bbwithout_pattern\u00bb][vc_column][vc_empty_space][\/vc_column][\/vc_row][vc_row css_animation=\u00bb\u00bb row_type=\u00bbrow\u00bb use_row_as_full_screen_section=\u00bbno\u00bb type=\u00bbfull_width\u00bb angled_section=\u00bbno\u00bb text_align=\u00bbleft\u00bb background_image_as_pattern=\u00bbwithout_pattern\u00bb][vc_column][\/vc_column][\/vc_row]<\/p>\n","protected":false},"excerpt":{"rendered":"<p>[vc_row css_animation=\u00bb\u00bb row_type=\u00bbrow\u00bb use_row_as_full_screen_section=\u00bbno\u00bb type=\u00bbfull_width\u00bb angled_section=\u00bbno\u00bb text_align=\u00bbleft\u00bb background_image_as_pattern=\u00bbwithout_pattern\u00bb][vc_column][vc_column_text][\/vc_column_text][vc_column_text]Ponemos a disposici\u00f3n de las cooperativas valencianas formularios estandarizados que han sido validados por el Registro de Cooperativas. &nbsp; Concoval, en colaboraci\u00f3n con el Registro de Cooperativas de la Comunitat Valenciana, ha elaborado modelos de certificaci\u00f3n para los&#8230;<\/p>\n","protected":false},"author":1,"featured_media":0,"parent":0,"menu_order":0,"comment_status":"closed","ping_status":"closed","template":"","meta":{"footnotes":""},"_links":{"self":[{"href":"https:\/\/concoval.es\/es\/wp-json\/wp\/v2\/pages\/15378"}],"collection":[{"href":"https:\/\/concoval.es\/es\/wp-json\/wp\/v2\/pages"}],"about":[{"href":"https:\/\/concoval.es\/es\/wp-json\/wp\/v2\/types\/page"}],"author":[{"embeddable":true,"href":"https:\/\/concoval.es\/es\/wp-json\/wp\/v2\/users\/1"}],"replies":[{"embeddable":true,"href":"https:\/\/concoval.es\/es\/wp-json\/wp\/v2\/comments?post=15378"}],"version-history":[{"count":81,"href":"https:\/\/concoval.es\/es\/wp-json\/wp\/v2\/pages\/15378\/revisions"}],"predecessor-version":[{"id":32743,"href":"https:\/\/concoval.es\/es\/wp-json\/wp\/v2\/pages\/15378\/revisions\/32743"}],"wp:attachment":[{"href":"https:\/\/concoval.es\/es\/wp-json\/wp\/v2\/media?parent=15378"}],"curies":[{"name":"wp","href":"https:\/\/api.w.org\/{rel}","templated":true}]}}