{"id":15426,"date":"2016-02-01T15:01:29","date_gmt":"2016-02-01T15:01:29","guid":{"rendered":"http:\/\/concoval.es\/?page_id=15426"},"modified":"2017-11-15T11:59:55","modified_gmt":"2017-11-15T11:59:55","slug":"premis-pepe-miquel","status":"publish","type":"page","link":"https:\/\/concoval.es\/es\/premis-pepe-miquel\/","title":{"rendered":"Premios Pepe Miquel"},"content":{"rendered":"<p>[vc_row css_animation=\u00bb\u00bb row_type=\u00bbrow\u00bb use_row_as_full_screen_section=\u00bbno\u00bb type=\u00bbfull_width\u00bb angled_section=\u00bbno\u00bb text_align=\u00bbleft\u00bb background_image_as_pattern=\u00bbwithout_pattern\u00bb][vc_column][vc_column_text]<\/p>\n<div class=\"wpb_text_column wpb_content_element \">\n<div class=\"wpb_wrapper\">\n<h4 class=\"entry-title\" style=\"text-align: center;\"><strong>PREMIOS PEPE MIQUEL DEL COOPERATIVISMO VALENCIANO<\/strong><\/h4>\n<\/div>\n<\/div>\n<div class=\"vc_empty_space\"><\/div>\n<p>[\/vc_column_text][vc_empty_space][vc_column_text]<\/p>\n<ul>\n<li><a href=\"http:\/\/concoval.es\/wp-content\/uploads\/2016\/02\/BASES-PREMIOS-PEPE-MIQUEL-DEL-COOPERATIVISMO-VALENCIANO.pdf\">BASES PREMIOS PEPE MIQUEL DEL COOPERATIVISMO VALENCIANO<\/a><\/li>\n<\/ul>\n<p>[\/vc_column_text][vc_empty_space][vc_column_text]<\/p>\n<h4 style=\"text-align: center;\">Se convocan los XII Premios Pepe Miquel del cooperativismo valenciano<\/h4>\n<p>[\/vc_column_text][vc_empty_space][vc_column_text]Tras m\u00e1s de una d\u00e9cada entregando los Premios Pepe Miquel del Cooperativismo Valenciano, la Confederaci\u00f3 de Cooperatives de la Comunitat Valenciana ha convocado ya su duod\u00e9cima edici\u00f3n.[\/vc_column_text][vc_empty_space height=\u00bb16px\u00bb][vc_column_text]Estos galardones son el reconocimiento p\u00fablico del conjunto del movimiento cooperativo a quienes, con su trabajo, contribuyen de manera m\u00e1s destacada al avance social y econ\u00f3mico de este modelo empresarial. <strong>Los Premios Pepe Miquel se convocan en dos modalidades: Trayectoria Cooperativa y Comunicaci\u00f3n Responsable<\/strong>. En la primera categor\u00eda se premia a personas, instituciones o colectivos que han destacado por su labor de fomento, impulso y difusi\u00f3n del cooperativismo en la Comunitat Valenciana. En la segunda se reconoce a profesionales, entidades o medios de comunicaci\u00f3n cuya labor contribuye a la divulgaci\u00f3n, difusi\u00f3n y conocimiento, por cualquier medio, de la actividad y los principios del cooperativismo.[\/vc_column_text][vc_empty_space height=\u00bb16px\u00bb][vc_column_text]El jurado de la duod\u00e9cima edici\u00f3n de los premios, cuya presidencia de honor ostenta Ximo Puig, estar\u00e1 compuesto por Adela Cortina, como experta en \u00e9tica empresarial; Jos\u00e9 Luis Monz\u00f3n (Ciriec-Espa\u00f1a) y Elena Meli\u00e1 (Cegea), en representaci\u00f3n de las universidades p\u00fablicas valencianas e instituciones a ellas vinculadas; Eva Blasco (Evap), como experta en materia de igualdad y diversidad; la presidenta de la Uni\u00f3 de Periodistes Valencians, Noa de la Torre; Xavier Ribera, como profesional en ciencias de la informaci\u00f3n y la comunicaci\u00f3n; y Benet Delc\u00e1n, en representaci\u00f3n de los premiados en ediciones anteriores. Este jurado se completa con quienes ocupan la presidencia, las vicepresidencias y la direcci\u00f3n de la Confederaci\u00f3 (Emili Villaescusa, Cirilo Arnandis, Emilio Sampedro y Nardi Alba), y con una persona en representaci\u00f3n del Consell, que ser\u00e1 nombrada por el President de la Generalitat. Adem\u00e1s, participa en la reuni\u00f3n, con voz pero sin voto, el hijo de Pepe Miquel Borr\u00e1s, Jos\u00e9 Miquel Boix.[\/vc_column_text][vc_empty_space height=\u00bb16px\u00bb][vc_column_text]Los Premios Pepe Miquel del Cooperativismo Valenciano est\u00e1n patrocinados por Anecoop, Consum y Cajamar, y cuentan con la colaboraci\u00f3n de la conselleria de Econom\u00eda Sostenible, Sectores Productivos, Comercio y Trabajo; tienen un car\u00e1cter honor\u00edfico y consisten en un diploma y un galard\u00f3n para cada categor\u00eda. Adem\u00e1s, el premio a la trayectoria cooperativa se complementa con una obra de arte y el de comunicaci\u00f3n responsable con una dotaci\u00f3n en met\u00e1lico de dos mil euros.[\/vc_column_text][vc_empty_space height=\u00bb16px\u00bb][vc_column_text]La deliberaci\u00f3n del jurado tendr\u00e1 lugar a mediados del mes de diciembre, y el acto de entrega de galardones est\u00e1 previsto que se celebre a principios de marzo de 2018.<\/p>\n<p>[\/vc_column_text][vc_empty_space height=\u00bb16px\u00bb][vc_column_text]Las candidaturas deben presentarse a la Confederaci\u00f3 <strong><u>antes del d\u00eda 10 de diciembre<\/u><\/strong> (<a href=\"mailto:concoval@concoval.es\">concoval@concoval.es<\/a>).[\/vc_column_text][vc_empty_space height=\u00bb16px\u00bb][vc_empty_space height=\u00bb16px\u00bb][vc_column_text]<\/p>\n<p style=\"text-align: center;\"><strong>IM\u00c1GENES Y V\u00cdDEOS DE LA XI EDICI\u00d3N DE LOS PREMIOS PEPE MIQUEL DEL COOPERATIVISMO VALENCIANO<\/strong><\/p>\n<p>[\/vc_column_text][vc_empty_space][\/vc_column][\/vc_row][vc_row css_animation=\u00bb\u00bb row_type=\u00bbrow\u00bb use_row_as_full_screen_section=\u00bbno\u00bb type=\u00bbfull_width\u00bb angled_section=\u00bbno\u00bb text_align=\u00bbleft\u00bb background_image_as_pattern=\u00bbwithout_pattern\u00bb][vc_column width=\u00bb1\/6&#8243;][vc_column_text]<br \/>\n[\/vc_column_text][\/vc_column][vc_column width=\u00bb2\/3&#8243;][vc_gallery type=\u00bbnivo\u00bb interval=\u00bb3&#8243; images=\u00bb15980,15981,15983,15989&#8243; img_size=\u00bbmedium\u00bb][\/vc_column][vc_column width=\u00bb1\/6&#8243;][vc_column_text]<br \/>\n[\/vc_column_text][\/vc_column][\/vc_row][vc_row css_animation=\u00bb\u00bb row_type=\u00bbrow\u00bb use_row_as_full_screen_section=\u00bbno\u00bb type=\u00bbfull_width\u00bb angled_section=\u00bbno\u00bb text_align=\u00bbleft\u00bb background_image_as_pattern=\u00bbwithout_pattern\u00bb][vc_column][vc_empty_space][vc_row_inner row_type=\u00bbrow\u00bb type=\u00bbfull_width\u00bb text_align=\u00bbleft\u00bb css_animation=\u00bb\u00bb][vc_column_inner width=\u00bb1\/4&#8243;]<br \/>\n[\/vc_column_inner][vc_column_inner width=\u00bb1\/2&#8243;][vc_video link=\u00bbhttps:\/\/youtu.be\/mnoYNIyE6tE\u00bb][\/vc_column_inner][vc_column_inner width=\u00bb1\/4&#8243;]<br \/>\n[\/vc_column_inner][\/vc_row_inner][\/vc_column][\/vc_row][vc_row css_animation=\u00bb\u00bb row_type=\u00bbrow\u00bb use_row_as_full_screen_section=\u00bbno\u00bb type=\u00bbfull_width\u00bb angled_section=\u00bbno\u00bb text_align=\u00bbleft\u00bb background_image_as_pattern=\u00bbwithout_pattern\u00bb][vc_column][vc_empty_space][\/vc_column][\/vc_row][vc_row css_animation=\u00bb\u00bb row_type=\u00bbrow\u00bb use_row_as_full_screen_section=\u00bbno\u00bb type=\u00bbfull_width\u00bb angled_section=\u00bbno\u00bb text_align=\u00bbleft\u00bb background_image_as_pattern=\u00bbwithout_pattern\u00bb][vc_column][vc_empty_space][\/vc_column][\/vc_row]<\/p>\n","protected":false},"excerpt":{"rendered":"<p>[vc_row css_animation=\u00bb\u00bb row_type=\u00bbrow\u00bb use_row_as_full_screen_section=\u00bbno\u00bb type=\u00bbfull_width\u00bb angled_section=\u00bbno\u00bb text_align=\u00bbleft\u00bb background_image_as_pattern=\u00bbwithout_pattern\u00bb][vc_column][vc_column_text] PREMIOS PEPE MIQUEL DEL COOPERATIVISMO VALENCIANO [\/vc_column_text][vc_empty_space][vc_column_text] BASES PREMIOS PEPE MIQUEL DEL COOPERATIVISMO VALENCIANO [\/vc_column_text][vc_empty_space][vc_column_text] Se convocan los XII Premios Pepe Miquel del cooperativismo valenciano [\/vc_column_text][vc_empty_space][vc_column_text]Tras m\u00e1s de una d\u00e9cada entregando los Premios Pepe Miquel del Cooperativismo&#8230;<\/p>\n","protected":false},"author":1,"featured_media":0,"parent":0,"menu_order":0,"comment_status":"closed","ping_status":"closed","template":"","meta":{"footnotes":""},"_links":{"self":[{"href":"https:\/\/concoval.es\/es\/wp-json\/wp\/v2\/pages\/15426"}],"collection":[{"href":"https:\/\/concoval.es\/es\/wp-json\/wp\/v2\/pages"}],"about":[{"href":"https:\/\/concoval.es\/es\/wp-json\/wp\/v2\/types\/page"}],"author":[{"embeddable":true,"href":"https:\/\/concoval.es\/es\/wp-json\/wp\/v2\/users\/1"}],"replies":[{"embeddable":true,"href":"https:\/\/concoval.es\/es\/wp-json\/wp\/v2\/comments?post=15426"}],"version-history":[{"count":0,"href":"https:\/\/concoval.es\/es\/wp-json\/wp\/v2\/pages\/15426\/revisions"}],"wp:attachment":[{"href":"https:\/\/concoval.es\/es\/wp-json\/wp\/v2\/media?parent=15426"}],"curies":[{"name":"wp","href":"https:\/\/api.w.org\/{rel}","templated":true}]}}