{"id":15877,"date":"2016-04-05T17:46:14","date_gmt":"2016-04-05T17:46:14","guid":{"rendered":"http:\/\/concoval.es\/?page_id=15877"},"modified":"2026-04-01T08:46:49","modified_gmt":"2026-04-01T06:46:49","slug":"publicaciones","status":"publish","type":"page","link":"https:\/\/concoval.es\/es\/publicaciones\/","title":{"rendered":"PUBLICACIONES"},"content":{"rendered":"<p>[vc_row css_animation=\u00bb\u00bb row_type=\u00bbrow\u00bb use_row_as_full_screen_section=\u00bbno\u00bb type=\u00bbfull_width\u00bb angled_section=\u00bbno\u00bb text_align=\u00bbleft\u00bb background_image_as_pattern=\u00bbwithout_pattern\u00bb][vc_column width=\u00bb1\/4&#8243;][vc_single_image image=\u00bb34761&#8243; img_size=\u00bbfull\u00bb alignment=\u00bbcenter\u00bb qode_css_animation=\u00bb\u00bb][vc_empty_space][\/vc_column][vc_column width=\u00bb1\/4&#8243;][vc_column_text]Fent Cooperatives 2025-2026<\/p>\n<p>III Plan de Apoyo y Fomento del Cooperativismo de la Comunitat Valenciana[\/vc_column_text]<span data-type=\"normal\"  class=\"qode_icon_shortcode  q_font_awsome_icon fa-lg  \" style=\" \"><a  itemprop=\"url\" href=\"https:\/\/concoval.es\/wp-content\/uploads\/2025\/09\/Fent-Cooperatives-2025-2026-CAST.pdf\" target=\"_self\"><i class=\"qode_icon_font_awesome fa fa-file-pdf-o qode_icon_element\" style=\"\" ><\/i><\/a><\/span>[\/vc_column][vc_column width=\u00bb1\/4&#8243;][\/vc_column][vc_column width=\u00bb1\/4&#8243;][\/vc_column][\/vc_row][vc_row css_animation=\u00bb\u00bb row_type=\u00bbrow\u00bb use_row_as_full_screen_section=\u00bbno\u00bb type=\u00bbfull_width\u00bb angled_section=\u00bbno\u00bb text_align=\u00bbleft\u00bb background_image_as_pattern=\u00bbwithout_pattern\u00bb][vc_column width=\u00bb1\/4&#8243;][vc_single_image image=\u00bb33884&#8243; img_size=\u00bbfull\u00bb alignment=\u00bbcenter\u00bb qode_css_animation=\u00bb\u00bb][vc_empty_space][\/vc_column][vc_column width=\u00bb1\/4&#8243;][vc_column_text]Estudio: Imagen y Notoriedad del Cooperativismo en la Comunitat Valenciana[\/vc_column_text]<span data-type=\"normal\"  class=\"qode_icon_shortcode  q_font_awsome_icon fa-lg  \" style=\" \"><a  itemprop=\"url\" href=\"https:\/\/concoval-my.sharepoint.com\/:b:\/g\/personal\/concoval_concoval_onmicrosoft_com\/EXGVHs35Rv1Brt8LCTkIQPYBEqjihQH0dWZuLkqrRkTG-A?e=6yW1hZ\" target=\"_self\"><i class=\"qode_icon_font_awesome fa fa-file-pdf-o qode_icon_element\" style=\"\" ><\/i><\/a><\/span>[\/vc_column][vc_column width=\u00bb1\/4&#8243;][vc_single_image image=\u00bb33558&#8243; img_size=\u00bbfull\u00bb alignment=\u00bbcenter\u00bb onclick=\u00bbcustom_link\u00bb qode_css_animation=\u00bb\u00bb link=\u00bbhttps:\/\/concoval.es\/wp-content\/uploads\/2024\/07\/Ayudas-al-cooperativismo-2024.pdf\u00bb][vc_empty_space][\/vc_column][vc_column width=\u00bb1\/4&#8243;][vc_column_text]Ayudas al cooperativismo 2024[\/vc_column_text]<span data-type=\"normal\"  class=\"qode_icon_shortcode  q_font_awsome_icon fa-lg  \" style=\" \"><a  itemprop=\"url\" href=\"https:\/\/concoval.es\/wp-content\/uploads\/2024\/07\/Ayudas-al-cooperativismo-2024.pdf\" target=\"_self\"><i class=\"qode_icon_font_awesome fa fa-file-pdf-o qode_icon_element\" style=\"\" ><\/i><\/a><\/span>[\/vc_column][\/vc_row][vc_row css_animation=\u00bb\u00bb row_type=\u00bbrow\u00bb use_row_as_full_screen_section=\u00bbno\u00bb type=\u00bbfull_width\u00bb angled_section=\u00bbno\u00bb text_align=\u00bbleft\u00bb background_image_as_pattern=\u00bbwithout_pattern\u00bb][vc_column width=\u00bb1\/4&#8243;][vc_single_image image=\u00bb31721&#8243; img_size=\u00bbmedium\u00bb alignment=\u00bbcenter\u00bb qode_css_animation=\u00bb\u00bb][vc_empty_space][\/vc_column][vc_column width=\u00bb1\/4&#8243;][vc_column_text]El cooperativismo valenciano ante las elecciones auton\u00f3micas del 28 de mayo<\/p>\n<p>[\/vc_column_text]<span data-type=\"normal\"  class=\"qode_icon_shortcode  q_font_awsome_icon fa-lg  \" style=\" \"><a  itemprop=\"url\" href=\"https:\/\/concoval.es\/wp-content\/uploads\/2023\/05\/El-cooperativismo-valenciano-ante-las-elecciones-autonomicas-2023.pdf\" target=\"_blank\"><i class=\"qode_icon_font_awesome fa fa-file-pdf-o qode_icon_element\" style=\"\" ><\/i><\/a><\/span>[vc_empty_space][\/vc_column][vc_column width=\u00bb1\/4&#8243;][vc_single_image image=\u00bb35226&#8243; img_size=\u00bbfull\u00bb alignment=\u00bbcenter\u00bb qode_css_animation=\u00bb\u00bb][vc_empty_space][\/vc_column][vc_column width=\u00bb1\/4&#8243;][vc_column_text]El cooperativismo de la Comunitat Valenciana en cifras 2025 (marzo 2026)[\/vc_column_text]<span data-type=\"normal\"  class=\"qode_icon_shortcode  q_font_awsome_icon fa-lg  \" style=\" \"><a  itemprop=\"url\" href=\"https:\/\/concoval.es\/wp-content\/uploads\/2026\/04\/El-cooperativismo-de-la-Comunitat-Valenciana-en-cifras-2025-marzo-2026.pdf\" target=\"_self\"><i class=\"qode_icon_font_awesome fa fa-file-pdf-o qode_icon_element\" style=\"\" ><\/i><\/a><\/span>[vc_empty_space][\/vc_column][\/vc_row][vc_row css_animation=\u00bb\u00bb row_type=\u00bbrow\u00bb use_row_as_full_screen_section=\u00bbno\u00bb type=\u00bbfull_width\u00bb angled_section=\u00bbno\u00bb text_align=\u00bbleft\u00bb background_image_as_pattern=\u00bbwithout_pattern\u00bb][vc_column width=\u00bb1\/4&#8243;][vc_single_image image=\u00bb25995&#8243; img_size=\u00bbmedium\u00bb alignment=\u00bbcenter\u00bb onclick=\u00bbcustom_link\u00bb img_link_target=\u00bb_blank\u00bb qode_css_animation=\u00bb\u00bb][vc_empty_space image_repeat=\u00bbno-repeat\u00bb background_image=\u00bb25995&#8243;][\/vc_column][vc_column width=\u00bb1\/4&#8243;][vc_column_text]Fent Cooperatives 2021-2022<\/p>\n<p>Plan de Apoyo y Fomento del Cooperativismo de la Comunitat Valenciana[\/vc_column_text]<span data-type=\"normal\"  class=\"qode_icon_shortcode  q_font_awsome_icon fa-lg  \" style=\" \"><a  itemprop=\"url\" href=\"https:\/\/concoval.es\/wp-content\/uploads\/2022\/11\/Fent-Cooperatives-2021-2022-castellano.pdf\" target=\"_blank\"><i class=\"qode_icon_font_awesome fa fa-file-pdf-o qode_icon_element\" style=\"\" ><\/i><\/a><\/span>[vc_empty_space][\/vc_column][vc_column width=\u00bb1\/4&#8243;][vc_single_image image=\u00bb19894&#8243; img_size=\u00bbmedium\u00bb alignment=\u00bbcenter\u00bb qode_css_animation=\u00bb\u00bb][vc_empty_space][\/vc_column][vc_column width=\u00bb1\/4&#8243;][vc_column_text]Fent Cooperatives 2018-2019<\/p>\n<p>Plan de Apoyo y Fomento del Cooperativismo de la Comunitat Valenciana[\/vc_column_text]<span data-type=\"normal\"  class=\"qode_icon_shortcode  q_font_awsome_icon fa-lg  \" style=\" \"><a  itemprop=\"url\" href=\"https:\/\/concoval.es\/wp-content\/uploads\/2019\/02\/FENT-COOPERATIVES-Primer-plan-bienal-de-apoyo-y-fomento-del-cooperativismo-CV-2018-2019-Definitivo.pdf\" target=\"_blank\"><i class=\"qode_icon_font_awesome fa fa-file-pdf-o qode_icon_element\" style=\"\" ><\/i><\/a><\/span>[vc_empty_space][\/vc_column][\/vc_row][vc_row css_animation=\u00bb\u00bb row_type=\u00bbrow\u00bb use_row_as_full_screen_section=\u00bbno\u00bb type=\u00bbfull_width\u00bb angled_section=\u00bbno\u00bb text_align=\u00bbleft\u00bb background_image_as_pattern=\u00bbwithout_pattern\u00bb][vc_column width=\u00bb1\/4&#8243;][vc_single_image image=\u00bb24605&#8243; img_size=\u00bbmedium\u00bb alignment=\u00bbcenter\u00bb onclick=\u00bbcustom_link\u00bb img_link_target=\u00bb_blank\u00bb qode_css_animation=\u00bb\u00bb][vc_empty_space][\/vc_column][vc_column width=\u00bb1\/4&#8243;][vc_column_text]La empresa m\u00e1s humana<\/p>\n<p>Episodios de historia cooperativa en la C.V. (1975-2005)[\/vc_column_text]<span data-type=\"normal\"  class=\"qode_icon_shortcode  q_font_awsome_icon fa-lg  \" style=\" \"><a  itemprop=\"url\" href=\"https:\/\/concoval.es\/wp-content\/uploads\/2019\/02\/LA-EMPRESA-M\u00c1S-HUMANA.pdf\" target=\"_blank\"><i class=\"qode_icon_font_awesome fa fa-file-pdf-o qode_icon_element\" style=\"\" ><\/i><\/a><\/span>[vc_empty_space][\/vc_column][vc_column width=\u00bb1\/4&#8243;][vc_single_image image=\u00bb20530&#8243; img_size=\u00bbmedium\u00bb alignment=\u00bbcenter\u00bb onclick=\u00bbcustom_link\u00bb img_link_target=\u00bb_blank\u00bb qode_css_animation=\u00bb\u00bb][vc_empty_space][\/vc_column][vc_column width=\u00bb1\/4&#8243;][vc_column_text]Solidaridad y Compromiso<\/p>\n<p>Diez acciones con alma cooperativa[\/vc_column_text]<span data-type=\"normal\"  class=\"qode_icon_shortcode  q_font_awsome_icon fa-lg  \" style=\" \"><a  itemprop=\"url\" href=\"http:\/\/concoval.es\/wp-content\/uploads\/2018\/02\/CSC_Diez_Proyectos_con_Alma_baja-01.pdf\" target=\"_blank\"><i class=\"qode_icon_font_awesome fa fa-file-pdf-o qode_icon_element\" style=\"\" ><\/i><\/a><\/span>[vc_empty_space][\/vc_column][\/vc_row][vc_row css_animation=\u00bb\u00bb row_type=\u00bbrow\u00bb use_row_as_full_screen_section=\u00bbno\u00bb type=\u00bbfull_width\u00bb angled_section=\u00bbno\u00bb text_align=\u00bbleft\u00bb background_image_as_pattern=\u00bbwithout_pattern\u00bb][vc_column width=\u00bb1\/4&#8243;][vc_single_image image=\u00bb15878&#8243; img_size=\u00bbmedium\u00bb alignment=\u00bbcenter\u00bb onclick=\u00bbcustom_link\u00bb img_link_target=\u00bb_blank\u00bb qode_css_animation=\u00bb\u00bb link=\u00bbhttps:\/\/www.boe.es\/buscar\/act.php?id=DOGV-r-2015-90416&amp;p=20230314&amp;tn=1&#8243;][vc_empty_space][\/vc_column][vc_column width=\u00bb1\/4&#8243;][vc_column_text]Ley de Cooperativas de la Comunitat Valenciana <em>(Publicaci\u00f3n no actualizada. Enlace al texto actualizado en el BOE)<\/em>[\/vc_column_text]<span data-type=\"normal\"  class=\"qode_icon_shortcode  q_font_awsome_icon fa-lg  \" style=\" \"><a  itemprop=\"url\" href=\"https:\/\/www.boe.es\/buscar\/act.php?id=DOGV-r-2015-90416&amp;tn=1&amp;p=20250531\" target=\"_blank\"><i class=\"qode_icon_font_awesome fa fa-file-pdf-o qode_icon_element\" style=\"\" ><\/i><\/a><\/span>[vc_empty_space][\/vc_column][vc_column width=\u00bb1\/4&#8243;][vc_single_image image=\u00bb15879&#8243; img_size=\u00bbmedium\u00bb alignment=\u00bbcenter\u00bb onclick=\u00bbcustom_link\u00bb img_link_target=\u00bb_blank\u00bb qode_css_animation=\u00bb\u00bb link=\u00bbhttp:\/\/concoval.es\/wp-content\/uploads\/2017\/01\/manual-de-constitucion-y-funcionamiento-de-las-cooperativas-valencianas.pdf\u00bb][vc_empty_space][\/vc_column][vc_column width=\u00bb1\/4&#8243;][vc_column_text]Las Cooperativas Valencianas.<\/p>\n<p>Manual de Constituci\u00f3n y Funcionamiento.<\/p>\n<p>[\/vc_column_text]<span data-type=\"normal\"  class=\"qode_icon_shortcode  q_font_awsome_icon fa-lg  \" style=\" \"><a  itemprop=\"url\" href=\"http:\/\/concoval.es\/wp-content\/uploads\/2017\/01\/manual-de-constitucion-y-funcionamiento-de-las-cooperativas-valencianas.pdf\" target=\"_blank\"><i class=\"qode_icon_font_awesome fa fa-file-pdf-o qode_icon_element\" style=\"\" ><\/i><\/a><\/span>[vc_empty_space][\/vc_column][\/vc_row][vc_row css_animation=\u00bb\u00bb row_type=\u00bbrow\u00bb use_row_as_full_screen_section=\u00bbno\u00bb type=\u00bbfull_width\u00bb angled_section=\u00bbno\u00bb text_align=\u00bbleft\u00bb background_image_as_pattern=\u00bbwithout_pattern\u00bb][vc_column width=\u00bb1\/4&#8243;][vc_single_image image=\u00bb26618&#8243; img_size=\u00bbmedium\u00bb alignment=\u00bbcenter\u00bb style=\u00bbvc_box_border\u00bb qode_css_animation=\u00bb\u00bb][vc_empty_space][\/vc_column][vc_column width=\u00bb1\/4&#8243;][vc_column_text]Estudio sobre el impacto econ\u00f3mico del cooperativismo en la Comunitat Valenciana (2020)[\/vc_column_text]<span data-type=\"normal\"  class=\"qode_icon_shortcode  q_font_awsome_icon fa-lg  \" style=\" \"><a  itemprop=\"url\" href=\"https:\/\/concoval.es\/wp-content\/uploads\/2021\/03\/Estudio-cooperativismo-valenciano.pdf\" target=\"_self\"><i class=\"qode_icon_font_awesome fa fa-file-pdf-o qode_icon_element\" style=\"\" ><\/i><\/a><\/span>[vc_empty_space][\/vc_column][vc_column width=\u00bb1\/4&#8243;][vc_single_image image=\u00bb24606&#8243; img_size=\u00bbmedium\u00bb alignment=\u00bbcenter\u00bb style=\u00bbvc_box_border\u00bb qode_css_animation=\u00bb\u00bb][vc_empty_space][\/vc_column][vc_column width=\u00bb1\/4&#8243;][vc_column_text]Gu\u00eda de compra P\u00fablica Responsable y de fomento de la contrataci\u00f3n p\u00fablica de entidades y empresas de econom\u00eda social.[\/vc_column_text]<span data-type=\"normal\"  class=\"qode_icon_shortcode  q_font_awsome_icon fa-lg  \" style=\" \"><a  itemprop=\"url\" href=\"https:\/\/concoval.es\/wp-content\/uploads\/2019\/02\/Gu\u00eda-para-la-contrataci\u00f3n-p\u00fablica.pdf\" target=\"_self\"><i class=\"qode_icon_font_awesome fa fa-file-pdf-o qode_icon_element\" style=\"\" ><\/i><\/a><\/span>[vc_empty_space][\/vc_column][\/vc_row][vc_row css_animation=\u00bb\u00bb row_type=\u00bbrow\u00bb use_row_as_full_screen_section=\u00bbno\u00bb type=\u00bbfull_width\u00bb angled_section=\u00bbno\u00bb text_align=\u00bbleft\u00bb background_image_as_pattern=\u00bbwithout_pattern\u00bb][vc_column width=\u00bb1\/2&#8243;][vc_empty_space][\/vc_column][vc_column width=\u00bb1\/2&#8243;][vc_empty_space][\/vc_column][\/vc_row][vc_row css_animation=\u00bb\u00bb row_type=\u00bbrow\u00bb use_row_as_full_screen_section=\u00bbno\u00bb type=\u00bbfull_width\u00bb angled_section=\u00bbno\u00bb text_align=\u00bbleft\u00bb background_image_as_pattern=\u00bbwithout_pattern\u00bb][vc_column width=\u00bb1\/4&#8243;][vc_single_image image=\u00bb17468&#8243; img_size=\u00bbmedium\u00bb alignment=\u00bbcenter\u00bb style=\u00bbvc_box_border\u00bb onclick=\u00bbcustom_link\u00bb qode_css_animation=\u00bb\u00bb link=\u00bbhttp:\/\/concoval.es\/wp-content\/uploads\/2017\/01\/Libro-Castellano-2012_Libro-Castellano.pdf\u00bb][vc_empty_space][\/vc_column][vc_column width=\u00bb1\/4&#8243;][vc_column_text]Ley de Cooperativas de la Comunitat Valenciana 2003 <em>(Publicaci\u00f3n no actualizada. Enlace al texto actualizado en el BOE)<\/em>[\/vc_column_text]<span data-type=\"normal\"  class=\"qode_icon_shortcode  q_font_awsome_icon fa-lg  \" style=\" \"><a  itemprop=\"url\" href=\"https:\/\/www.boe.es\/buscar\/act.php?id=DOGV-r-2015-90416&amp;tn=1&amp;p=20250531\" target=\"_blank\"><i class=\"qode_icon_font_awesome fa fa-file-pdf-o qode_icon_element\" style=\"\" ><\/i><\/a><\/span>[vc_empty_space][\/vc_column][vc_column width=\u00bb1\/4&#8243;][vc_single_image image=\u00bb17474&#8243; img_size=\u00bbmedium\u00bb alignment=\u00bbcenter\u00bb style=\u00bbvc_box_border\u00bb qode_css_animation=\u00bb\u00bb][vc_empty_space][\/vc_column][vc_column width=\u00bb1\/4&#8243;][vc_column_text]Ley de Cooperativas de la Comunitat Valenciana 1998 <em>(Publicaci\u00f3n no actualizada)<\/em>[\/vc_column_text][vc_empty_space][\/vc_column][\/vc_row][vc_row css_animation=\u00bb\u00bb row_type=\u00bbrow\u00bb use_row_as_full_screen_section=\u00bbno\u00bb type=\u00bbfull_width\u00bb angled_section=\u00bbno\u00bb text_align=\u00bbleft\u00bb background_image_as_pattern=\u00bbwithout_pattern\u00bb][vc_column width=\u00bb1\/4&#8243;][vc_single_image image=\u00bb17451&#8243; img_size=\u00bbmedium\u00bb alignment=\u00bbcenter\u00bb style=\u00bbvc_box_border\u00bb qode_css_animation=\u00bb\u00bb][vc_empty_space][\/vc_column][vc_column width=\u00bb1\/4&#8243;][vc_column_text]El cooperativismo valenciano.<\/p>\n<p>Memoria 2000\/2001[\/vc_column_text][vc_empty_space][\/vc_column][vc_column width=\u00bb1\/4&#8243;][vc_single_image image=\u00bb17452&#8243; img_size=\u00bbmedium\u00bb alignment=\u00bbcenter\u00bb style=\u00bbvc_box_border\u00bb qode_css_animation=\u00bb\u00bb][vc_empty_space][\/vc_column][vc_column width=\u00bb1\/4&#8243;][vc_column_text]Declaraci\u00f3n de la alianza cooperativa internacional sobre la identidad cooperativa[\/vc_column_text][vc_empty_space][\/vc_column][\/vc_row][vc_row css_animation=\u00bb\u00bb row_type=\u00bbrow\u00bb use_row_as_full_screen_section=\u00bbno\u00bb type=\u00bbfull_width\u00bb angled_section=\u00bbno\u00bb text_align=\u00bbleft\u00bb background_image_as_pattern=\u00bbwithout_pattern\u00bb][vc_column width=\u00bb1\/4&#8243;][vc_single_image image=\u00bb15881&#8243; img_size=\u00bbmedium\u00bb alignment=\u00bbcenter\u00bb style=\u00bbvc_box_border\u00bb qode_css_animation=\u00bb\u00bb][vc_empty_space][\/vc_column][vc_column width=\u00bb1\/4&#8243;][vc_column_text]Estudio econ\u00f3mico y laboral del cooperativismo en la Comunitat Valenciana (2015)[\/vc_column_text][vc_empty_space][\/vc_column][vc_column width=\u00bb1\/4&#8243;][vc_single_image image=\u00bb24602&#8243; img_size=\u00bbmedium\u00bb alignment=\u00bbcenter\u00bb style=\u00bbvc_box_border\u00bb qode_css_animation=\u00bb\u00bb][vc_empty_space][\/vc_column][vc_column width=\u00bb1\/4&#8243;][vc_column_text]La Gesti\u00f3n Econ\u00f3mica de la Cooperativa:<\/p>\n<p>Responsabilidad de los Socios (1997)[\/vc_column_text][vc_empty_space][\/vc_column][\/vc_row]<\/p>\n","protected":false},"excerpt":{"rendered":"<p>[vc_row css_animation=\u00bb\u00bb row_type=\u00bbrow\u00bb use_row_as_full_screen_section=\u00bbno\u00bb type=\u00bbfull_width\u00bb angled_section=\u00bbno\u00bb text_align=\u00bbleft\u00bb background_image_as_pattern=\u00bbwithout_pattern\u00bb][vc_column width=\u00bb1\/4&#8243;][vc_single_image image=\u00bb34761&#8243; img_size=\u00bbfull\u00bb alignment=\u00bbcenter\u00bb qode_css_animation=\u00bb\u00bb][vc_empty_space][\/vc_column][vc_column width=\u00bb1\/4&#8243;][vc_column_text]Fent Cooperatives 2025-2026 III Plan de Apoyo y Fomento del Cooperativismo de la Comunitat Valenciana[\/vc_column_text][\/vc_column][vc_column width=\u00bb1\/4&#8243;][\/vc_column][vc_column width=\u00bb1\/4&#8243;][\/vc_column][\/vc_row][vc_row css_animation=\u00bb\u00bb row_type=\u00bbrow\u00bb use_row_as_full_screen_section=\u00bbno\u00bb type=\u00bbfull_width\u00bb angled_section=\u00bbno\u00bb text_align=\u00bbleft\u00bb background_image_as_pattern=\u00bbwithout_pattern\u00bb][vc_column width=\u00bb1\/4&#8243;][vc_single_image image=\u00bb33884&#8243; img_size=\u00bbfull\u00bb alignment=\u00bbcenter\u00bb qode_css_animation=\u00bb\u00bb][vc_empty_space][\/vc_column][vc_column width=\u00bb1\/4&#8243;][vc_column_text]Estudio: Imagen y&#8230;<\/p>\n","protected":false},"author":1,"featured_media":0,"parent":0,"menu_order":0,"comment_status":"closed","ping_status":"closed","template":"","meta":{"footnotes":""},"_links":{"self":[{"href":"https:\/\/concoval.es\/es\/wp-json\/wp\/v2\/pages\/15877"}],"collection":[{"href":"https:\/\/concoval.es\/es\/wp-json\/wp\/v2\/pages"}],"about":[{"href":"https:\/\/concoval.es\/es\/wp-json\/wp\/v2\/types\/page"}],"author":[{"embeddable":true,"href":"https:\/\/concoval.es\/es\/wp-json\/wp\/v2\/users\/1"}],"replies":[{"embeddable":true,"href":"https:\/\/concoval.es\/es\/wp-json\/wp\/v2\/comments?post=15877"}],"version-history":[{"count":109,"href":"https:\/\/concoval.es\/es\/wp-json\/wp\/v2\/pages\/15877\/revisions"}],"predecessor-version":[{"id":35237,"href":"https:\/\/concoval.es\/es\/wp-json\/wp\/v2\/pages\/15877\/revisions\/35237"}],"wp:attachment":[{"href":"https:\/\/concoval.es\/es\/wp-json\/wp\/v2\/media?parent=15877"}],"curies":[{"name":"wp","href":"https:\/\/api.w.org\/{rel}","templated":true}]}}