{"id":16063,"date":"2016-04-25T11:52:05","date_gmt":"2016-04-25T11:52:05","guid":{"rendered":"http:\/\/concoval.es\/?page_id=16063"},"modified":"2025-11-14T09:35:36","modified_gmt":"2025-11-14T08:35:36","slug":"informacion-institucional","status":"publish","type":"page","link":"https:\/\/concoval.es\/es\/informacion-institucional\/","title":{"rendered":"Informaci\u00f3n institucional"},"content":{"rendered":"<p>[vc_row css_animation=\u00bb\u00bb row_type=\u00bbrow\u00bb use_row_as_full_screen_section=\u00bbno\u00bb type=\u00bbfull_width\u00bb angled_section=\u00bbno\u00bb text_align=\u00bbleft\u00bb background_image_as_pattern=\u00bbwithout_pattern\u00bb][vc_column][vc_empty_space height=\u00bb64px\u00bb][vc_row_inner row_type=\u00bbrow\u00bb type=\u00bbfull_width\u00bb text_align=\u00bbleft\u00bb css_animation=\u00bb\u00bb][vc_column_inner width=\u00bb1\/4&#8243;][vc_single_image image=\u00bb16056&#8243; img_size=\u00bblarge\u00bb alignment=\u00bbcenter\u00bb onclick=\u00bbcustom_link\u00bb qode_css_animation=\u00bb\u00bb link=\u00bbhttp:\/\/concoval.es\/informacion-institucional\/\u00bb][\/vc_column_inner][vc_column_inner width=\u00bb1\/4&#8243;][vc_single_image image=\u00bb16058&#8243; img_size=\u00bblarge\u00bb alignment=\u00bbcenter\u00bb onclick=\u00bbcustom_link\u00bb qode_css_animation=\u00bb\u00bb link=\u00bbhttp:\/\/concoval.es\/informacion-economica-2&#8243;][\/vc_column_inner][vc_column_inner width=\u00bb1\/4&#8243;][vc_single_image image=\u00bb16059&#8243; img_size=\u00bblarge\u00bb alignment=\u00bbcenter\u00bb onclick=\u00bbcustom_link\u00bb qode_css_animation=\u00bb\u00bb link=\u00bbhttp:\/\/concoval.es\/organos-gobierno\u00bb][\/vc_column_inner][vc_column_inner width=\u00bb1\/4&#8243;][vc_single_image image=\u00bb16060&#8243; img_size=\u00bblarge\u00bb alignment=\u00bbcenter\u00bb onclick=\u00bbcustom_link\u00bb qode_css_animation=\u00bb\u00bb link=\u00bbhttp:\/\/concoval.es\/subvenciones-ayudas-publicas\/\u00bb][\/vc_column_inner][\/vc_row_inner][vc_empty_space][\/vc_column][\/vc_row][vc_row css_animation=\u00bb\u00bb row_type=\u00bbrow\u00bb use_row_as_full_screen_section=\u00bbno\u00bb type=\u00bbfull_width\u00bb angled_section=\u00bbno\u00bb text_align=\u00bbleft\u00bb background_image_as_pattern=\u00bbwithout_pattern\u00bb][vc_column][vc_column_text]<\/p>\n<h3 class=\"entry-title\" style=\"text-align: center;\">PRESENTACI\u00d3N DE LA\u00a0CONFEDERACI\u00d3 DE COOPERATIVES DE LA COMUNITAT VALENCIANA<\/h3>\n<p>[\/vc_column_text][vc_empty_space][vc_column_text]<\/p>\n<p class=\"entry-title\" style=\"text-align: justify;\">La Confederaci\u00f3 es el m\u00e1ximo \u00f3rgano de representaci\u00f3n de las empresas cooperativas y de sus organizaciones en la Comunitat Valenciana (Art\u00edculo 107 de la Ley de Cooperativas de la Comunitat Valenciana).\u00a0Desde su constituci\u00f3n, en 1989, la Confederaci\u00f3 de Cooperatives de la Comunitat Valenciana es una entidad sin \u00e1nimo de lucro que integra a todas las federaciones de cooperativas existentes en la comunidad aut\u00f3noma. Su funci\u00f3n b\u00e1sica es defender los intereses de las cooperativas valencianas, represent\u00e1ndolas a nivel institucional en cuantos asuntos les conciernan de manera global, y comunicando a la opini\u00f3n p\u00fablica los principios y valores del cooperativismo.<\/p>\n<div class=\"entry-content\"><\/div>\n<p>[\/vc_column_text][vc_empty_space height=\u00bb16px\u00bb][vc_column_text]<\/p>\n<h1 class=\"entry-title\"><\/h1>\n<div class=\"entry-content\">\n<p style=\"text-align: justify;\">Cada una de las federaciones socias de la Confederaci\u00f3n desarrolla sus propias funciones, presta servicios a sus cooperativas afiliadas y las representa en aquellos aspectos derivados de su actividad particular. la Confederaci\u00f3n asume la coordinaci\u00f3n necesaria entre ellas para favorecer sinergias y promover las relaciones intercooperativas. optimizar los esfuerzos que se dedican al fomento del cooperativismo y de las empresas cooperativas en la Comunitat Valenciana es uno de los principales retos de la Confederaci\u00f3n.<\/p>\n<p>&nbsp;<\/p>\n<\/div>\n<p>[\/vc_column_text][vc_empty_space height=\u00bb16px\u00bb][vc_row_inner row_type=\u00bbrow\u00bb type=\u00bbfull_width\u00bb text_align=\u00bbleft\u00bb css_animation=\u00bb\u00bb][vc_column_inner width=\u00bb1\/4&#8243;][vc_empty_space height=\u00bb150px\u00bb][vc_column_text]<\/p>\n<h4><strong>FUNCIONES<\/strong><\/h4>\n<p>[\/vc_column_text][\/vc_column_inner][vc_column_inner width=\u00bb3\/4&#8243;][vc_column_text]<\/p>\n<ul>\n<li style=\"text-align: justify;\"><strong>Representaci\u00f3n del cooperativismo valenciano.\u00a0<\/strong>El principal trabajo de la Confederaci\u00f3 es atender preferentemente las inquietudes y reivindicaciones generales del cooperativismo valenciano, trasladarlas a los poderes p\u00fablicos competentes y velar para que sean adecuadamente resueltas. Para ejercer esta funci\u00f3n, la Confederaci\u00f3 participa en diferentes foros y organismos; mantiene relaciones habituales con otros agentes econ\u00f3micos, sociales y pol\u00edticos; act\u00faa como portavoz ante los medios de comunicaci\u00f3n social; y colabora regularmente con la Administraci\u00f3n auton<\/li>\n<li style=\"text-align: justify;\"><strong>Promoci\u00f3n y difusi\u00f3n del cooperativismo.\u00a0<\/strong>La Confederaci\u00f3 organiza y promueve acciones destinadas a favorecer el conocimiento del cooperativismo, tanto en el \u00e1mbito interno del propio sector como dirigidas a la sociedad en general. Asimismo, impulsa iniciativas orientadas a fomentar la intercooperaci\u00f3n entre empresas u organizaciones de diferentes clases de cooperativas.<\/li>\n<li style=\"text-align: justify;\"><strong>Servicios a las federaciones y cooperativas.\u00a0<\/strong>Entre otras actividades, la Confederaci\u00f3 desarrolla puntualmente una actividad editorial, mantiene una web informativa, suscribe convenios de colaboraci\u00f3n para el acceso de las cooperativas a condiciones preferentes en la adquisici\u00f3n de productos o servicios, organiza seminarios especializados, y promueve estudios e investigaciones independientes sobre el sector cooperativo.<\/li>\n<\/ul>\n<p>[\/vc_column_text][\/vc_column_inner][\/vc_row_inner][vc_empty_space height=\u00bb64px\u00bb][\/vc_column][\/vc_row][vc_row css_animation=\u00bb\u00bb row_type=\u00bbrow\u00bb use_row_as_full_screen_section=\u00bbno\u00bb type=\u00bbfull_width\u00bb angled_section=\u00bbno\u00bb text_align=\u00bbleft\u00bb background_image_as_pattern=\u00bbwithout_pattern\u00bb][vc_column][vc_column_text]<\/p>\n<h3 class=\"entry-title\" style=\"text-align: center;\">NORMATIVA: LEY DE COOPERATIVAS DE LA COMUNITAT VALENCIANA<\/h3>\n<div class=\"entry-content\"><\/div>\n<p>[\/vc_column_text][vc_empty_space][vc_column_text]<\/p>\n<p style=\"text-align: justify;\">DECRET LEGISLATIU 2\/2015, de 15 de mayo, de Consell, por el que se aprueba el texto refundido de la Ley de Cooperativas de la Comunitat Valenciana (DOCV7529, de 20 de mayo de 2015). <a href=\"https:\/\/www.boe.es\/buscar\/act.php?id=DOGV-r-2015-90416&amp;tn=1&amp;p=20250531\">Enlace al BOE.<\/a> (Actualizado el 25 de mayo de 2025)<\/p>\n<p>[\/vc_column_text][vc_empty_space height=\u00bb64px\u00bb][\/vc_column][\/vc_row][vc_row css_animation=\u00bb\u00bb row_type=\u00bbrow\u00bb use_row_as_full_screen_section=\u00bbno\u00bb type=\u00bbfull_width\u00bb angled_section=\u00bbno\u00bb text_align=\u00bbleft\u00bb background_image_as_pattern=\u00bbwithout_pattern\u00bb][vc_column][vc_column_text]<\/p>\n<h3 class=\"entry-title\" style=\"text-align: center;\">DOCUMENTACI\u00d3N INSTITUCIONAL<\/h3>\n<div class=\"entry-content\"><\/div>\n<p>[\/vc_column_text][vc_empty_space][vc_row_inner row_type=\u00bbrow\u00bb type=\u00bbfull_width\u00bb text_align=\u00bbleft\u00bb css_animation=\u00bb\u00bb][vc_column_inner width=\u00bb1\/4&#8243;]<br \/>\n[\/vc_column_inner][vc_column_inner width=\u00bb3\/4&#8243;][vc_column_text]<\/p>\n<ul>\n<li><a href=\"https:\/\/concoval-my.sharepoint.com\/:b:\/g\/personal\/concoval_concoval_onmicrosoft_com\/EYPcx4tiqrhIo5EgJy8dLO8B63DKSSIClaycDi3i7d7NeQ?e=MdFKuz\">CONFEDERACI\u00d3 \u2013 ESTATUTOS SOCIALES \u2013 Texto consolidado (2025)<\/a><\/li>\n<\/ul>\n<p>[\/vc_column_text][vc_column_text]<\/p>\n<ul>\n<li><a href=\"https:\/\/concoval.es\/wp-content\/uploads\/2019\/02\/CODI-BON-GOVERN-Confederacion-Cooperatives-3.pdf\" target=\"_blank\" rel=\"noopener noreferrer\">C\u00d3DIGO BUEN GOBIERNO Confederaci\u00f3 Cooperatives<\/a><\/li>\n<\/ul>\n<p>[\/vc_column_text][vc_column_text][\/vc_column_text][\/vc_column_inner][\/vc_row_inner][vc_empty_space height=\u00bb64px\u00bb][\/vc_column][\/vc_row]<\/p>\n","protected":false},"excerpt":{"rendered":"<p>[vc_row css_animation=\u00bb\u00bb row_type=\u00bbrow\u00bb use_row_as_full_screen_section=\u00bbno\u00bb type=\u00bbfull_width\u00bb angled_section=\u00bbno\u00bb text_align=\u00bbleft\u00bb background_image_as_pattern=\u00bbwithout_pattern\u00bb][vc_column][vc_empty_space height=\u00bb64px\u00bb][vc_row_inner row_type=\u00bbrow\u00bb type=\u00bbfull_width\u00bb text_align=\u00bbleft\u00bb css_animation=\u00bb\u00bb][vc_column_inner width=\u00bb1\/4&#8243;][vc_single_image image=\u00bb16056&#8243; img_size=\u00bblarge\u00bb alignment=\u00bbcenter\u00bb onclick=\u00bbcustom_link\u00bb qode_css_animation=\u00bb\u00bb link=\u00bbhttp:\/\/concoval.es\/informacion-institucional\/\u00bb][\/vc_column_inner][vc_column_inner width=\u00bb1\/4&#8243;][vc_single_image image=\u00bb16058&#8243; img_size=\u00bblarge\u00bb alignment=\u00bbcenter\u00bb onclick=\u00bbcustom_link\u00bb qode_css_animation=\u00bb\u00bb link=\u00bbhttp:\/\/concoval.es\/informacion-economica-2&#8243;][\/vc_column_inner][vc_column_inner width=\u00bb1\/4&#8243;][vc_single_image image=\u00bb16059&#8243; img_size=\u00bblarge\u00bb alignment=\u00bbcenter\u00bb onclick=\u00bbcustom_link\u00bb qode_css_animation=\u00bb\u00bb link=\u00bbhttp:\/\/concoval.es\/organos-gobierno\u00bb][\/vc_column_inner][vc_column_inner width=\u00bb1\/4&#8243;][vc_single_image image=\u00bb16060&#8243; img_size=\u00bblarge\u00bb alignment=\u00bbcenter\u00bb onclick=\u00bbcustom_link\u00bb qode_css_animation=\u00bb\u00bb link=\u00bbhttp:\/\/concoval.es\/subvenciones-ayudas-publicas\/\u00bb][\/vc_column_inner][\/vc_row_inner][vc_empty_space][\/vc_column][\/vc_row][vc_row css_animation=\u00bb\u00bb row_type=\u00bbrow\u00bb use_row_as_full_screen_section=\u00bbno\u00bb type=\u00bbfull_width\u00bb&#8230;<\/p>\n","protected":false},"author":1,"featured_media":0,"parent":0,"menu_order":0,"comment_status":"closed","ping_status":"closed","template":"","meta":{"footnotes":""},"_links":{"self":[{"href":"https:\/\/concoval.es\/es\/wp-json\/wp\/v2\/pages\/16063"}],"collection":[{"href":"https:\/\/concoval.es\/es\/wp-json\/wp\/v2\/pages"}],"about":[{"href":"https:\/\/concoval.es\/es\/wp-json\/wp\/v2\/types\/page"}],"author":[{"embeddable":true,"href":"https:\/\/concoval.es\/es\/wp-json\/wp\/v2\/users\/1"}],"replies":[{"embeddable":true,"href":"https:\/\/concoval.es\/es\/wp-json\/wp\/v2\/comments?post=16063"}],"version-history":[{"count":9,"href":"https:\/\/concoval.es\/es\/wp-json\/wp\/v2\/pages\/16063\/revisions"}],"predecessor-version":[{"id":34827,"href":"https:\/\/concoval.es\/es\/wp-json\/wp\/v2\/pages\/16063\/revisions\/34827"}],"wp:attachment":[{"href":"https:\/\/concoval.es\/es\/wp-json\/wp\/v2\/media?parent=16063"}],"curies":[{"name":"wp","href":"https:\/\/api.w.org\/{rel}","templated":true}]}}