{"id":16069,"date":"2016-04-25T12:06:54","date_gmt":"2016-04-25T12:06:54","guid":{"rendered":"http:\/\/concoval.es\/?page_id=16069"},"modified":"2025-11-14T12:16:30","modified_gmt":"2025-11-14T11:16:30","slug":"informacion-economica-2","status":"publish","type":"page","link":"https:\/\/concoval.es\/es\/informacion-economica-2\/","title":{"rendered":"Informaci\u00f3n econ\u00f3mica"},"content":{"rendered":"<p>[vc_row css_animation=\u00bb\u00bb row_type=\u00bbrow\u00bb use_row_as_full_screen_section=\u00bbno\u00bb type=\u00bbfull_width\u00bb angled_section=\u00bbno\u00bb text_align=\u00bbleft\u00bb background_image_as_pattern=\u00bbwithout_pattern\u00bb][vc_column][vc_empty_space height=\u00bb64px\u00bb][vc_row_inner row_type=\u00bbrow\u00bb type=\u00bbfull_width\u00bb text_align=\u00bbleft\u00bb css_animation=\u00bb\u00bb][vc_column_inner width=\u00bb1\/4&#8243;][vc_single_image image=\u00bb16056&#8243; img_size=\u00bblarge\u00bb alignment=\u00bbcenter\u00bb onclick=\u00bbcustom_link\u00bb qode_css_animation=\u00bb\u00bb link=\u00bbhttp:\/\/concoval.es\/informacion-institucional\/\u00bb][\/vc_column_inner][vc_column_inner width=\u00bb1\/4&#8243;][vc_single_image image=\u00bb16058&#8243; img_size=\u00bblarge\u00bb alignment=\u00bbcenter\u00bb onclick=\u00bbcustom_link\u00bb qode_css_animation=\u00bb\u00bb link=\u00bbhttp:\/\/concoval.es\/informacion-economica-2&#8243;][\/vc_column_inner][vc_column_inner width=\u00bb1\/4&#8243;][vc_single_image image=\u00bb16059&#8243; img_size=\u00bblarge\u00bb alignment=\u00bbcenter\u00bb onclick=\u00bbcustom_link\u00bb qode_css_animation=\u00bb\u00bb link=\u00bbhttp:\/\/concoval.es\/organos-gobierno\u00bb][\/vc_column_inner][vc_column_inner width=\u00bb1\/4&#8243;][vc_single_image image=\u00bb16060&#8243; img_size=\u00bblarge\u00bb alignment=\u00bbcenter\u00bb onclick=\u00bbcustom_link\u00bb qode_css_animation=\u00bb\u00bb link=\u00bbhttp:\/\/concoval.es\/subvenciones-ayudas-publicas\/\u00bb][\/vc_column_inner][\/vc_row_inner][vc_empty_space][\/vc_column][\/vc_row][vc_row css_animation=\u00bb\u00bb row_type=\u00bbrow\u00bb use_row_as_full_screen_section=\u00bbno\u00bb type=\u00bbfull_width\u00bb angled_section=\u00bbno\u00bb text_align=\u00bbleft\u00bb background_image_as_pattern=\u00bbwithout_pattern\u00bb][vc_column][vc_column_text]<\/p>\n<h3 class=\"entry-title\" style=\"text-align: center;\">Retribuciones de altos cargos y m\u00e1ximos\u00a0responsables<\/h3>\n<p>[\/vc_column_text][vc_empty_space][vc_column_text]<strong>CONSEJO RECTOR.<\/strong> Los miembros del consejo rector no cobran por el ejercicio de su cargo en la Confederaci\u00f3n, tan solo se compensan los gastos ocasionados con motivo de la asistencia a los \u00f3rganos de representaci\u00f3n.<\/p>\n<p>Se hace constar que no existen operaciones con partes vinculadas <em>y <\/em>que los Consejeros no poseen directa ni indirectamente participaciones en sociedades con el mismo, an\u00e1logo o complementario g\u00e9nero de actividad que la desarrollada por la Confederaci\u00f3 de Cooperativas de Comunidad Valenciana.[\/vc_column_text][vc_empty_space height=\u00bb16px\u00bb][vc_column_text]El importe de las remuneraciones satisfechas durante el ejercicio al conjunto de los miembros del consejo rector o representantes de los mismos, en concepto de dietas y compensaci\u00f3n por los gastos y perjuicios que les ha ocasionado el ejercicio de su cargo, ha sido de 21 .125,06 euros (22.218,01 euros en el ejercicio anterior).<\/p>\n<p>No existen anticipos, cr\u00e9ditos concedidos, o planes de jubilaci\u00f3n u otras retribuciones, concedidos o concertados con miembros del consejo rector.[\/vc_column_text][vc_empty_space height=\u00bb16px\u00bb][vc_column_text]<strong>DIRECCI\u00d3N<\/strong><\/p>\n<p>El importe recibido por la direcci\u00f3n de la Confederaci\u00f3 de Cooperatives de la Comunitat Valenciana en el ejercicio 2024, en concepto de retribuci\u00f3n salarial, es de 56.906,88 euros (55.253,40 euros en el ejercicio anterior).[\/vc_column_text][vc_empty_space][vc_column_text]<a href=\"https:\/\/concoval.es\/wp-content\/uploads\/2025\/11\/Informe-de-Auditoria-2024.pdf\">Informe de auditor\u00eda 2024<\/a><\/p>\n<p><a href=\"https:\/\/concoval.es\/wp-content\/uploads\/2025\/11\/Cuentas-anuales-2024.pdf\">Cuentas anuales 2024<\/a><\/p>\n<p><a href=\"https:\/\/concoval.es\/wp-content\/uploads\/2025\/11\/Presupuesto-2025.pdf\">Presupuesto 2025<\/a>[\/vc_column_text][vc_empty_space height=\u00bb64px\u00bb][\/vc_column][\/vc_row]<\/p>\n","protected":false},"excerpt":{"rendered":"<p>[vc_row css_animation=\u00bb\u00bb row_type=\u00bbrow\u00bb use_row_as_full_screen_section=\u00bbno\u00bb type=\u00bbfull_width\u00bb angled_section=\u00bbno\u00bb text_align=\u00bbleft\u00bb background_image_as_pattern=\u00bbwithout_pattern\u00bb][vc_column][vc_empty_space height=\u00bb64px\u00bb][vc_row_inner row_type=\u00bbrow\u00bb type=\u00bbfull_width\u00bb text_align=\u00bbleft\u00bb css_animation=\u00bb\u00bb][vc_column_inner width=\u00bb1\/4&#8243;][vc_single_image image=\u00bb16056&#8243; img_size=\u00bblarge\u00bb alignment=\u00bbcenter\u00bb onclick=\u00bbcustom_link\u00bb qode_css_animation=\u00bb\u00bb link=\u00bbhttp:\/\/concoval.es\/informacion-institucional\/\u00bb][\/vc_column_inner][vc_column_inner width=\u00bb1\/4&#8243;][vc_single_image image=\u00bb16058&#8243; img_size=\u00bblarge\u00bb alignment=\u00bbcenter\u00bb onclick=\u00bbcustom_link\u00bb qode_css_animation=\u00bb\u00bb link=\u00bbhttp:\/\/concoval.es\/informacion-economica-2&#8243;][\/vc_column_inner][vc_column_inner width=\u00bb1\/4&#8243;][vc_single_image image=\u00bb16059&#8243; img_size=\u00bblarge\u00bb alignment=\u00bbcenter\u00bb onclick=\u00bbcustom_link\u00bb qode_css_animation=\u00bb\u00bb link=\u00bbhttp:\/\/concoval.es\/organos-gobierno\u00bb][\/vc_column_inner][vc_column_inner width=\u00bb1\/4&#8243;][vc_single_image image=\u00bb16060&#8243; img_size=\u00bblarge\u00bb alignment=\u00bbcenter\u00bb onclick=\u00bbcustom_link\u00bb qode_css_animation=\u00bb\u00bb link=\u00bbhttp:\/\/concoval.es\/subvenciones-ayudas-publicas\/\u00bb][\/vc_column_inner][\/vc_row_inner][vc_empty_space][\/vc_column][\/vc_row][vc_row css_animation=\u00bb\u00bb row_type=\u00bbrow\u00bb use_row_as_full_screen_section=\u00bbno\u00bb type=\u00bbfull_width\u00bb&#8230;<\/p>\n","protected":false},"author":1,"featured_media":0,"parent":0,"menu_order":0,"comment_status":"closed","ping_status":"closed","template":"","meta":{"footnotes":""},"_links":{"self":[{"href":"https:\/\/concoval.es\/es\/wp-json\/wp\/v2\/pages\/16069"}],"collection":[{"href":"https:\/\/concoval.es\/es\/wp-json\/wp\/v2\/pages"}],"about":[{"href":"https:\/\/concoval.es\/es\/wp-json\/wp\/v2\/types\/page"}],"author":[{"embeddable":true,"href":"https:\/\/concoval.es\/es\/wp-json\/wp\/v2\/users\/1"}],"replies":[{"embeddable":true,"href":"https:\/\/concoval.es\/es\/wp-json\/wp\/v2\/comments?post=16069"}],"version-history":[{"count":25,"href":"https:\/\/concoval.es\/es\/wp-json\/wp\/v2\/pages\/16069\/revisions"}],"predecessor-version":[{"id":34837,"href":"https:\/\/concoval.es\/es\/wp-json\/wp\/v2\/pages\/16069\/revisions\/34837"}],"wp:attachment":[{"href":"https:\/\/concoval.es\/es\/wp-json\/wp\/v2\/media?parent=16069"}],"curies":[{"name":"wp","href":"https:\/\/api.w.org\/{rel}","templated":true}]}}