{"id":16073,"date":"2016-04-25T12:21:41","date_gmt":"2016-04-25T12:21:41","guid":{"rendered":"http:\/\/concoval.es\/?page_id=16073"},"modified":"2025-12-11T10:58:22","modified_gmt":"2025-12-11T09:58:22","slug":"organos-gobierno","status":"publish","type":"page","link":"https:\/\/concoval.es\/es\/organos-gobierno\/","title":{"rendered":"\u00d3rganos de Gobierno"},"content":{"rendered":"<p>[vc_row css_animation=\u00bb\u00bb row_type=\u00bbrow\u00bb use_row_as_full_screen_section=\u00bbno\u00bb type=\u00bbfull_width\u00bb angled_section=\u00bbno\u00bb text_align=\u00bbleft\u00bb background_image_as_pattern=\u00bbwithout_pattern\u00bb][vc_column][vc_empty_space height=\u00bb64px\u00bb][vc_row_inner row_type=\u00bbrow\u00bb type=\u00bbfull_width\u00bb text_align=\u00bbleft\u00bb css_animation=\u00bb\u00bb][vc_column_inner width=\u00bb1\/4&#8243;][vc_single_image image=\u00bb16056&#8243; img_size=\u00bblarge\u00bb alignment=\u00bbcenter\u00bb onclick=\u00bbcustom_link\u00bb qode_css_animation=\u00bb\u00bb link=\u00bbhttp:\/\/concoval.es\/informacion-institucional\/\u00bb][\/vc_column_inner][vc_column_inner width=\u00bb1\/4&#8243;][vc_single_image image=\u00bb16058&#8243; img_size=\u00bblarge\u00bb alignment=\u00bbcenter\u00bb onclick=\u00bbcustom_link\u00bb qode_css_animation=\u00bb\u00bb link=\u00bbhttp:\/\/concoval.es\/informacion-economica-2&#8243;][\/vc_column_inner][vc_column_inner width=\u00bb1\/4&#8243;][vc_single_image image=\u00bb16059&#8243; img_size=\u00bblarge\u00bb alignment=\u00bbcenter\u00bb qode_css_animation=\u00bb\u00bb][\/vc_column_inner][vc_column_inner width=\u00bb1\/4&#8243;][vc_single_image image=\u00bb16060&#8243; img_size=\u00bblarge\u00bb alignment=\u00bbcenter\u00bb onclick=\u00bbcustom_link\u00bb qode_css_animation=\u00bb\u00bb link=\u00bbhttp:\/\/concoval.es\/subvenciones-ayudas-publicas\/\u00bb][\/vc_column_inner][\/vc_row_inner][vc_empty_space][\/vc_column][\/vc_row][vc_row css_animation=\u00bb\u00bb row_type=\u00bbrow\u00bb use_row_as_full_screen_section=\u00bbno\u00bb type=\u00bbfull_width\u00bb angled_section=\u00bbno\u00bb text_align=\u00bbleft\u00bb background_image_as_pattern=\u00bbwithout_pattern\u00bb][vc_column][vc_column_text]<\/p>\n<h3 class=\"entry-title\" style=\"text-align: center;\">ORGANIZACI\u00d3N INTERNA<\/h3>\n<p>[\/vc_column_text][vc_empty_space][vc_column_text]<\/p>\n<p style=\"text-align: justify;\">Los \u00f3rganos de gobierno de la Confederaci\u00f3n son la asamblea general y el consejo rector, en torno a los cuales se dispone de una estructura t\u00e9cnica y administrativa, que trabaja con criterios de seriedad, honestidad, total transparencia, eficiencia, rigor y austeridad.<\/p>\n<p>[\/vc_column_text][vc_empty_space height=\u00bb16px\u00bb][vc_column_text]<\/p>\n<p style=\"text-align: justify;\">En este apartado se relaciona la composici\u00f3n de la asamblea general, el consejo rector y la direcci\u00f3n. Se presenta el organigrama de funcionamiento y la composici\u00f3n del personal empleado.<\/p>\n<p>[\/vc_column_text][vc_empty_space height=\u00bb64px\u00bb][\/vc_column][\/vc_row][vc_row css_animation=\u00bb\u00bb row_type=\u00bbrow\u00bb use_row_as_full_screen_section=\u00bbno\u00bb type=\u00bbfull_width\u00bb angled_section=\u00bbno\u00bb text_align=\u00bbleft\u00bb background_image_as_pattern=\u00bbwithout_pattern\u00bb][vc_column width=\u00bb1\/4&#8243;][vc_column_text]<br \/>\n[\/vc_column_text][\/vc_column][vc_column width=\u00bb3\/4&#8243;][vc_column_text]<\/p>\n<p class=\"entry-title\" style=\"text-align: justify;\"><strong><span style=\"text-decoration: underline;\">Asamblea General<\/span>.\u00a0<\/strong>La asamblea general es el \u00f3rgano supremo de expresi\u00f3n de la voluntad social de la Confederaci\u00f3.\u00a0La composici\u00f3n de la asamblea general se determina de la siguiente forma:<\/p>\n<div class=\"entry-content\">\n<ul>\n<li style=\"text-align: justify;\">Las federaciones tendr\u00e1n un m\u00ednimo de cinco representantes cada una, a los que se a\u00f1adir\u00e1n otros representantes, atendiendo al n\u00famero de cooperativas socias y al n\u00famero de socios y asociados de dichas cooperativas.<\/li>\n<li style=\"text-align: justify;\">Aquellas federaciones que tengan entre cincuenta y doscientas cooperativas socias, tendr\u00e1n cinco representantes m\u00e1s; y las que tengan m\u00e1s de doscientas cooperativas socias, diez representantes m\u00e1s.<\/li>\n<li style=\"text-align: justify;\">En funci\u00f3n del n\u00famero de socios y asociados de las cooperativas socias de las federaciones, se sumar\u00e1n al m\u00ednimo de cinco y al n\u00famero que resulte de aplicar lo recogido en el p\u00e1rrafo anterior, los siguientes representantes: aquellas federaciones que asocien cooperativas con un n\u00famero de socios y asociados entre cinco mil y cien mil, cinco representantes; las que tengan m\u00e1s de cien mil, diez representantes.<\/li>\n<li style=\"text-align: justify;\">En cualquier caso, ninguna federaci\u00f3n socia podr\u00e1 tener m\u00e1s de veinticinco representantes.<\/li>\n<li style=\"text-align: justify;\">Las entidades socias de la Confederaci\u00f3n que no sean federaciones de cooperativas, tendr\u00e1n tres representantes cada una.<\/li>\n<\/ul>\n<\/div>\n<div class=\"entry-content\"><\/div>\n<p>[\/vc_column_text][\/vc_column][\/vc_row][vc_row css_animation=\u00bb\u00bb row_type=\u00bbrow\u00bb use_row_as_full_screen_section=\u00bbno\u00bb type=\u00bbfull_width\u00bb angled_section=\u00bbno\u00bb text_align=\u00bbleft\u00bb background_image_as_pattern=\u00bbwithout_pattern\u00bb][vc_column][vc_empty_space][\/vc_column][\/vc_row][vc_row css_animation=\u00bb\u00bb row_type=\u00bbrow\u00bb use_row_as_full_screen_section=\u00bbno\u00bb type=\u00bbfull_width\u00bb angled_section=\u00bbno\u00bb text_align=\u00bbleft\u00bb background_image_as_pattern=\u00bbwithout_pattern\u00bb][vc_column width=\u00bb1\/4&#8243;][vc_column_text]<br \/>\n[\/vc_column_text][\/vc_column][vc_column width=\u00bb3\/4&#8243;][vc_column_text]<\/p>\n<p style=\"text-align: justify;\">CONSEJO RECTOR (Renovado el 25 de mayo de 2023). El consejo rector es el \u00f3rgano de gobierno, gesti\u00f3n y representaci\u00f3n de la Confederaci\u00f3, con car\u00e1cter exclusivo y excluyente. Es responsable de la aplicaci\u00f3n de la ley y de los estatutos sociales, tomando las iniciativas que correspondan. Establece las directrices generales de la gesti\u00f3n, de conformidad con la pol\u00edtica fijada por la asamblea general.<\/p>\n<div class=\"entry-content\"><\/div>\n<p>[\/vc_column_text][vc_empty_space height=\u00bb16px\u00bb][vc_column_text]PRESIDENTE: <a href=\"https:\/\/concoval.es\/wp-content\/uploads\/2025\/12\/Bio-Emilio-Sampedro.pdf\"><strong>Emilio Sampedro Baixauli<\/strong><\/a><\/p>\n<p>VICEPRESIDENTE 1\u00ba: <a href=\"https:\/\/concoval.es\/wp-content\/uploads\/2024\/09\/Bio-Cirilo-Arnandis-2024-Cast.pdf\"><strong>Cirilo Arn\u00e1ndis N\u00fa\u00f1ez<\/strong><\/a><\/p>\n<p>VICEPRESIDENTE 2\u00ba: <a href=\"https:\/\/concoval.es\/wp-content\/uploads\/2024\/09\/Bio-Ramon-Rodriguez-2024-Cast.pdf\"><strong>Ram\u00f3n Rodr\u00edguez Mag\u00e1n<\/strong><\/a><\/p>\n<p>SECRETARIA: <a href=\"https:\/\/concoval.es\/wp-content\/uploads\/2025\/05\/Bio-Rosa-Ferrer-2025-CAST.pdf\"><strong>Rosa Ferrer Martorell<\/strong><\/a><\/p>\n<p>VOCAL 1\u00ba: <a href=\"https:\/\/concoval.es\/wp-content\/uploads\/2025\/12\/Francisco-Perez-Caballero-CAST.pdf\"><strong>Francisco P\u00e9rez-Caballero\u00a0<\/strong><\/a><\/p>\n<p>VOCAL 2\u00ba: <a href=\"https:\/\/concoval.es\/wp-content\/uploads\/2024\/09\/Bio-Jose-Vicente-Sais-2024-Cast.pdf\"><strong>Jos\u00e9 Vicente Sais Noguera<\/strong><\/a><\/p>\n<p>VOCAL 3\u00ba: <a href=\"https:\/\/concoval.es\/wp-content\/uploads\/2024\/09\/Bio-Jose-Luis-Ayuso-Cast.pdf\"><strong>Jos\u00e9 Luis Ayuso Castellv\u00ed<\/strong><\/a><\/p>\n<p>VOCAL 4\u00aa: <a href=\"https:\/\/concoval.es\/wp-content\/uploads\/2024\/09\/Bio-Isabel-Montero-2024-Cast.pdf\"><strong>Isabel Montero L\u00f3pez<\/strong><\/a><\/p>\n<p>VOCAL 5\u00ba: <a href=\"https:\/\/concoval.es\/wp-content\/uploads\/2024\/09\/Luiso-Cervellera-Cast.pdf\"><strong>Luiso Cervellera Mart\u00ednez<\/strong><\/a>[\/vc_column_text][\/vc_column][\/vc_row][vc_row css_animation=\u00bb\u00bb row_type=\u00bbrow\u00bb use_row_as_full_screen_section=\u00bbno\u00bb type=\u00bbfull_width\u00bb angled_section=\u00bbno\u00bb text_align=\u00bbleft\u00bb background_image_as_pattern=\u00bbwithout_pattern\u00bb][vc_column][vc_empty_space][\/vc_column][\/vc_row][vc_row css_animation=\u00bb\u00bb row_type=\u00bbrow\u00bb use_row_as_full_screen_section=\u00bbno\u00bb type=\u00bbfull_width\u00bb angled_section=\u00bbno\u00bb text_align=\u00bbleft\u00bb background_image_as_pattern=\u00bbwithout_pattern\u00bb][vc_column width=\u00bb1\/4&#8243;][vc_column_text]<br \/>\n[\/vc_column_text][\/vc_column][vc_column width=\u00bb3\/4&#8243;][vc_column_text]<\/p>\n<p class=\"entry-title\" style=\"text-align: justify;\"><strong><span style=\"text-decoration: underline;\">Direcci\u00f3n<\/span>.<\/strong>\u00a0La asamblea general podr\u00e1 acordar el nombramiento de una direcci\u00f3n que, con la denominaci\u00f3n de secretario general o t\u00e9cnico o de director, extender\u00e1 su competencia a los asuntos pertenecientes a la gesti\u00f3n. El nombramiento y cese de la direcci\u00f3n corresponde siempre al consejo rector, mediante la formalizaci\u00f3n, en su caso, del correspondiente contrato y otorgamiento de poder en escritura p\u00fablica autorizada por notario.<\/p>\n<ul>\n<li class=\"entry-title\" style=\"text-align: justify;\"><strong>Directora<a href=\"http:\/\/concoval.es\/wp-content\/uploads\/2016\/04\/NARDI-ALBA-PERFIL-BIOGRAFICO-profesional-RESUMEN-noviembre-2015.pdf\">:\u00a0<\/a><\/strong><a href=\"https:\/\/concoval.es\/wp-content\/uploads\/2022\/11\/NARDI-ALBA-CONCOVAL-CV-2021-sin-datos-personales.pdf\">Nardi Alba Benaches<\/a><\/li>\n<\/ul>\n<div class=\"entry-content\"><\/div>\n<div class=\"entry-content\"><\/div>\n<p>[\/vc_column_text][\/vc_column][\/vc_row][vc_row css_animation=\u00bb\u00bb row_type=\u00bbrow\u00bb use_row_as_full_screen_section=\u00bbno\u00bb type=\u00bbfull_width\u00bb angled_section=\u00bbno\u00bb text_align=\u00bbleft\u00bb background_image_as_pattern=\u00bbwithout_pattern\u00bb][vc_column][vc_empty_space][\/vc_column][\/vc_row][vc_row css_animation=\u00bb\u00bb row_type=\u00bbrow\u00bb use_row_as_full_screen_section=\u00bbno\u00bb type=\u00bbfull_width\u00bb angled_section=\u00bbno\u00bb text_align=\u00bbleft\u00bb background_image_as_pattern=\u00bbwithout_pattern\u00bb][vc_column width=\u00bb1\/4&#8243;][vc_column_text]<br \/>\n[\/vc_column_text][\/vc_column][vc_column width=\u00bb3\/4&#8243;][vc_column_text]<\/p>\n<p class=\"entry-title\" style=\"text-align: justify;\"><strong><span style=\"text-decoration: underline;\">Organigrama de Funcionamiento<\/span>.\u00a0<\/strong>Los \u00f3rganos de gobierno de la Confederaci\u00f3n son la asamblea general y el consejo rector, en torno a los cuales se dispone de una estructura t\u00e9cnica y administrativa, que trabaja con criterios de seriedad, honestidad, total transparencia, eficiencia, rigor y austeridad.<\/p>\n<div class=\"entry-content\"><\/div>\n<div class=\"entry-content\"><\/div>\n<p>[\/vc_column_text][vc_empty_space height=\u00bb16px\u00bb][\/vc_column][\/vc_row][vc_row css_animation=\u00bb\u00bb row_type=\u00bbrow\u00bb use_row_as_full_screen_section=\u00bbno\u00bb type=\u00bbfull_width\u00bb angled_section=\u00bbno\u00bb text_align=\u00bbleft\u00bb background_image_as_pattern=\u00bbwithout_pattern\u00bb][vc_column][vc_empty_space][\/vc_column][\/vc_row][vc_row css_animation=\u00bb\u00bb row_type=\u00bbrow\u00bb use_row_as_full_screen_section=\u00bbno\u00bb type=\u00bbfull_width\u00bb angled_section=\u00bbno\u00bb text_align=\u00bbleft\u00bb background_image_as_pattern=\u00bbwithout_pattern\u00bb][vc_column width=\u00bb1\/4&#8243;][vc_column_text]<br \/>\n[\/vc_column_text][\/vc_column][vc_column width=\u00bb3\/4&#8243;][vc_column_text]<\/p>\n<p class=\"entry-title\" style=\"text-align: justify;\"><strong><span style=\"text-decoration: underline;\">Personal empleado<\/span>.\u00a0<\/strong>La Confederaci\u00f3 cuenta con 4 puestos de trabajo de car\u00e1cter indefinido (Direcci\u00f3n, Secretar\u00eda T\u00e9cnica,\u00a0 \u00e1rea jur\u00eddica y Administraci\u00f3n). La distribuci\u00f3n por sexos es de 3\/4 mujeres y 1\/4 hombres y la plantilla no integra discapacitados.<\/p>\n<div class=\"entry-content\"><\/div>\n<div class=\"entry-content\"><\/div>\n<p>[\/vc_column_text][\/vc_column][\/vc_row][vc_row css_animation=\u00bb\u00bb row_type=\u00bbrow\u00bb use_row_as_full_screen_section=\u00bbno\u00bb type=\u00bbfull_width\u00bb angled_section=\u00bbno\u00bb text_align=\u00bbleft\u00bb background_image_as_pattern=\u00bbwithout_pattern\u00bb][vc_column][vc_empty_space height=\u00bb64px\u00bb][\/vc_column][\/vc_row]<\/p>\n","protected":false},"excerpt":{"rendered":"<p>[vc_row css_animation=\u00bb\u00bb row_type=\u00bbrow\u00bb use_row_as_full_screen_section=\u00bbno\u00bb type=\u00bbfull_width\u00bb angled_section=\u00bbno\u00bb text_align=\u00bbleft\u00bb background_image_as_pattern=\u00bbwithout_pattern\u00bb][vc_column][vc_empty_space height=\u00bb64px\u00bb][vc_row_inner row_type=\u00bbrow\u00bb type=\u00bbfull_width\u00bb text_align=\u00bbleft\u00bb css_animation=\u00bb\u00bb][vc_column_inner width=\u00bb1\/4&#8243;][vc_single_image image=\u00bb16056&#8243; img_size=\u00bblarge\u00bb alignment=\u00bbcenter\u00bb onclick=\u00bbcustom_link\u00bb qode_css_animation=\u00bb\u00bb link=\u00bbhttp:\/\/concoval.es\/informacion-institucional\/\u00bb][\/vc_column_inner][vc_column_inner width=\u00bb1\/4&#8243;][vc_single_image image=\u00bb16058&#8243; img_size=\u00bblarge\u00bb alignment=\u00bbcenter\u00bb onclick=\u00bbcustom_link\u00bb qode_css_animation=\u00bb\u00bb link=\u00bbhttp:\/\/concoval.es\/informacion-economica-2&#8243;][\/vc_column_inner][vc_column_inner width=\u00bb1\/4&#8243;][vc_single_image image=\u00bb16059&#8243; img_size=\u00bblarge\u00bb alignment=\u00bbcenter\u00bb qode_css_animation=\u00bb\u00bb][\/vc_column_inner][vc_column_inner width=\u00bb1\/4&#8243;][vc_single_image image=\u00bb16060&#8243; img_size=\u00bblarge\u00bb alignment=\u00bbcenter\u00bb onclick=\u00bbcustom_link\u00bb qode_css_animation=\u00bb\u00bb link=\u00bbhttp:\/\/concoval.es\/subvenciones-ayudas-publicas\/\u00bb][\/vc_column_inner][\/vc_row_inner][vc_empty_space][\/vc_column][\/vc_row][vc_row css_animation=\u00bb\u00bb row_type=\u00bbrow\u00bb use_row_as_full_screen_section=\u00bbno\u00bb type=\u00bbfull_width\u00bb angled_section=\u00bbno\u00bb text_align=\u00bbleft\u00bb&#8230;<\/p>\n","protected":false},"author":1,"featured_media":0,"parent":0,"menu_order":0,"comment_status":"closed","ping_status":"closed","template":"","meta":{"footnotes":""},"_links":{"self":[{"href":"https:\/\/concoval.es\/es\/wp-json\/wp\/v2\/pages\/16073"}],"collection":[{"href":"https:\/\/concoval.es\/es\/wp-json\/wp\/v2\/pages"}],"about":[{"href":"https:\/\/concoval.es\/es\/wp-json\/wp\/v2\/types\/page"}],"author":[{"embeddable":true,"href":"https:\/\/concoval.es\/es\/wp-json\/wp\/v2\/users\/1"}],"replies":[{"embeddable":true,"href":"https:\/\/concoval.es\/es\/wp-json\/wp\/v2\/comments?post=16073"}],"version-history":[{"count":29,"href":"https:\/\/concoval.es\/es\/wp-json\/wp\/v2\/pages\/16073\/revisions"}],"predecessor-version":[{"id":34912,"href":"https:\/\/concoval.es\/es\/wp-json\/wp\/v2\/pages\/16073\/revisions\/34912"}],"wp:attachment":[{"href":"https:\/\/concoval.es\/es\/wp-json\/wp\/v2\/media?parent=16073"}],"curies":[{"name":"wp","href":"https:\/\/api.w.org\/{rel}","templated":true}]}}