{"id":16079,"date":"2016-04-25T12:40:41","date_gmt":"2016-04-25T12:40:41","guid":{"rendered":"http:\/\/concoval.es\/?page_id=16079"},"modified":"2025-12-03T13:14:40","modified_gmt":"2025-12-03T12:14:40","slug":"subvenciones-ayudas-publicas","status":"publish","type":"page","link":"https:\/\/concoval.es\/es\/subvenciones-ayudas-publicas\/","title":{"rendered":"Subvenciones y ayudas p\u00fablicas"},"content":{"rendered":"<p>[vc_row css_animation=\u00bb\u00bb row_type=\u00bbrow\u00bb use_row_as_full_screen_section=\u00bbno\u00bb type=\u00bbfull_width\u00bb angled_section=\u00bbno\u00bb text_align=\u00bbleft\u00bb background_image_as_pattern=\u00bbwithout_pattern\u00bb][vc_column][vc_empty_space height=\u00bb64px\u00bb][vc_row_inner row_type=\u00bbrow\u00bb type=\u00bbfull_width\u00bb text_align=\u00bbleft\u00bb css_animation=\u00bb\u00bb][vc_column_inner width=\u00bb1\/4&#8243;][vc_single_image image=\u00bb16056&#8243; img_size=\u00bblarge\u00bb alignment=\u00bbcenter\u00bb onclick=\u00bbcustom_link\u00bb qode_css_animation=\u00bb\u00bb link=\u00bbhttp:\/\/concoval.es\/informacion-institucional\/\u00bb][\/vc_column_inner][vc_column_inner width=\u00bb1\/4&#8243;][vc_single_image image=\u00bb16058&#8243; img_size=\u00bblarge\u00bb alignment=\u00bbcenter\u00bb onclick=\u00bbcustom_link\u00bb qode_css_animation=\u00bb\u00bb link=\u00bbhttp:\/\/concoval.es\/informacion-economica-2&#8243;][\/vc_column_inner][vc_column_inner width=\u00bb1\/4&#8243;][vc_single_image image=\u00bb16059&#8243; img_size=\u00bblarge\u00bb alignment=\u00bbcenter\u00bb onclick=\u00bbcustom_link\u00bb qode_css_animation=\u00bb\u00bb link=\u00bbhttp:\/\/concoval.es\/organos-gobierno\u00bb][\/vc_column_inner][vc_column_inner width=\u00bb1\/4&#8243;][vc_single_image image=\u00bb16060&#8243; img_size=\u00bblarge\u00bb alignment=\u00bbcenter\u00bb onclick=\u00bbcustom_link\u00bb qode_css_animation=\u00bb\u00bb link=\u00bbhttp:\/\/concoval.es\/subvenciones-ayudas-publicas\/\u00bb][\/vc_column_inner][\/vc_row_inner][vc_empty_space][\/vc_column][\/vc_row][vc_row css_animation=\u00bb\u00bb row_type=\u00bbrow\u00bb use_row_as_full_screen_section=\u00bbno\u00bb type=\u00bbfull_width\u00bb angled_section=\u00bbno\u00bb text_align=\u00bbleft\u00bb background_image_as_pattern=\u00bbwithout_pattern\u00bb][vc_column][vc_column_text]<\/p>\n<h1 class=\"entry-title\" style=\"text-align: center;\"><strong>Subvenciones, ayudas y\u00a0convenios<\/strong><\/h1>\n<p>[\/vc_column_text][vc_empty_space][vc_column_text]<\/p>\n<h2 class=\"entry-title\" style=\"text-align: center;\"><span style=\"color: #cd202c;\"><strong>\u00a0<\/strong>Ejercicio 2024<\/span><\/h2>\n<div class=\"entry-content\"><\/div>\n<p>[\/vc_column_text][vc_empty_space][vc_column_text]<\/p>\n<h3 style=\"text-align: center;\"><span style=\"color: #cd202c;\">CONVENIOS CON ENTIDADES PRIVADAS<\/span><\/h3>\n<p>[\/vc_column_text][vc_column_text]Convenio <strong>Caixa Popular 2023 <\/strong>(23.000 \u20ac)<\/p>\n<p>Val\u00e8ncia Capital Espa\u00f1ola de la Econom\u00eda social: Convenios con <strong>Anecoop, Caixa popular y Consum<\/strong> (75,000 \u20ac)<\/p>\n<p>Premis Pepe Miquel del Cooperativisme Valenci\u00e0 (2023-2024): Convenios con <strong>Anecoop, Cajamar y Consum<\/strong> (21.000 \u20ac)[\/vc_column_text][vc_empty_space][vc_column_text]<\/p>\n<h3 class=\"entry-title\" style=\"text-align: center;\"><span style=\"color: #cd202c;\">SUBVENCIONES Y CONVENIOS CON ENTIDADES P\u00daBLICAS<\/span><\/h3>\n<div class=\"entry-content\"><\/div>\n<p>[\/vc_column_text][vc_empty_space][vc_column_text]<\/p>\n<p style=\"text-align: justify;\"><strong>Confederaci\u00f3-Generalitat (Conselleria de Educaci\u00f3n, Cultura, Universidades y Empleo)<\/strong><\/p>\n<ul>\n<li style=\"text-align: justify;\">L\u00ednea presupuestaria: T737000, cap\u00edtulo IV del programa 322.55 \u201cPromoci\u00f3n de emprendedores, cooperativismo y econom\u00eda social\u201d<\/li>\n<li>\u00d3rgano concedente: Conselleria de Educaci\u00f3n, Cultura, Universidades y Empleo<\/li>\n<li>Objeto: Gastos corrientes y de funcionamiento y para actividades de promoci\u00f3n, fomento y difusi\u00f3n del cooperativismo.<\/li>\n<li>Plazo de ejecuci\u00f3n: Del 1 de enero al\u00a0 1 de diciembre de 2024<\/li>\n<li>Importe concedido: 350.000 \u20ac<\/li>\n<li>Resoluci\u00f3n: 21-10-2024<\/li>\n<\/ul>\n<p>&nbsp;<\/p>\n<p><strong>Comit\u00e9 Econ\u00f2mic i\u00a0Social CV<\/strong><\/p>\n<ul>\n<li>Objeto: Gastos representaci\u00f3n en el \u00f3rgano.<\/li>\n<li>Plazo de ejecuci\u00f3n: Del 1 de enero al 31 de diciembre de 2022<\/li>\n<li>Resoluci\u00f3n: Certificado CES-CV del 22\/01\/2024<\/li>\n<li>Importe concedido: 6.668,47 \u20ac<\/li>\n<\/ul>\n<p>&nbsp;<\/p>\n<p><strong>Proyecto: LIFE22-CET-ENCOM HUB<\/strong><\/p>\n<ul>\n<li>Objeto: Desarrollo de servicios de apoyo para la creaci\u00f3n de Comunidades Energ\u00e9ticas<\/li>\n<li>Expediente: 101120695<\/li>\n<li>Financiaci\u00f3n: Co-funded by the European Union. Views and opinions expressed are however those of the author(s) only and do not necessarily reflect those of the European Union or CINEA. Neither the European Union nor the granting authority can be held responsible for them. Grant Agreement n. 101120695.<\/li>\n<li>Plazo de ejecuci\u00f3n: 36 meses. Desde el 1 de enero de 2024 a 31 del 12 de 2026<\/li>\n<li>Subvenci\u00f3n: 108.814,48 \u20ac<\/li>\n<\/ul>\n<p>[\/vc_column_text][vc_empty_space][vc_column_text]<\/p>\n<h2 class=\"entry-title\" style=\"text-align: center;\"><span style=\"color: #cd202c;\"><strong>\u00a0<\/strong>Ejercicio 2023<\/span><\/h2>\n<div class=\"entry-content\"><\/div>\n<p>[\/vc_column_text][vc_empty_space][vc_column_text]<\/p>\n<h3 class=\"entry-title\" style=\"text-align: center;\"><span style=\"color: #cd202c;\">SUBVENCIONES Y CONVENIOS CON ENTIDADES P\u00daBLICAS<\/span><\/h3>\n<div class=\"entry-content\"><\/div>\n<p>[\/vc_column_text][vc_empty_space][vc_column_text]<strong>Confederaci\u00f3-Generalitat (Conselleria de Econom\u00eda Sostenible, Sectores Productivos, Comercio y Empleo)<\/strong><\/p>\n<ul>\n<li style=\"text-align: justify;\">L\u00ednea presupuestaria: T737000, cap\u00edtulo IV del programa 322.55 \u201cPromoci\u00f3n de emprendedores, cooperativismo y econom\u00eda social\u201d<\/li>\n<li>\u00d3rgano concedente: Conselleria de Econom\u00eda Sostenible, Sectores Productivos, Comercio\u00a0y Empleo.<\/li>\n<li>Objeto: Gastos corrientes y de funcionamiento y para actividades de promoci\u00f3n, fomento y difusi\u00f3n del cooperativismo.<\/li>\n<li>Plazo de ejecuci\u00f3n: Del 1 de enero al 1 de diciembre de 2023<\/li>\n<li>Importe concedido: 347.000 \u20ac<\/li>\n<li>Resoluci\u00f3n: 17-07-2023<\/li>\n<\/ul>\n<p>[\/vc_column_text][vc_empty_space][vc_column_text]<\/p>\n<h2 class=\"entry-title\" style=\"text-align: center;\"><span style=\"color: #cd202c;\"><strong>\u00a0<\/strong>Ejercicio 2022<\/span><\/h2>\n<div class=\"entry-content\"><\/div>\n<p>[\/vc_column_text][vc_empty_space][vc_column_text]<\/p>\n<h3 class=\"entry-title\" style=\"text-align: center;\"><span style=\"color: #cd202c;\">SUBVENCIONES Y CONVENIOS CON ENTIDADES P\u00daBLICAS<\/span><\/h3>\n<div class=\"entry-content\"><\/div>\n<p>[\/vc_column_text][vc_empty_space][vc_column_text]<strong>Confederaci\u00f3-Generalitat (Conselleria de Econom\u00eda Sostenible, Sectores Productivos, Comercio y Empleo)<\/strong><\/p>\n<ul>\n<li style=\"text-align: justify;\">L\u00ednea presupuestaria: T737000, cap\u00edtulo IV del programa 322.55 \u201cPromoci\u00f3n de emprendedores, cooperativismo y econom\u00eda social\u201d<\/li>\n<li>\u00d3rgano concedente: Conselleria de Econom\u00eda Sostenible, Sectores Productivos, Comercio\u00a0y Empleo.<\/li>\n<li>Objeto: Gastos corrientes y de funcionamiento y para actividades de promoci\u00f3n, fomento y difusi\u00f3n del cooperativismo.<\/li>\n<li>Plazo de ejecuci\u00f3n: Del 1 de enero al 21 de diciembre de 2022<\/li>\n<li>Importe concedido: 250000 \u20ac<\/li>\n<li>Resoluci\u00f3n: 20-12-2022<\/li>\n<\/ul>\n<p>&nbsp;<\/p>\n<p><strong>Confederaci\u00f3-Generalitat (Conselleria de Econom\u00eda Sostenible, Sectores Productivos, Comercio y Empleo)<\/strong><\/p>\n<ul>\n<li>L\u00ednea presupuestaria: S0529000, cap\u00edtulo IV del programa 322.55 \u201cPromoci\u00f3n de emprendedores, cooperativismo y econom\u00eda social\u201d<\/li>\n<li>\u00d3rgano concedente: Conselleria de Econom\u00eda Sostenible, Sectores Productivos, Comercio\u00a0y Empleo.<\/li>\n<li>Objeto: Fent Cooperatives<\/li>\n<li>Plazo de ejecuci\u00f3n: Del 1 de enero al 1 de diciembre de 2022<\/li>\n<li>Importe concedido: 37.000 \u20ac<\/li>\n<li>Resoluci\u00f3n: 20-12-2022<\/li>\n<\/ul>\n<p>[\/vc_column_text][vc_empty_space][vc_column_text]<\/p>\n<h2 class=\"entry-title\" style=\"text-align: center;\"><span style=\"color: #cd202c;\"><strong>\u00a0<\/strong>Ejercicio 2021<\/span><\/h2>\n<div class=\"entry-content\"><\/div>\n<p>[\/vc_column_text][vc_empty_space][vc_column_text]<\/p>\n<h3 class=\"entry-title\" style=\"text-align: center;\"><span style=\"color: #cd202c;\">SUBVENCIONES Y CONVENIOS CON ENTIDADES P\u00daBLICAS<\/span><\/h3>\n<div class=\"entry-content\"><\/div>\n<p>[\/vc_column_text][vc_empty_space][vc_column_text]<strong>Confederaci\u00f3-Generalitat (Conselleria de Educaci\u00f3n, Universidades y Empleo)<\/strong><\/p>\n<ul>\n<li>L\u00ednea presupuestaria: T737000, cap\u00edtulo IV del programa 322.55 \u201cPromoci\u00f3n de emprendedores, cooperativismo y econom\u00eda social\u201d<\/li>\n<li>\u00d3rgano concedente: Conselleria de Econom\u00eda Sostenible, Sectores Productivos, Comercio\u00a0y Empleo.<\/li>\n<li>Objeto: CONVENIO para Gastos corrientes y de funcionamiento y para actividades de promoci\u00f3n, fomento y difusi\u00f3n del cooperativismo.<\/li>\n<li>Plazo de ejecuci\u00f3n: Del 1 de enero al\u00a030 de noviembre de 2021<\/li>\n<li>Importe concedido: 250.000 \u20ac<\/li>\n<li>Resoluci\u00f3n: 22-10-2021<\/li>\n<\/ul>\n<p>&nbsp;<\/p>\n<p><strong>Confederaci\u00f3-Generalitat (Conselleria de Educaci\u00f3n, Universidades y Empleo)<\/strong><\/p>\n<ul>\n<li>L\u00ednea presupuestaria: T737000, cap\u00edtulo IV del programa 322.55 \u201cPromoci\u00f3n de emprendedores, cooperativismo y econom\u00eda social\u201d<\/li>\n<li>\u00d3rgano concedente: Conselleria de Econom\u00eda Sostenible, Sectores Productivos, Comercio\u00a0y Empleo.<\/li>\n<li>Objeto: CONVENIO Plan Fent Cooperatives.<\/li>\n<li>Plazo de ejecuci\u00f3n: Del 1 de enero al\u00a030 de noviembre de 2021<\/li>\n<li>Importe concedido: 50.000 \u20ac<\/li>\n<li>Resoluci\u00f3n: 22-10-2021<\/li>\n<\/ul>\n<p>[\/vc_column_text][vc_empty_space][\/vc_column][\/vc_row]<\/p>\n","protected":false},"excerpt":{"rendered":"<p>[vc_row css_animation=\u00bb\u00bb row_type=\u00bbrow\u00bb use_row_as_full_screen_section=\u00bbno\u00bb type=\u00bbfull_width\u00bb angled_section=\u00bbno\u00bb text_align=\u00bbleft\u00bb background_image_as_pattern=\u00bbwithout_pattern\u00bb][vc_column][vc_empty_space height=\u00bb64px\u00bb][vc_row_inner row_type=\u00bbrow\u00bb type=\u00bbfull_width\u00bb text_align=\u00bbleft\u00bb css_animation=\u00bb\u00bb][vc_column_inner width=\u00bb1\/4&#8243;][vc_single_image image=\u00bb16056&#8243; img_size=\u00bblarge\u00bb alignment=\u00bbcenter\u00bb onclick=\u00bbcustom_link\u00bb qode_css_animation=\u00bb\u00bb link=\u00bbhttp:\/\/concoval.es\/informacion-institucional\/\u00bb][\/vc_column_inner][vc_column_inner width=\u00bb1\/4&#8243;][vc_single_image image=\u00bb16058&#8243; img_size=\u00bblarge\u00bb alignment=\u00bbcenter\u00bb onclick=\u00bbcustom_link\u00bb qode_css_animation=\u00bb\u00bb link=\u00bbhttp:\/\/concoval.es\/informacion-economica-2&#8243;][\/vc_column_inner][vc_column_inner width=\u00bb1\/4&#8243;][vc_single_image image=\u00bb16059&#8243; img_size=\u00bblarge\u00bb alignment=\u00bbcenter\u00bb onclick=\u00bbcustom_link\u00bb qode_css_animation=\u00bb\u00bb link=\u00bbhttp:\/\/concoval.es\/organos-gobierno\u00bb][\/vc_column_inner][vc_column_inner width=\u00bb1\/4&#8243;][vc_single_image image=\u00bb16060&#8243; img_size=\u00bblarge\u00bb alignment=\u00bbcenter\u00bb onclick=\u00bbcustom_link\u00bb qode_css_animation=\u00bb\u00bb link=\u00bbhttp:\/\/concoval.es\/subvenciones-ayudas-publicas\/\u00bb][\/vc_column_inner][\/vc_row_inner][vc_empty_space][\/vc_column][\/vc_row][vc_row css_animation=\u00bb\u00bb row_type=\u00bbrow\u00bb use_row_as_full_screen_section=\u00bbno\u00bb type=\u00bbfull_width\u00bb&#8230;<\/p>\n","protected":false},"author":1,"featured_media":0,"parent":0,"menu_order":0,"comment_status":"closed","ping_status":"closed","template":"","meta":{"footnotes":""},"_links":{"self":[{"href":"https:\/\/concoval.es\/es\/wp-json\/wp\/v2\/pages\/16079"}],"collection":[{"href":"https:\/\/concoval.es\/es\/wp-json\/wp\/v2\/pages"}],"about":[{"href":"https:\/\/concoval.es\/es\/wp-json\/wp\/v2\/types\/page"}],"author":[{"embeddable":true,"href":"https:\/\/concoval.es\/es\/wp-json\/wp\/v2\/users\/1"}],"replies":[{"embeddable":true,"href":"https:\/\/concoval.es\/es\/wp-json\/wp\/v2\/comments?post=16079"}],"version-history":[{"count":30,"href":"https:\/\/concoval.es\/es\/wp-json\/wp\/v2\/pages\/16079\/revisions"}],"predecessor-version":[{"id":34899,"href":"https:\/\/concoval.es\/es\/wp-json\/wp\/v2\/pages\/16079\/revisions\/34899"}],"wp:attachment":[{"href":"https:\/\/concoval.es\/es\/wp-json\/wp\/v2\/media?parent=16079"}],"curies":[{"name":"wp","href":"https:\/\/api.w.org\/{rel}","templated":true}]}}