{"id":16965,"date":"2016-10-18T14:40:43","date_gmt":"2016-10-18T14:40:43","guid":{"rendered":"http:\/\/concoval.es\/?page_id=16965"},"modified":"2016-10-18T14:46:42","modified_gmt":"2016-10-18T14:46:42","slug":"la-confederacio-cooperatives-solicita-200-000-euros-consejo-valenciano-del-cooperativismo","status":"publish","type":"page","link":"https:\/\/concoval.es\/es\/la-confederacio-cooperatives-solicita-200-000-euros-consejo-valenciano-del-cooperativismo\/","title":{"rendered":"La Confederaci\u00f3 de Cooperatives solicita 200.000 euros para el Consejo Valenciano del Cooperativismo"},"content":{"rendered":"<ul>\n<li><em>El Consejo Valenciano del Cooperativismo, adscrito a la conselleria de Econom\u00eda Sostenible, Sectores Productivos, Comercio y Trabajo, es el \u00f3rgano asesor de la Generalitat en materia de cooperativas, y tiene adem\u00e1s funciones de planificaci\u00f3n, mediaci\u00f3n y arbitraje.<\/em><\/li>\n<\/ul>\n<ul>\n<li><em>El objetivo es dotar a este \u00f3rgano de un presupuesto propio para 2017 y de un servicio independiente que garantice la adecuada ejecuci\u00f3n de sus funciones, como se prev\u00e9 en el plan estrat\u00e9gico del propio Consejo aprobado en junio.<\/em><\/li>\n<\/ul>\n<ul>\n<li><em>\u00a0<\/em><em>Emili Villaescusa, presidente de la Confederaci\u00f3, insiste en que \u201cesta aspiraci\u00f3n es perfectamente asumible y viable. Est\u00e1 muy meditada: no quebranta el principio de austeridad impuesto por el Consell ni implica la modificaci\u00f3n del marco legal\u201d.<\/em><\/li>\n<\/ul>\n<ul>\n<li><em>\u00a0<\/em><em>Les Corts aprobaron por unanimidad en 2013 una resoluci\u00f3n en la que instan al Consell a elaborar un plan de actuaci\u00f3n, con dotaci\u00f3n presupuestaria suficiente, de impulso y extensi\u00f3n del cooperativismo.<\/em><\/li>\n<\/ul>\n<p>&nbsp;<\/p>\n<p><strong>Valencia, 18-10-2016.-<\/strong>\u00a0La Confederaci\u00f3 de Cooperatives de la Comunitat Valenciana reclama al Consell que dote al Consejo Valenciano del Cooperativismo de un presupuesto propio y de un servicio independiente para la planificaci\u00f3n, gesti\u00f3n y ejecuci\u00f3n de sus funciones, como se prev\u00e9 en el plan estrat\u00e9gico aprobado el pasado 20 de junio, que marca las directrices para la dinamizaci\u00f3n y modernizaci\u00f3n de este \u00f3rgano.<\/p>\n<p>El objetivo es que el Consejo Valenciano del Cooperativismo se convierta en una instituci\u00f3n de prestigio, que sea percibida como referente \u00e9tico para las cooperativas, creadora e impulsora de acciones y pol\u00edticas innovadoras bajo los principios de independencia, transparencia, eficacia y coherencia. Estos prop\u00f3sitos se corresponden con las nuevas y ambiciosas funciones que la legislaci\u00f3n cooperativa asign\u00f3 en 2014 al \u00f3rgano y que no se est\u00e1n cumpliendo por falta de presupuesto.<\/p>\n<p>Para ello, el plan estrat\u00e9gico concluye que este Consejo deber\u00eda disfrutar de identidad y visibilidad propias, y no seguir dependiendo del servicio de Fomento del Cooperativismo y la Econom\u00eda Social, que tambi\u00e9n atiende otras funciones que requieren una dedicaci\u00f3n continua y diferente y que tiene sus particulares exigencias.<\/p>\n<p>Seg\u00fan los c\u00e1lculos realizados por los t\u00e9cnicos encargados de redactar el plan estrat\u00e9gico, para preservar la autonom\u00eda del Consejo ser\u00eda suficiente con dotar aproximadamente 200.000 euros anuales. Ello permitir\u00eda al ente disponer de los recursos necesarios para atender todas sus competencias y dise\u00f1ar un programa eficiente de actuaci\u00f3n.<\/p>\n<p>En este sentido, Emili Villaescusa, asegura que \u201c<em>lo que estamos reclamando es perfectamente razonable, no es nada desorbitado ni tampoco es complicado de poner en marcha. Es cuesti\u00f3n de voluntad pol\u00edtica: no estamos quebrantando el marco legal ni tampoco el principio de austeridad del gobierno valenciano<\/em>\u201d, y a\u00f1ade: \u201c<em>En estos d\u00edas en que est\u00e1 trabaj\u00e1ndose el presupuesto de la Generalitat para 2017, el conseller Climent se ha comprometido a plantear este impulso para el Consejo Valenciano del Cooperativismo. Esperamos que, cuando lo haga, su petici\u00f3n sea respaldada por los dem\u00e1s miembros del Consell, que tantas veces se han pronunciado a favor de las cooperativas en sus discursos<\/em>\u201d.<\/p>\n<p><strong>Unanimidad pol\u00edtica<\/strong><\/p>\n<p>Les Corts Valencianes aprobaron en 2013, por unanimidad de todos los grupos parlamentarios, una resoluci\u00f3n en la que instaban al Consell a elaborar un plan de actuaci\u00f3n, con dotaci\u00f3n presupuestaria suficiente, de impulso y de extensi\u00f3n del cooperativismo, dados los resultados positivos que la f\u00f3rmula cooperativa hab\u00eda tenido durante la crisis econ\u00f3mica en comparaci\u00f3n con otras f\u00f3rmulas societarias.<\/p>\n<p>Aquella recomendaci\u00f3n del parlamento auton\u00f3mico qued\u00f3 recogida en la modificaci\u00f3n de la Ley de Cooperativas que estaba gest\u00e1ndose en aquel momento. En 2014 adquiri\u00f3 rango de ley la obligaci\u00f3n de elaborar un plan bienal de apoyo y fomento del cooperativismo, que est\u00e1 llamado a ser el instrumento de planificaci\u00f3n de las pol\u00edticas y acciones de la Generalitat en esta materia. Pese a que han transcurrido m\u00e1s de dos a\u00f1os desde que entr\u00f3 en vigor este mandato legal, todav\u00eda no se ha aprobado el primer plan bienal, que debe ser elaborado por el Consejo Valenciano del Cooperativismo.<\/p>\n<p>El Consejo es un ente sin personalidad jur\u00eddica propia, dependiente org\u00e1nicamente de la conselleria de Econom\u00eda Sostenible y adscrito a la direcci\u00f3n general de Econom\u00eda, Emprendimiento y Cooperativismo, que le proporciona los recursos necesarios para su funcionamiento. Sus funciones se agrupan en cuatro \u00e1reas: participaci\u00f3n en la planificaci\u00f3n de las pol\u00edticas de la Generalitat en materia de cooperativas; fomento y difusi\u00f3n del cooperativismo; elaboraci\u00f3n de informes legales preceptivos e intervenci\u00f3n en casos de liquidaci\u00f3n de cooperativas; y resoluci\u00f3n extrajudicial de conflictos, a trav\u00e9s de la mediaci\u00f3n, la conciliaci\u00f3n y el arbitraje.<\/p>\n<p><strong>M\u00e1s de 2.500 cooperativas<\/strong><\/p>\n<p>La Confederaci\u00f3 de Cooperatives de la Comunitat Valenciana es el m\u00e1ximo \u00f3rgano de representaci\u00f3n de las empresas cooperativas y de sus organizaciones en el \u00e1mbito auton\u00f3mico. No tiene \u00e1nimo de lucro y asocia a todas las federaciones de cooperativas existentes en la Comunitat: la de agroalimentarias, la de trabajo asociado, la de viviendas, la de consumidores y usuarios, la de el\u00e9ctricas, y la de servicios y transportes.<\/p>\n<p>Las cooperativas valencianas son un agente primordial de vertebraci\u00f3n territorial y est\u00e1n presentes en todos los sectores econ\u00f3micos: agricultura, cr\u00e9dito, ense\u00f1anza, industria, servicios, construcci\u00f3n, distribuci\u00f3n comercial, electricidad, transportes&#8230; Con m\u00e1s de 2.500 cooperativas que generan casi 80.000 empleos directos (el 85% de ellos indefinidos) y un volumen de negocio superior a los 18.500 millones de euros, la valenciana es la tercera comunidad aut\u00f3noma en n\u00famero de cooperativas y empleo de Espa\u00f1a. Se estima que alrededor 1.500.000 de personas forman parte de alguna cooperativa en la Comunitat, lo que equivale a m\u00e1s del 30% de la poblaci\u00f3n de este territorio.<\/p>\n<p>&nbsp;<\/p>\n<p><img decoding=\"async\" loading=\"lazy\" class=\"alignnone wp-image-16968 size-medium\" src=\"http:\/\/concoval.es\/wp-content\/uploads\/2016\/10\/NdP-2016-10-18-Villaescusa-y-Climent-2-235x300.jpg\" alt=\"ndp-2016-10-18-villaescusa-y-climent-2\" width=\"235\" height=\"300\" srcset=\"https:\/\/concoval.es\/wp-content\/uploads\/2016\/10\/NdP-2016-10-18-Villaescusa-y-Climent-2-235x300.jpg 235w, https:\/\/concoval.es\/wp-content\/uploads\/2016\/10\/NdP-2016-10-18-Villaescusa-y-Climent-2-768x979.jpg 768w, https:\/\/concoval.es\/wp-content\/uploads\/2016\/10\/NdP-2016-10-18-Villaescusa-y-Climent-2-803x1024.jpg 803w, https:\/\/concoval.es\/wp-content\/uploads\/2016\/10\/NdP-2016-10-18-Villaescusa-y-Climent-2-700x893.jpg 700w, https:\/\/concoval.es\/wp-content\/uploads\/2016\/10\/NdP-2016-10-18-Villaescusa-y-Climent-2.jpg 1200w\" sizes=\"(max-width: 235px) 100vw, 235px\" \/><\/p>\n","protected":false},"excerpt":{"rendered":"<p>El Consejo Valenciano del Cooperativismo, adscrito a la conselleria de Econom\u00eda Sostenible, Sectores Productivos, Comercio y Trabajo, es el \u00f3rgano asesor de la Generalitat en materia de cooperativas, y tiene adem\u00e1s funciones de planificaci\u00f3n, mediaci\u00f3n y arbitraje. El objetivo es dotar a este \u00f3rgano de&#8230;<\/p>\n","protected":false},"author":2,"featured_media":16968,"parent":0,"menu_order":0,"comment_status":"closed","ping_status":"closed","template":"","meta":{"footnotes":""},"_links":{"self":[{"href":"https:\/\/concoval.es\/es\/wp-json\/wp\/v2\/pages\/16965"}],"collection":[{"href":"https:\/\/concoval.es\/es\/wp-json\/wp\/v2\/pages"}],"about":[{"href":"https:\/\/concoval.es\/es\/wp-json\/wp\/v2\/types\/page"}],"author":[{"embeddable":true,"href":"https:\/\/concoval.es\/es\/wp-json\/wp\/v2\/users\/2"}],"replies":[{"embeddable":true,"href":"https:\/\/concoval.es\/es\/wp-json\/wp\/v2\/comments?post=16965"}],"version-history":[{"count":0,"href":"https:\/\/concoval.es\/es\/wp-json\/wp\/v2\/pages\/16965\/revisions"}],"wp:featuredmedia":[{"embeddable":true,"href":"https:\/\/concoval.es\/es\/wp-json\/wp\/v2\/media\/16968"}],"wp:attachment":[{"href":"https:\/\/concoval.es\/es\/wp-json\/wp\/v2\/media?parent=16965"}],"curies":[{"name":"wp","href":"https:\/\/api.w.org\/{rel}","templated":true}]}}