{"id":17629,"date":"2017-02-22T11:33:03","date_gmt":"2017-02-22T11:33:03","guid":{"rendered":"http:\/\/concoval.es\/?page_id=17629"},"modified":"2025-11-13T16:18:50","modified_gmt":"2025-11-13T15:18:50","slug":"aldea-cooperativa-anantapur","status":"publish","type":"page","link":"https:\/\/concoval.es\/es\/aldea-cooperativa-anantapur\/","title":{"rendered":"Alianza entre el cooperativismo valenciano y la Fundaci\u00f3n Vicente Ferrer"},"content":{"rendered":"<p>[vc_row css_animation=\u00bb\u00bb row_type=\u00bbrow\u00bb use_row_as_full_screen_section=\u00bbno\u00bb type=\u00bbfull_width\u00bb angled_section=\u00bbno\u00bb text_align=\u00bbleft\u00bb background_image_as_pattern=\u00bbwithout_pattern\u00bb][vc_column][\/vc_column][\/vc_row][vc_row css_animation=\u00bb\u00bb row_type=\u00bbrow\u00bb use_row_as_full_screen_section=\u00bbno\u00bb type=\u00bbfull_width\u00bb angled_section=\u00bbno\u00bb text_align=\u00bbleft\u00bb background_image_as_pattern=\u00bbwithout_pattern\u00bb][vc_column][vc_empty_space][vc_column_text]<span style=\"color: #cd202c;\"><strong>EL COOPERATIVISMO VALENCIANO EN ANANTAPUR<\/strong><\/span><\/p>\n<p>&nbsp;<\/p>\n<p>La alianza entre Concoval y la FVF empez\u00f3 en 2016 con un viaje a India por parte de la directiva de la confederaci\u00f3n para conocer de primera mano el trabajo de la organizaci\u00f3n y compartir sus experiencias en el desarrollo de la econom\u00eda social.<\/p>\n<p>&nbsp;<\/p>\n<p>Ese mismo a\u00f1o, 22 cooperativas se unieron en la primera acci\u00f3n intercooperativa de solidaridad de la Comunitat Valenciana para acompa\u00f1ar a 17 familias hacia una vida digna a trav\u00e9s de la construcci\u00f3n de viviendas y servicios b\u00e1sicos en su aldea.<\/p>\n<p>&nbsp;<\/p>\n<p>El \u00e9xito de este primer logro anim\u00f3 al desarrollo de un nuevo proyecto transformador en noviembre de 2018, al que sumaron todav\u00eda m\u00e1s cooperativas hasta alcanzar un total de 27, para la construcci\u00f3n de un centro de secundaria en una zona rural para m\u00e1s de 500 j\u00f3venes provenientes de familias campesinas humildes.<\/p>\n<p>&nbsp;<\/p>\n<p>En 2023 se vuelven a juntar 21 cooperativas para desarrollar otra iniciativa pionera en la India de la mano de la Fundaci\u00f3n Vicente Ferrer como es el primer centro comunitario para asociaciones en la India Rural.[\/vc_column_text][vc_empty_space][vc_column_text]<span style=\"color: #cd202c;\"><strong>PRIMER CENTRO COMUNITARIO PARA ASOCIACIONES EN LA INDIA RURAL<\/strong><\/span><\/p>\n<p>&nbsp;<\/p>\n<p>El cooperativismo valenciano y la Fundaci\u00f3n Vicente Ferrer (FVF) han reafirmado el 28-07-2023 en Val\u00e8ncia su compromiso con el asociacionismo y la justicia social a trav\u00e9s de la firma de un acuerdo para un proyecto pionero: la construcci\u00f3n del primer <strong>centro comunitario para asociaciones<\/strong> en situaci\u00f3n de vulnerabilidad en la India rural.<\/p>\n<p>&nbsp;<\/p>\n<p><strong>Cooperativas participantes<\/strong><\/p>\n<p>En esta ocasi\u00f3n, un total de veintiuna entidades cooperativas se han unido en la iniciativa coordinada por Concoval: Anecoop, Impulso Cooperativo, Caixa Popular, Grupo Sorolla, Min Project, La Terreta Serveis Socials, MQR R\u00e0dio, Covalser, Juan Comenius, Cooperativa Agr\u00edcola Ntra. Sra. de L\u2019Oreto (Canso), Caixa Rural de l\u2019Alc\u00fadia, Covi\u00f1as, Florida Centre de Formaci\u00f3, Coarval, Rural San Vicent Ferrer de Benaguasil, Coinfer, Caja Rural Central, Uni\u00f3 de Cooperatives d\u2019Ensenyament, Caja Rural Albal y las federaciones de cooperativas de Consumidores y Usuarios y El\u00e9ctricas de la Comunidad Valenciana.<\/p>\n<p>&nbsp;<\/p>\n<p>La solidaridad de todas estas cooperativas, de diferentes clases y tama\u00f1os, ha permitido recaudar 45.350 euros, que se invertir\u00e1n en la construcci\u00f3n y equipamiento del centro comunitario para asociaciones de colectivos en riesgo de exclusi\u00f3n social en India.<\/p>\n<p>&nbsp;<\/p>\n<p><strong>Tejer alianzas desde un espacio seguro <\/strong><\/p>\n<p>Este primer centro comunitario para asociaciones de personas con discapacidad, cuya construcci\u00f3n est\u00e1 previsto empezar a finales de a\u00f1o, tiene la voluntad de convertirse en un espacio seguro en el que fortalecer v\u00ednculos entre personas y asociaciones para impulsar acciones que permitan alcanzar la justicia social, la igualdad y la inclusi\u00f3n.<\/p>\n<p>&nbsp;<\/p>\n<p>El trabajo colectivo llevado a cabo a trav\u00e9s de las asociaciones y cooperativas hace m\u00e1s poderosas a las personas, les devuelve la confianza en s\u00ed mismos y les provee de una red de apoyo y cuidados desde la que transformar su realidad.<\/p>\n<p>&nbsp;<\/p>\n<p>La aldea de Bommanahal ha sido escogida como la ubicaci\u00f3n de este primer centro piloto que aglutinar\u00e1 las organizaciones de 31 pueblos y unas 500 personas, aunque la voluntad es que pronto las m\u00e1s de 100.000 personas de la regi\u00f3n organizadas en asociaciones para personas con discapacidad o de mujeres puedan contar con espacios parecidos.[\/vc_column_text][vc_empty_space][vc_single_image image=\u00bb32081&#8243; img_size=\u00bbfull\u00bb alignment=\u00bbcenter\u00bb qode_css_animation=\u00bb\u00bb][vc_empty_space][vc_column_text]<span style=\"color: #cd202c;\"><strong>UNA ESCUELA EN ANANTAPUR PARA UNA VIDA DIGNA<\/strong><\/span><\/p>\n<p>&nbsp;<\/p>\n<p>Las cooperativas valencianas, y la Fundaci\u00f3n Vicente Ferrer (FVF) construyeron entre 2018 y 2019 una escuela de secundaria en la aldea de Sirivaram (Anantapur, India). La escuela, que cuenta con el apoyo del gobierno local, garantiza el acceso a la educaci\u00f3n a 367 j\u00f3venes de familias cuya econom\u00eda est\u00e1 basada en una agricultura de subsistencia. A trav\u00e9s de la educaci\u00f3n rompe el c\u00edrculo de pobreza extrema en el que viven.<\/p>\n<p>&nbsp;<\/p>\n<p>El proyecto mejora la salud del alumnado a trav\u00e9s de la alimentaci\u00f3n diaria que se les proporcionar\u00e1 desde el centro, equipado con cocina y comedor, el acceso a agua potable en el recinto, y los aseos. De esta forma, los chicos y chicas de estas familias, adem\u00e1s de los que asistan en el futuro al centro educativo, se convertir\u00e1n en los nuevos referentes que impulsar\u00e1n el desarrollo de su comunidad.<\/p>\n<p>&nbsp;<\/p>\n<p>Las cooperativas agroalimentarias que participan en el proyecto son: Coarval, Cofrudeca, Cooperativa Comarcal La Vall d\u2019Albaida, Anecoop, Covi\u00f1as, Cooperativa Agr\u00edcola Nuestra Se\u00f1ora del Oreto de L\u2019Alc\u00fadia (Canso), Utecamp, Coopego, La Vi\u00f1a, Rural San Vicente Ferrer de Benaguasil, Nulexport y Socapma. La colaboraci\u00f3n de todas ellas ha sido coordinada por Cooperatives Agro-aliment\u00e0ries de la Comunitat Valenciana.<\/p>\n<p>&nbsp;<\/p>\n<p>Tambi\u00e9n se han sumado al proyecto de desarrollo alguna de las cooperativas de la Associaci\u00f3 Valenciana de Cooperatives de Cr\u00e8dit: Caja Rural Central de Orihuela, Caixa Popular, Caixa Rural d\u2019Algemes\u00ed, Caixa Rural de L\u2019Alcudia,\u00a0 y Caja Rural de Albal.<\/p>\n<p>&nbsp;<\/p>\n<p>Adem\u00e1s de las agroalimentarias y de cr\u00e9dito, tambi\u00e9n han colaborado en esta iniciativa otras cooperativas y entidades representativas de diferentes sectores: Cooperativa El\u00e8ctrica d\u2019Alginet, Coinfer, Federaci\u00f3n de Cooperativas de Consumidores y Usuarios de la CV, Federaci\u00f3n de Cooperativas El\u00e9ctricas de la CV, Grupo Sorolla Educaci\u00f3n, Florida Grup Educatiu, Povinet-Sercoval, Serlicoop, Impulso Cooperativo, Fecovi y la Fundaci\u00f3n Txema Elorza.[\/vc_column_text][vc_empty_space][vc_single_image image=\u00bb23821&#8243; img_size=\u00bbfull\u00bb alignment=\u00bbcenter\u00bb qode_css_animation=\u00bb\u00bb][vc_empty_space][vc_column_text]<span style=\"color: #cd202c;\"><strong>UNA ALDEA COOPERATIVA EN ANANTAPUR<\/strong><\/span><\/p>\n<p>&nbsp;<\/p>\n<p>Las cooperativas valencianas han impulsado un proyecto colectivo de solidaridad en colaboraci\u00f3n con la Fundaci\u00f3n Vicente Ferrer\u00a0 para el desarrollo de la aldea Mydugolam Village en Anantapur (estado de Andhra Pradesh, India).<\/p>\n<p>&nbsp;<\/p>\n<p>El proyecto Una aldea cooperativa en Anantapur, para el que las cooperativas han recaudado 51.767 euros, hizo posible la construcci\u00f3n de 24 viviendas para las familias m\u00e1s desfavorecidas de Mydugolam Village, poblaci\u00f3n donde el cooperativismo valenciano pretende establecer un vinculo permanente.<\/p>\n<p>&nbsp;<\/p>\n<p>El 8 de noviembre de 2016 se firmaron en Val\u00e8ncia los convenios de colaboraci\u00f3n con la presidenta de la Fundaci\u00f3n, Anna Ferrer, quien durante 48 a\u00f1os ha estado, junto a su marido Vicente (que muri\u00f3 en el a\u00f1o 2009), al frente del extraordinario proyecto que ha cambiado ya la vida de m\u00e1s de tres millones de personas a Anantapur.<\/p>\n<p>&nbsp;<\/p>\n<p>La construcci\u00f3n de la aldea cooperativa se va a desarrollar a lo largo de 2017 y se inaugur\u00f3 el 7 de diciembre.[\/vc_column_text][vc_empty_space][vc_single_image image=\u00bb20420&#8243; img_size=\u00bbfull\u00bb alignment=\u00bbcenter\u00bb qode_css_animation=\u00bb\u00bb][vc_empty_space][\/vc_column][\/vc_row][vc_row css_animation=\u00bb\u00bb row_type=\u00bbrow\u00bb use_row_as_full_screen_section=\u00bbno\u00bb type=\u00bbfull_width\u00bb angled_section=\u00bbno\u00bb text_align=\u00bbleft\u00bb background_image_as_pattern=\u00bbwithout_pattern\u00bb][vc_column][vc_column_text][\/vc_column_text][vc_empty_space][\/vc_column][\/vc_row][vc_row css_animation=\u00bb\u00bb row_type=\u00bbrow\u00bb use_row_as_full_screen_section=\u00bbno\u00bb type=\u00bbfull_width\u00bb angled_section=\u00bbno\u00bb text_align=\u00bbleft\u00bb background_image_as_pattern=\u00bbwithout_pattern\u00bb][vc_column width=\u00bb1\/6&#8243;][vc_empty_space][vc_empty_space][vc_single_image image=\u00bb32149&#8243; img_size=\u00bbfull\u00bb alignment=\u00bbcenter\u00bb onclick=\u00bbcustom_link\u00bb qode_css_animation=\u00bb\u00bb link=\u00bbhttp:\/\/concoval.es\u00bb][\/vc_column][vc_column width=\u00bb1\/6&#8243;][vc_single_image image=\u00bb17987&#8243; img_size=\u00bbfull\u00bb alignment=\u00bbcenter\u00bb onclick=\u00bbcustom_link\u00bb qode_css_animation=\u00bb\u00bb link=\u00bbhttp:\/\/www.fundacionvicenteferrer.org\/es\/\u00bb][\/vc_column][vc_column width=\u00bb1\/6&#8243;][vc_single_image image=\u00bb17964&#8243; img_size=\u00bbfull\u00bb alignment=\u00bbcenter\u00bb onclick=\u00bbcustom_link\u00bb qode_css_animation=\u00bb\u00bb link=\u00bbhttp:\/\/anecoop.com\u00bb][\/vc_column][vc_column width=\u00bb1\/6&#8243;][vc_single_image image=\u00bb17965&#8243; img_size=\u00bbfull\u00bb alignment=\u00bbcenter\u00bb onclick=\u00bbcustom_link\u00bb qode_css_animation=\u00bb\u00bb link=\u00bbhttp:\/\/www.caixapopular.es\/inicio.html\u00bb][\/vc_column][vc_column width=\u00bb1\/6&#8243;][vc_single_image image=\u00bb17966&#8243; img_size=\u00bbfull\u00bb alignment=\u00bbcenter\u00bb onclick=\u00bbcustom_link\u00bb qode_css_animation=\u00bb\u00bb link=\u00bbhttp:\/\/cralcudia.azurewebsites.net\u00bb][\/vc_column][vc_column width=\u00bb1\/6&#8243;][vc_single_image image=\u00bb17967&#8243; img_size=\u00bbfull\u00bb alignment=\u00bbcenter\u00bb onclick=\u00bbcustom_link\u00bb qode_css_animation=\u00bb\u00bb link=\u00bbhttp:\/\/www.cansocoopv.es\/nueva-web\/\u00bb][\/vc_column][\/vc_row][vc_row css_animation=\u00bb\u00bb row_type=\u00bbrow\u00bb use_row_as_full_screen_section=\u00bbno\u00bb type=\u00bbfull_width\u00bb angled_section=\u00bbno\u00bb text_align=\u00bbleft\u00bb background_image_as_pattern=\u00bbwithout_pattern\u00bb][vc_column][vc_empty_space][\/vc_column][\/vc_row][vc_row css_animation=\u00bb\u00bb row_type=\u00bbrow\u00bb use_row_as_full_screen_section=\u00bbno\u00bb type=\u00bbfull_width\u00bb angled_section=\u00bbno\u00bb text_align=\u00bbleft\u00bb background_image_as_pattern=\u00bbwithout_pattern\u00bb][vc_column width=\u00bb1\/6&#8243;][vc_single_image image=\u00bb17968&#8243; img_size=\u00bbfull\u00bb alignment=\u00bbcenter\u00bb onclick=\u00bbcustom_link\u00bb qode_css_animation=\u00bb\u00bb link=\u00bbhttp:\/\/coopvall.com\u00bb][\/vc_column][vc_column width=\u00bb1\/6&#8243;][vc_single_image image=\u00bb17969&#8243; img_size=\u00bbfull\u00bb alignment=\u00bbcenter\u00bb qode_css_animation=\u00bb\u00bb el_class=\u00bbhttp:\/\/www.electricadealginet.com\u00bb][\/vc_column][vc_column width=\u00bb1\/6&#8243;][vc_single_image image=\u00bb17970&#8243; img_size=\u00bbfull\u00bb alignment=\u00bbcenter\u00bb onclick=\u00bbcustom_link\u00bb qode_css_animation=\u00bb\u00bb link=\u00bbhttp:\/\/www.coarval.com\u00bb][\/vc_column][vc_column width=\u00bb1\/6&#8243;][vc_single_image image=\u00bb32192&#8243; img_size=\u00bbfull\u00bb alignment=\u00bbcenter\u00bb onclick=\u00bbcustom_link\u00bb qode_css_animation=\u00bb\u00bb link=\u00bbhttp:\/\/www.coinfer.es\u00bb][\/vc_column][vc_column width=\u00bb1\/6&#8243;][vc_single_image image=\u00bb17972&#8243; img_size=\u00bbfull\u00bb alignment=\u00bbcenter\u00bb onclick=\u00bbcustom_link\u00bb qode_css_animation=\u00bb\u00bb link=\u00bbhttp:\/\/www.covinas.com\u00bb][\/vc_column][vc_column width=\u00bb1\/6&#8243;][vc_single_image image=\u00bb17973&#8243; img_size=\u00bbfull\u00bb alignment=\u00bbcenter\u00bb onclick=\u00bbcustom_link\u00bb qode_css_animation=\u00bb\u00bb link=\u00bbhttps:\/\/www.ecsocial.com\/empresa\/federacion-de-cooperativas-de-consumo-de-la-comunidad-valenciana\/\u00bb][\/vc_column][\/vc_row][vc_row css_animation=\u00bb\u00bb row_type=\u00bbrow\u00bb use_row_as_full_screen_section=\u00bbno\u00bb type=\u00bbfull_width\u00bb angled_section=\u00bbno\u00bb text_align=\u00bbleft\u00bb background_image_as_pattern=\u00bbwithout_pattern\u00bb][vc_column][vc_empty_space][\/vc_column][\/vc_row][vc_row css_animation=\u00bb\u00bb row_type=\u00bbrow\u00bb use_row_as_full_screen_section=\u00bbno\u00bb type=\u00bbfull_width\u00bb angled_section=\u00bbno\u00bb text_align=\u00bbleft\u00bb background_image_as_pattern=\u00bbwithout_pattern\u00bb][vc_column width=\u00bb1\/6&#8243;][vc_single_image image=\u00bb17980&#8243; img_size=\u00bbfull\u00bb alignment=\u00bbcenter\u00bb onclick=\u00bbcustom_link\u00bb qode_css_animation=\u00bb\u00bb link=\u00bbhttp:\/\/www.ruralfruit.es\u00bb][vc_empty_space][\/vc_column][vc_column width=\u00bb1\/6&#8243;][vc_single_image image=\u00bb17981&#8243; img_size=\u00bbfull\u00bb alignment=\u00bbcenter\u00bb onclick=\u00bbcustom_link\u00bb qode_css_animation=\u00bb\u00bb link=\u00bbhttp:\/\/www.sampedroytorres.com\u00bb][vc_empty_space][\/vc_column][vc_column width=\u00bb1\/6&#8243;][vc_single_image image=\u00bb17982&#8243; img_size=\u00bbfull\u00bb alignment=\u00bbcenter\u00bb onclick=\u00bbcustom_link\u00bb qode_css_animation=\u00bb\u00bb link=\u00bbhttp:\/\/www.serlicoop.com\u00bb][vc_empty_space][\/vc_column][vc_column width=\u00bb1\/6&#8243;][vc_single_image image=\u00bb17983&#8243; alignment=\u00bbcenter\u00bb onclick=\u00bbcustom_link\u00bb qode_css_animation=\u00bb\u00bb link=\u00bbhttp:\/\/www.surinver.es\u00bb][vc_empty_space][\/vc_column][vc_column width=\u00bb1\/6&#8243;][vc_single_image image=\u00bb17984&#8243; img_size=\u00bbfull\u00bb alignment=\u00bbcenter\u00bb onclick=\u00bbcustom_link\u00bb qode_css_animation=\u00bb\u00bb link=\u00bbhttp:\/\/www.ucev.coop\u00bb][vc_empty_space][\/vc_column][vc_column width=\u00bb1\/6&#8243;][vc_single_image image=\u00bb17985&#8243; img_size=\u00bbfull\u00bb alignment=\u00bbcenter\u00bb onclick=\u00bbcustom_link\u00bb qode_css_animation=\u00bb\u00bb link=\u00bbhttp:\/\/engrupo.es\u00bb][vc_empty_space][\/vc_column][\/vc_row][vc_row css_animation=\u00bb\u00bb row_type=\u00bbrow\u00bb use_row_as_full_screen_section=\u00bbno\u00bb type=\u00bbfull_width\u00bb angled_section=\u00bbno\u00bb text_align=\u00bbleft\u00bb background_image_as_pattern=\u00bbwithout_pattern\u00bb][vc_column width=\u00bb1\/6&#8243;][vc_empty_space][vc_single_image image=\u00bb32150&#8243; img_size=\u00bbfull\u00bb alignment=\u00bbcenter\u00bb onclick=\u00bbcustom_link\u00bb qode_css_animation=\u00bb\u00bb link=\u00bbhttps:\/\/www.floridauniversitaria.es\/conocenos\/sobre-florida-universitaria\/florida-grup-educatiu\/\u00bb][vc_empty_space][\/vc_column][vc_column width=\u00bb1\/6&#8243;][vc_empty_space][vc_single_image image=\u00bb32151&#8243; img_size=\u00bbfull\u00bb alignment=\u00bbcenter\u00bb onclick=\u00bbcustom_link\u00bb qode_css_animation=\u00bb\u00bb link=\u00bbhttps:\/\/www.impulsocooperativo.com\/\u00bb][vc_empty_space][\/vc_column][vc_column width=\u00bb1\/6&#8243;][vc_empty_space][vc_single_image image=\u00bb32152&#8243; img_size=\u00bbfull\u00bb alignment=\u00bbcenter\u00bb onclick=\u00bbcustom_link\u00bb qode_css_animation=\u00bb\u00bb link=\u00bbhttps:\/\/www.coopelectricas.com\/\u00bb][vc_empty_space][\/vc_column][vc_column width=\u00bb1\/6&#8243;][vc_single_image image=\u00bb32157&#8243; alignment=\u00bbcenter\u00bb onclick=\u00bbcustom_link\u00bb qode_css_animation=\u00bb\u00bb link=\u00bbhttps:\/\/www.covalser.com\/es\/\u00bb][vc_empty_space][\/vc_column][vc_column width=\u00bb1\/6&#8243;][vc_empty_space][vc_single_image image=\u00bb32160&#8243; img_size=\u00bbfull\u00bb alignment=\u00bbcenter\u00bb onclick=\u00bbcustom_link\u00bb qode_css_animation=\u00bb\u00bb link=\u00bbhttps:\/\/www.ruralcentral.es\/es\u00bb][vc_empty_space][\/vc_column][vc_column width=\u00bb1\/6&#8243;][vc_single_image image=\u00bb32163&#8243; img_size=\u00bbfull\u00bb alignment=\u00bbcenter\u00bb onclick=\u00bbcustom_link\u00bb qode_css_animation=\u00bb\u00bb link=\u00bbhttps:\/\/gruposorollaeducacion.es\/\u00bb][vc_empty_space][\/vc_column][\/vc_row][vc_row css_animation=\u00bb\u00bb row_type=\u00bbrow\u00bb use_row_as_full_screen_section=\u00bbno\u00bb type=\u00bbfull_width\u00bb angled_section=\u00bbno\u00bb text_align=\u00bbleft\u00bb background_image_as_pattern=\u00bbwithout_pattern\u00bb][vc_column width=\u00bb1\/6&#8243;][vc_empty_space][vc_single_image image=\u00bb32166&#8243; img_size=\u00bbfull\u00bb alignment=\u00bbcenter\u00bb onclick=\u00bbcustom_link\u00bb qode_css_animation=\u00bb\u00bb link=\u00bbhttps:\/\/www.comenius.es\/\u00bb][\/vc_column][vc_column width=\u00bb1\/6&#8243;][vc_single_image image=\u00bb32194&#8243; img_size=\u00bbfull\u00bb alignment=\u00bbcenter\u00bb onclick=\u00bbcustom_link\u00bb qode_css_animation=\u00bb\u00bb link=\u00bbhttps:\/\/www.mqrvillena.com\/\u00bb][\/vc_column][vc_column width=\u00bb1\/6&#8243;][vc_single_image image=\u00bb32168&#8243; img_size=\u00bbfull\u00bb alignment=\u00bbcenter\u00bb onclick=\u00bbcustom_link\u00bb qode_css_animation=\u00bb\u00bb link=\u00bbhttps:\/\/coarval.com\/tiendas\/cofrudeca-coop-v\/\u00bb][\/vc_column][vc_column width=\u00bb1\/6&#8243;][vc_single_image image=\u00bb32193&#8243; alignment=\u00bbcenter\u00bb onclick=\u00bbcustom_link\u00bb qode_css_animation=\u00bb\u00bb link=\u00bbhttps:\/\/coopego.com\/\u00bb][\/vc_column][vc_column width=\u00bb1\/6&#8243;][vc_empty_space][vc_single_image image=\u00bb32191&#8243; img_size=\u00bbfull\u00bb alignment=\u00bbcenter\u00bb onclick=\u00bbcustom_link\u00bb qode_css_animation=\u00bb\u00bb link=\u00bbhttps:\/\/www.ventadelpuerto.com\/\u00bb][\/vc_column][vc_column width=\u00bb1\/6&#8243;][vc_empty_space][vc_single_image image=\u00bb32171&#8243; img_size=\u00bbfull\u00bb alignment=\u00bbcenter\u00bb onclick=\u00bbcustom_link\u00bb qode_css_animation=\u00bb\u00bb link=\u00bbhttps:\/\/www.caixalgemesi.es\/\u00bb][\/vc_column][\/vc_row][vc_row css_animation=\u00bb\u00bb row_type=\u00bbrow\u00bb use_row_as_full_screen_section=\u00bbno\u00bb type=\u00bbfull_width\u00bb angled_section=\u00bbno\u00bb text_align=\u00bbleft\u00bb background_image_as_pattern=\u00bbwithout_pattern\u00bb][vc_column width=\u00bb1\/6&#8243;][vc_empty_space][vc_empty_space][vc_single_image image=\u00bb32181&#8243; img_size=\u00bbfull\u00bb alignment=\u00bbcenter\u00bb onclick=\u00bbcustom_link\u00bb qode_css_animation=\u00bb\u00bb link=\u00bbhttp:\/\/www.socapma.com\/\u00bb][\/vc_column][vc_column width=\u00bb1\/6&#8243;][vc_single_image image=\u00bb32195&#8243; img_size=\u00bbfull\u00bb alignment=\u00bbcenter\u00bb qode_css_animation=\u00bb\u00bb][\/vc_column][vc_column width=\u00bb1\/6&#8243;][vc_empty_space][vc_empty_space][vc_single_image image=\u00bb32178&#8243; img_size=\u00bbfull\u00bb alignment=\u00bbcenter\u00bb onclick=\u00bbcustom_link\u00bb qode_css_animation=\u00bb\u00bb link=\u00bbhttps:\/\/fecovi.es\/\u00bb][\/vc_column][vc_column width=\u00bb1\/6&#8243;][vc_single_image image=\u00bb32228&#8243; img_size=\u00bbfull\u00bb alignment=\u00bbcenter\u00bb onclick=\u00bbcustom_link\u00bb qode_css_animation=\u00bb\u00bb link=\u00bbhttps:\/\/albal.ruralvia.com\/\u00bb][\/vc_column][vc_column width=\u00bb1\/6&#8243;][vc_empty_space][vc_empty_space][vc_single_image image=\u00bb32180&#8243; img_size=\u00bbfull\u00bb alignment=\u00bbcenter\u00bb onclick=\u00bbcustom_link\u00bb qode_css_animation=\u00bb\u00bb link=\u00bbhttp:\/\/sercoval.com\/\u00bb][\/vc_column][vc_column width=\u00bb1\/6&#8243;][vc_empty_space][vc_empty_space][vc_single_image image=\u00bb32229&#8243; img_size=\u00bbfull\u00bb alignment=\u00bbcenter\u00bb qode_css_animation=\u00bb\u00bb][\/vc_column][\/vc_row][vc_row css_animation=\u00bb\u00bb row_type=\u00bbrow\u00bb use_row_as_full_screen_section=\u00bbno\u00bb type=\u00bbfull_width\u00bb angled_section=\u00bbno\u00bb text_align=\u00bbleft\u00bb background_image_as_pattern=\u00bbwithout_pattern\u00bb][vc_column][vc_empty_space][vc_separator css_animation=\u00bbrotateInUpLeft\u00bb type=\u00bbnormal\u00bb][vc_empty_space][\/vc_column][\/vc_row][vc_row css_animation=\u00bb\u00bb row_type=\u00bbrow\u00bb use_row_as_full_screen_section=\u00bbno\u00bb type=\u00bbfull_width\u00bb angled_section=\u00bbno\u00bb text_align=\u00bbleft\u00bb background_image_as_pattern=\u00bbwithout_pattern\u00bb][vc_column width=\u00bb1\/3&#8243;]<div class=\"q_image_with_text_over\"><div class=\"shader\" ><\/div><img itemprop=\"image\" src=\"https:\/\/concoval.es\/wp-content\/uploads\/2017\/02\/1000-noticias-1000.png\" alt=\"NOTICIAS DE LA ALDEA\" \/><div class=\"text\"><table><tr><td><i class=\"qode_icon_font_awesome fa fa-newspaper-o icon_holder fa-lg\" style=\"\" ><\/i><h2 class=\"caption \" style=\"font-size: 24px;\">NOTICIAS DE LA ALDEA<\/h2><\/td><\/tr><\/table><table><tr><td><div class=\"desc\"><\/p>\n<h4><a href=\"http:\/\/concoval.es\/es\/aldea-cooperativa-anantapur\/noticias-de-la-aldea\/\">UNA ALDEA COOPERATIVA EN ANANTAPUR<\/a><\/h4>\n<p><\/div><\/td><\/tr><\/table><\/div><\/div>[\/vc_column][vc_column width=\u00bb1\/3&#8243;]<div class=\"q_image_with_text_over q_iwto_hover\"><div class=\"shader\" ><\/div><div class=\"shader_hover\" style=\"background-color: #418fde\"><\/div><img itemprop=\"image\" src=\"https:\/\/concoval.es\/wp-content\/uploads\/2017\/02\/1000-GALER\u00cdA-AUDIOVISUAL-Recorte-mandala-2.jpg\" alt=\"GALER\u00cdA AUDIOVISUAL\" \/><div class=\"text\"><table><tr><td><i class=\"qode_icon_font_awesome fa fa-comment-o icon_holder fa-lg\" style=\"\" ><\/i><h2 class=\"caption \" style=\"font-size: 24px;\">GALER\u00cdA AUDIOVISUAL<\/h2><\/td><\/tr><\/table><table><tr><td><div class=\"desc\"><\/p>\n<h4><a href=\"http:\/\/concoval.es\/es\/galeria-audiovisual\/\">UNA ALDEA COOPERATIVA EN ANANTAPUR<\/a><\/h4>\n<p><\/div><\/td><\/tr><\/table><\/div><\/div>[\/vc_column][vc_column width=\u00bb1\/3&#8243;]<div class=\"q_image_with_text_over\"><div class=\"shader\" ><\/div><img itemprop=\"image\" src=\"https:\/\/concoval.es\/wp-content\/uploads\/2017\/03\/Mydugollam-Grupo-de-mujeres-riendo.jpg\" alt=\"FAMILIAS BENEFICIARIAS\" \/><div class=\"text\"><table><tr><td><i class=\"qode_icon_font_awesome fa fa-heart-o icon_holder fa-lg\" style=\"\" ><\/i><h2 class=\"caption \" style=\"font-size: 24px;\">FAMILIAS BENEFICIARIAS<\/h2><\/td><\/tr><\/table><table><tr><td><div class=\"desc\"><\/p>\n<h4><a href=\"http:\/\/concoval.es\/familias-beneficiarias\/\">UNA ALDEA COOPERATIVA EN ANANTAPUR<\/a><\/h4>\n<p><\/div><\/td><\/tr><\/table><\/div><\/div>[\/vc_column][\/vc_row][vc_row css_animation=\u00bb\u00bb row_type=\u00bbrow\u00bb use_row_as_full_screen_section=\u00bbno\u00bb type=\u00bbfull_width\u00bb angled_section=\u00bbno\u00bb text_align=\u00bbleft\u00bb background_image_as_pattern=\u00bbwithout_pattern\u00bb][vc_column][vc_empty_space]<div class=\"q_image_with_text_over\"><div class=\"shader\" ><\/div><img itemprop=\"image\" src=\"https:\/\/concoval.es\/wp-content\/uploads\/2018\/11\/IMG-20181113-WA0008-3-1.gif\" alt=\"GALER\u00cdA DE IM\u00c1GENES\" \/><div class=\"text\"><table><tr><td><i class=\"qode_icon_font_awesome fa fa-heart-o icon_holder fa-lg\" style=\"\" ><\/i><h3 class=\"caption \" style=\"font-size: 24px;\">GALER\u00cdA DE IM\u00c1GENES<\/h3><\/td><\/tr><\/table><table><tr><td><div class=\"desc\"><\/p>\n<h4><span style=\"font-size: 14pt;\"><a href=\"http:\/\/concoval.es\/es\/espanol-galeria-audiovisual\/\"><strong>UNA ESCUELA EN ANANTAPUR PARA UNA VIDA DIGNA<\/strong><\/a><\/span><\/h4>\n<p><\/div><\/td><\/tr><\/table><\/div><\/div>[vc_empty_space][\/vc_column][\/vc_row]<\/p>\n","protected":false},"excerpt":{"rendered":"<p>[vc_row css_animation=\u00bb\u00bb row_type=\u00bbrow\u00bb use_row_as_full_screen_section=\u00bbno\u00bb type=\u00bbfull_width\u00bb angled_section=\u00bbno\u00bb text_align=\u00bbleft\u00bb background_image_as_pattern=\u00bbwithout_pattern\u00bb][vc_column][\/vc_column][\/vc_row][vc_row css_animation=\u00bb\u00bb row_type=\u00bbrow\u00bb use_row_as_full_screen_section=\u00bbno\u00bb type=\u00bbfull_width\u00bb angled_section=\u00bbno\u00bb text_align=\u00bbleft\u00bb background_image_as_pattern=\u00bbwithout_pattern\u00bb][vc_column][vc_empty_space][vc_column_text]EL COOPERATIVISMO VALENCIANO EN ANANTAPUR &nbsp; La alianza entre Concoval y la FVF empez\u00f3 en 2016 con un viaje a India por parte de la directiva de la confederaci\u00f3n para conocer&#8230;<\/p>\n","protected":false},"author":2,"featured_media":0,"parent":0,"menu_order":0,"comment_status":"closed","ping_status":"closed","template":"","meta":{"footnotes":""},"_links":{"self":[{"href":"https:\/\/concoval.es\/es\/wp-json\/wp\/v2\/pages\/17629"}],"collection":[{"href":"https:\/\/concoval.es\/es\/wp-json\/wp\/v2\/pages"}],"about":[{"href":"https:\/\/concoval.es\/es\/wp-json\/wp\/v2\/types\/page"}],"author":[{"embeddable":true,"href":"https:\/\/concoval.es\/es\/wp-json\/wp\/v2\/users\/2"}],"replies":[{"embeddable":true,"href":"https:\/\/concoval.es\/es\/wp-json\/wp\/v2\/comments?post=17629"}],"version-history":[{"count":87,"href":"https:\/\/concoval.es\/es\/wp-json\/wp\/v2\/pages\/17629\/revisions"}],"predecessor-version":[{"id":34821,"href":"https:\/\/concoval.es\/es\/wp-json\/wp\/v2\/pages\/17629\/revisions\/34821"}],"wp:attachment":[{"href":"https:\/\/concoval.es\/es\/wp-json\/wp\/v2\/media?parent=17629"}],"curies":[{"name":"wp","href":"https:\/\/api.w.org\/{rel}","templated":true}]}}