{"id":17898,"date":"2017-03-12T12:38:16","date_gmt":"2017-03-12T11:38:16","guid":{"rendered":"http:\/\/concoval.es\/?page_id=17898"},"modified":"2018-02-21T13:15:45","modified_gmt":"2018-02-21T12:15:45","slug":"noticias-de-la-aldea","status":"publish","type":"page","link":"https:\/\/concoval.es\/es\/activitats-de-confederacio-de-cooperatives-c-v\/noticias-de-la-aldea\/","title":{"rendered":"Noticias de la aldea"},"content":{"rendered":"<p>[vc_row css_animation=\u00bb\u00bb row_type=\u00bbrow\u00bb use_row_as_full_screen_section=\u00bbno\u00bb type=\u00bbfull_width\u00bb angled_section=\u00bbno\u00bb text_align=\u00bbleft\u00bb background_image_as_pattern=\u00bbwithout_pattern\u00bb][vc_column]<div class='q_masonry_blog'><div class=\"q_masonry_blog_grid_sizer\"><\/div><div class=\"q_masonry_blog_grid_gutter\"><\/div><article  class='post-21921 post type-post status-publish format-standard has-post-thumbnail hentry category-aldea-cooperativa category-noticias '><div class=\"q_masonry_blog_post_image\"><a itemprop=\"url\" href=\"https:\/\/concoval.es\/es\/espanol-las-cooperativas-valencianas-vuelven-a-colaborar-con-la-fundacion-vicente-ferrer-para-erradicar-la-pobreza-en-la-india\/\" target=\"_self\"><img itemprop=\"image\" src=\"https:\/\/concoval.es\/wp-content\/uploads\/2018\/11\/cooperativas-firma-convenio-fvf-1.jpg\" \/><\/a><\/div><div class=\"q_masonry_blog_post_text\"><h5 itemprop=\"name\" class=\"q_masonry_blog_title entry_title\"><a itemprop=\"url\" href=\"https:\/\/concoval.es\/es\/espanol-las-cooperativas-valencianas-vuelven-a-colaborar-con-la-fundacion-vicente-ferrer-para-erradicar-la-pobreza-en-la-india\/\">Las cooperativas valencianas vuelven a colaborar con la Fundaci\u00f3n Vicente Ferrer para erradicar la pobreza en la India<\/a><\/h5><p itemprop=\"description\" class=\"q_masonry_blog_excerpt\">El acuerdo ha reunido a 29 cooperativas valencianas participantes en el proyecto, fundamentalmente agroalimentarias y de cr\u00e9dito, con Anna Ferrer y Jordi Folgado, presidenta y director general de la Fundaci\u00f3n Vicente Ferrer. &nbsp; Valencia, 13-11-2018.- A trav\u00e9s del proyecto \u201cUna escuela en Anantapur para una......<\/p><div class=\"q_masonry_blog_post_info\"><span itemprop=\"dateCreated\" class=\"time entry_date updated\">27 noviembre, 2018<meta itemprop=\"interactionCount\" content=\"UserComments: <?php echo get_comments_number(qode_get_page_id()); ?>\"\/><\/span> \/ <a itemprop=\"url\" class=\"post_comments\" href=\"https:\/\/concoval.es\/es\/espanol-las-cooperativas-valencianas-vuelven-a-colaborar-con-la-fundacion-vicente-ferrer-para-erradicar-la-pobreza-en-la-india\/#respond\">No comment<\/a><\/div><\/div><\/article><article  class='post-20130 post type-post status-publish format-standard has-post-thumbnail hentry category-activitats category-aldea-cooperativa category-noticias '><div class=\"q_masonry_blog_post_image\"><a itemprop=\"url\" href=\"https:\/\/concoval.es\/es\/espanol-se-inaugura-la-aldea-cooperativa-construida-en-anantapur-india-en-colaboracion-con-la-fundacion-vicente-ferrer\/\" target=\"_self\"><img itemprop=\"image\" src=\"https:\/\/concoval.es\/wp-content\/uploads\/2017\/12\/Representantes-entidades-cooperativas-junto-a-Moncho-Ferrer-y-Sergio-Morat\u00f3n-de-la-FVF.jpg\" \/><\/a><\/div><div class=\"q_masonry_blog_post_text\"><h5 itemprop=\"name\" class=\"q_masonry_blog_title entry_title\"><a itemprop=\"url\" href=\"https:\/\/concoval.es\/es\/espanol-se-inaugura-la-aldea-cooperativa-construida-en-anantapur-india-en-colaboracion-con-la-fundacion-vicente-ferrer\/\">Inaugurada la aldea cooperativa construida en Anantapur (India) en colaboraci\u00f3n con la Fundaci\u00f3n Vicente Ferrer<\/a><\/h5><p itemprop=\"description\" class=\"q_masonry_blog_excerpt\">\u201cUna aldea cooperativa en Anantapur\u201d, como se conoce en la CV, cuenta con el apoyo y colaboraci\u00f3n de 22 entidades cooperativas valencianas Emili Villaescusa: \u201cNos hab\u00e9is permitido ser un poco m\u00e1s solidarios y, por tanto, mejores personas Moncho Ferrer: \u201cEn el d\u00eda de hoy se......<\/p><div class=\"q_masonry_blog_post_info\"><span itemprop=\"dateCreated\" class=\"time entry_date updated\">08 diciembre, 2017<meta itemprop=\"interactionCount\" content=\"UserComments: <?php echo get_comments_number(qode_get_page_id()); ?>\"\/><\/span> \/ <a itemprop=\"url\" class=\"post_comments\" href=\"https:\/\/concoval.es\/es\/espanol-se-inaugura-la-aldea-cooperativa-construida-en-anantapur-india-en-colaboracion-con-la-fundacion-vicente-ferrer\/#respond\">No comment<\/a><\/div><\/div><\/article><article  class='post-20099 post type-post status-publish format-standard has-post-thumbnail hentry category-activitats category-aldea-cooperativa category-noticias category-top-news-12 '><div class=\"q_masonry_blog_post_image\"><a itemprop=\"url\" href=\"https:\/\/concoval.es\/es\/espanol-un-grupo-de-cooperativistas-viaja-a-india-con-la-fundacion-vicente-ferrer\/\" target=\"_self\"><img itemprop=\"image\" src=\"https:\/\/concoval.es\/wp-content\/uploads\/2017\/12\/Mydugollam-Grupo-2-e1513004982966.jpg\" \/><\/a><\/div><div class=\"q_masonry_blog_post_text\"><h5 itemprop=\"name\" class=\"q_masonry_blog_title entry_title\"><a itemprop=\"url\" href=\"https:\/\/concoval.es\/es\/espanol-un-grupo-de-cooperativistas-viaja-a-india-con-la-fundacion-vicente-ferrer\/\">Aldea Cooperativa: Un grupo de cooperativistas viaja a India con la Fundaci\u00f3n Vicente Ferrer<\/a><\/h5><p itemprop=\"description\" class=\"q_masonry_blog_excerpt\">El objetivo principal del viaje es la inauguraci\u00f3n de 24 viviendas en la colonia Mydugolam Village, conocida en la Comunitat Valenciana como \u201cla aldea cooperativa de Anantapur\u201d.\u00a0 El itinerario incluye actividades y visitas a lugares en los que la Fundaci\u00f3n Vicente Ferrer ha desplegado su......<\/p><div class=\"q_masonry_blog_post_info\"><span itemprop=\"dateCreated\" class=\"time entry_date updated\">01 diciembre, 2017<meta itemprop=\"interactionCount\" content=\"UserComments: <?php echo get_comments_number(qode_get_page_id()); ?>\"\/><\/span> \/ <a itemprop=\"url\" class=\"post_comments\" href=\"https:\/\/concoval.es\/es\/espanol-un-grupo-de-cooperativistas-viaja-a-india-con-la-fundacion-vicente-ferrer\/#respond\">No comment<\/a><\/div><\/div><\/article><article  class='post-17335 post type-post status-publish format-standard has-post-thumbnail hentry category-activitats category-aldea-cooperativa category-noticias '><div class=\"q_masonry_blog_post_image\"><a itemprop=\"url\" href=\"https:\/\/concoval.es\/es\/anna-ferrer-podemos-aprender-mucho-las-cooperativas\/\" target=\"_self\"><img itemprop=\"image\" src=\"https:\/\/concoval.es\/wp-content\/uploads\/2016\/12\/0-ENTREVISTA-ANNA-FERRER.jpg\" \/><\/a><\/div><div class=\"q_masonry_blog_post_text\"><h5 itemprop=\"name\" class=\"q_masonry_blog_title entry_title\"><a itemprop=\"url\" href=\"https:\/\/concoval.es\/es\/anna-ferrer-podemos-aprender-mucho-las-cooperativas\/\">Anna Ferrer: \u201cPodemos aprender mucho de las cooperativas\u201d<\/a><\/h5><p itemprop=\"description\" class=\"q_masonry_blog_excerpt\">Veintid\u00f3s cooperativas colaboran con la Fundaci\u00f3n Vicente Ferrer en la construcci\u00f3n de una aldea cooperativa en Anantapur (India) Los convenios de colaboraci\u00f3n firmados con la Fundaci\u00f3n servir\u00e1n para poner en marcha el proyecto de construcci\u00f3n de 19 viviendas para familias desfavorecidas en la aldea Mydugolam......<\/p><div class=\"q_masonry_blog_post_info\"><span itemprop=\"dateCreated\" class=\"time entry_date updated\">18 noviembre, 2016<meta itemprop=\"interactionCount\" content=\"UserComments: <?php echo get_comments_number(qode_get_page_id()); ?>\"\/><\/span> \/ <a itemprop=\"url\" class=\"post_comments\" href=\"https:\/\/concoval.es\/es\/anna-ferrer-podemos-aprender-mucho-las-cooperativas\/#respond\">No comment<\/a><\/div><\/div><\/article><article  class='post-16992 post type-post status-publish format-standard has-post-thumbnail hentry category-activitats category-aldea-cooperativa category-noticias '><div class=\"q_masonry_blog_post_image\"><a itemprop=\"url\" href=\"https:\/\/concoval.es\/es\/veintidos-cooperativas-colaboran-la-fundacion-vicente-ferrer-la-construccion-una-aldea-cooperativa-anantapur-india\/\" target=\"_self\"><img itemprop=\"image\" src=\"https:\/\/concoval.es\/wp-content\/uploads\/2016\/11\/0-GRUPO-2-1.jpg\" \/><\/a><\/div><div class=\"q_masonry_blog_post_text\"><h5 itemprop=\"name\" class=\"q_masonry_blog_title entry_title\"><a itemprop=\"url\" href=\"https:\/\/concoval.es\/es\/veintidos-cooperativas-colaboran-la-fundacion-vicente-ferrer-la-construccion-una-aldea-cooperativa-anantapur-india\/\">Veintid\u00f3s cooperativas colaboran con la Fundaci\u00f3n Vicente Ferrer en la construcci\u00f3n de una aldea cooperativa en Anantapur (India)<\/a><\/h5><p itemprop=\"description\" class=\"q_masonry_blog_excerpt\">Anna Ferrer: \u201cEstoy feliz que esta iniciativa se ponga en marcha con las cooperativas y que sea en Valencia\u201d Los convenios de colaboraci\u00f3n firmados hoy servir\u00e1n para poner en marcha el proyecto de construcci\u00f3n de 19 viviendas para familias desfavorecidas en la aldea Mydugolam Village,......<\/p><div class=\"q_masonry_blog_post_info\"><span itemprop=\"dateCreated\" class=\"time entry_date updated\">17 noviembre, 2016<meta itemprop=\"interactionCount\" content=\"UserComments: <?php echo get_comments_number(qode_get_page_id()); ?>\"\/><\/span> \/ <a itemprop=\"url\" class=\"post_comments\" href=\"https:\/\/concoval.es\/es\/veintidos-cooperativas-colaboran-la-fundacion-vicente-ferrer-la-construccion-una-aldea-cooperativa-anantapur-india\/#respond\">No comment<\/a><\/div><\/div><\/article><article  class='post-16089 post type-post status-publish format-standard has-post-thumbnail hentry category-activitats category-aldea-cooperativa category-noticias '><div class=\"q_masonry_blog_post_image\"><a itemprop=\"url\" href=\"https:\/\/concoval.es\/es\/cooperativistas-fundacion-vicente-ferrer\/\" target=\"_self\"><img itemprop=\"image\" src=\"https:\/\/concoval.es\/wp-content\/uploads\/2016\/01\/c4.jpg\" \/><\/a><\/div><div class=\"q_masonry_blog_post_text\"><h5 itemprop=\"name\" class=\"q_masonry_blog_title entry_title\"><a itemprop=\"url\" href=\"https:\/\/concoval.es\/es\/cooperativistas-fundacion-vicente-ferrer\/\">Cooperativistas valencianos visitan la Fundaci\u00f3n Vicente Ferrer en la India<\/a><\/h5><p itemprop=\"description\" class=\"q_masonry_blog_excerpt\">Valencia, 29\/01\/2016.\u2013 El estado de Andhra Pradesh, al sureste de la India, es el \u00e1rea en la que desarrolla sus actividades la Fundaci\u00f3n Vicente Ferrer, cuya base de operaciones (el campus RDT, Rural Development Trust) se encuentra en distrito de Anantapuramu. Una delegaci\u00f3n de empresarios......<\/p><div class=\"q_masonry_blog_post_info\"><span itemprop=\"dateCreated\" class=\"time entry_date updated\">29 enero, 2016<meta itemprop=\"interactionCount\" content=\"UserComments: <?php echo get_comments_number(qode_get_page_id()); ?>\"\/><\/span> \/ <a itemprop=\"url\" class=\"post_comments\" href=\"https:\/\/concoval.es\/es\/cooperativistas-fundacion-vicente-ferrer\/#respond\">No comment<\/a><\/div><\/div><\/article><\/div>[\/vc_column][\/vc_row][vc_row css_animation=\u00bb\u00bb row_type=\u00bbrow\u00bb use_row_as_full_screen_section=\u00bbno\u00bb type=\u00bbfull_width\u00bb angled_section=\u00bbno\u00bb text_align=\u00bbleft\u00bb background_image_as_pattern=\u00bbwithout_pattern\u00bb][vc_column][vc_separator css_animation=\u00bbrotateInDownLeft\u00bb type=\u00bbnormal\u00bb color=\u00bb#418fde\u00bb][vc_column_text]<\/p>\n<p style=\"text-align: left;\"><a href=\"https:\/\/twitter.com\/hashtag\/CoopEnIndia?src=hash\" target=\"_blank\" rel=\"noopener noreferrer\"><em><span style=\"color: #418fde;\">#CoopEnIndia<\/span><\/em><\/a><\/p>\n<p>[\/vc_column_text][\/vc_column][\/vc_row][vc_row css_animation=\u00bb\u00bb row_type=\u00bbrow\u00bb use_row_as_full_screen_section=\u00bbno\u00bb type=\u00bbfull_width\u00bb angled_section=\u00bbno\u00bb text_align=\u00bbleft\u00bb background_image_as_pattern=\u00bbwithout_pattern\u00bb][vc_column][vc_empty_space][vc_single_image image=\u00bb17917&#8243; onclick=\u00bbcustom_link\u00bb qode_css_animation=\u00bbelement_from_fade\u00bb qode_hover_animation=\u00bbzoom_in\u00bb link=\u00bbhttp:\/\/concoval.es\/aldea-cooperativa-anantapur\/\u00bb][vc_empty_space][\/vc_column][\/vc_row][vc_row css_animation=\u00bb\u00bb row_type=\u00bbrow\u00bb use_row_as_full_screen_section=\u00bbno\u00bb type=\u00bbfull_width\u00bb angled_section=\u00bbno\u00bb text_align=\u00bbleft\u00bb background_image_as_pattern=\u00bbwithout_pattern\u00bb][vc_column][\/vc_column][\/vc_row]<\/p>\n","protected":false},"excerpt":{"rendered":"<p>[vc_row css_animation=\u00bb\u00bb row_type=\u00bbrow\u00bb use_row_as_full_screen_section=\u00bbno\u00bb type=\u00bbfull_width\u00bb angled_section=\u00bbno\u00bb text_align=\u00bbleft\u00bb background_image_as_pattern=\u00bbwithout_pattern\u00bb][vc_column][\/vc_column][\/vc_row][vc_row css_animation=\u00bb\u00bb row_type=\u00bbrow\u00bb use_row_as_full_screen_section=\u00bbno\u00bb type=\u00bbfull_width\u00bb angled_section=\u00bbno\u00bb text_align=\u00bbleft\u00bb background_image_as_pattern=\u00bbwithout_pattern\u00bb][vc_column][vc_separator css_animation=\u00bbrotateInDownLeft\u00bb type=\u00bbnormal\u00bb color=\u00bb#418fde\u00bb][vc_column_text] #CoopEnIndia [\/vc_column_text][\/vc_column][\/vc_row][vc_row css_animation=\u00bb\u00bb row_type=\u00bbrow\u00bb use_row_as_full_screen_section=\u00bbno\u00bb type=\u00bbfull_width\u00bb angled_section=\u00bbno\u00bb text_align=\u00bbleft\u00bb background_image_as_pattern=\u00bbwithout_pattern\u00bb][vc_column][vc_empty_space][vc_single_image image=\u00bb17917&#8243; onclick=\u00bbcustom_link\u00bb qode_css_animation=\u00bbelement_from_fade\u00bb qode_hover_animation=\u00bbzoom_in\u00bb link=\u00bbhttp:\/\/concoval.es\/aldea-cooperativa-anantapur\/\u00bb][vc_empty_space][\/vc_column][\/vc_row][vc_row css_animation=\u00bb\u00bb row_type=\u00bbrow\u00bb use_row_as_full_screen_section=\u00bbno\u00bb type=\u00bbfull_width\u00bb angled_section=\u00bbno\u00bb text_align=\u00bbleft\u00bb background_image_as_pattern=\u00bbwithout_pattern\u00bb][vc_column][\/vc_column][\/vc_row]<\/p>\n","protected":false},"author":2,"featured_media":0,"parent":16027,"menu_order":0,"comment_status":"closed","ping_status":"closed","template":"","meta":{"footnotes":""},"_links":{"self":[{"href":"https:\/\/concoval.es\/es\/wp-json\/wp\/v2\/pages\/17898"}],"collection":[{"href":"https:\/\/concoval.es\/es\/wp-json\/wp\/v2\/pages"}],"about":[{"href":"https:\/\/concoval.es\/es\/wp-json\/wp\/v2\/types\/page"}],"author":[{"embeddable":true,"href":"https:\/\/concoval.es\/es\/wp-json\/wp\/v2\/users\/2"}],"replies":[{"embeddable":true,"href":"https:\/\/concoval.es\/es\/wp-json\/wp\/v2\/comments?post=17898"}],"version-history":[{"count":0,"href":"https:\/\/concoval.es\/es\/wp-json\/wp\/v2\/pages\/17898\/revisions"}],"up":[{"embeddable":true,"href":"https:\/\/concoval.es\/es\/wp-json\/wp\/v2\/pages\/16027"}],"wp:attachment":[{"href":"https:\/\/concoval.es\/es\/wp-json\/wp\/v2\/media?parent=17898"}],"curies":[{"name":"wp","href":"https:\/\/api.w.org\/{rel}","templated":true}]}}