{"id":2,"date":"2016-01-20T10:34:40","date_gmt":"2016-01-20T10:34:40","guid":{"rendered":"http:\/\/concoval.es\/?page_id=2"},"modified":"2025-11-05T13:03:55","modified_gmt":"2025-11-05T12:03:55","slug":"normativa-cooperativas","status":"publish","type":"page","link":"https:\/\/concoval.es\/es\/normativa-cooperativas\/","title":{"rendered":"AYUDAS Y NORMATIVA"},"content":{"rendered":"<p>[vc_row css_animation=\u00bb\u00bb row_type=\u00bbrow\u00bb use_row_as_full_screen_section=\u00bbno\u00bb type=\u00bbfull_width\u00bb angled_section=\u00bbno\u00bb text_align=\u00bbleft\u00bb background_image_as_pattern=\u00bbwithout_pattern\u00bb][vc_column][vc_tabs style=\u00bbvertical_left\u00bb][vc_tab title=\u00bbNORMATIVA\u00bb tab_id=\u00bb758ddbd2-17c4-5&#8243;][vc_column_text]<\/p>\n<ul>\n<li style=\"text-align: left;\"><a href=\"https:\/\/www.boe.es\/buscar\/act.php?id=DOGV-r-2015-90416&amp;tn=1&amp;p=20250531\">Decreto Legislativo 2\/2015, de 15 de mayo, del Consell, por el que aprueba el texto refundido de la Ley de Cooperativas de la Comunitat Valencian<\/a>a (Texto consolidado. \u00daltima actualizaci\u00f3n publicada el 31\/05\/2025)<\/li>\n<\/ul>\n<p>&nbsp;<\/p>\n<ul style=\"text-align: left;\">\n<li><a href=\"https:\/\/www.boe.es\/buscar\/act.php?id=BOE-A-1990-30735\">Ley 20\/1990, de 19 de diciembre, sobre R\u00e9gimen Fiscal de las Cooperativas<\/a>\u00a0 (\u00daltima actualizaci\u00f3n publicada el 24\/12\/2022)<\/li>\n<\/ul>\n<p>&nbsp;<\/p>\n<ul style=\"text-align: left;\">\n<li><a href=\"https:\/\/boe.es\/buscar\/act.php?id=BOE-A-2010-20034\">Orden EHA\/3360\/2010, de 21 de diciembre, por la que se aprueban las normas sobre los aspectos contables de las sociedades cooperativas <\/a>(Texto consolidado. Texto inicial publicado el 29\/12\/2010)<\/li>\n<\/ul>\n<p>&nbsp;<\/p>\n<ul style=\"text-align: left;\">\n<li><a href=\"https:\/\/www.boe.es\/buscar\/act.php?id=BOE-A-2011-5708\">Ley 5\/2011, de 29 de marzo, de Econom\u00eda Social<\/a> (Texto consolidado. \u00daltima actualizaci\u00f3n publicada el 11\/01\/2023)<\/li>\n<\/ul>\n<p>&nbsp;<\/p>\n<ul style=\"text-align: left;\">\n<li><a href=\"https:\/\/www.boe.es\/buscar\/act.php?id=DOGV-r-2015-90387&amp;p=20150415&amp;tn=6\">Decreto Legislativo 1\/2015, de 10 de abril, del Consell, por el que se aprueba el texto refundido de la Ley de regulaci\u00f3n de la actuaci\u00f3n financiera de las cooperativas con secci\u00f3n de cr\u00e9dito en la Comunitat Valenciana <\/a>(Texto consolidado. Texto inicial publicado el 15\/04\/2015)<\/li>\n<\/ul>\n<p>&nbsp;<\/p>\n<ul style=\"text-align: left;\">\n<li><a href=\"https:\/\/www.boe.es\/buscar\/act.php?id=BOE-A-1989-12296\">Ley 13\/1989, de 26 de mayo, de Cooperativas de Cr\u00e9dito <\/a>(Texto consolidado. \u00daltima actualizaci\u00f3n publicada el 29\/06\/2023)<\/li>\n<\/ul>\n<p>&nbsp;<\/p>\n<ul style=\"text-align: left;\">\n<li><a href=\"https:\/\/www.boe.es\/buscar\/act.php?id=BOE-A-2011-4288\">Ley 3\/2011, de 4 de marzo, por la que se regula la Sociedad Cooperativa Europea con domicilio en Espa\u00f1a <\/a>(Texto consolidado. Texto inicial publicado el 08\/03\/2011)<a href=\"https:\/\/www.boe.es\/buscar\/act.php?id=BOE-A-2011-4288\"><br \/>\n<\/a><\/li>\n<\/ul>\n<p>&nbsp;<\/p>\n<ul style=\"text-align: left;\">\n<li><a href=\"https:\/\/www.boe.es\/buscar\/act.php?id=BOE-A-1978-31229\">Constituci\u00f3n Espa\u00f1ola<\/a> \u00a0(Texto consolidado. \u00daltima actualizaci\u00f3n publicada el 27\/09\/2011). Su art\u00edculo 129.2 establece que <em>\u201cLos poderes p\u00fablicos promover\u00e1n eficazmente las diversas formas de participaci\u00f3n en la empresa y fomentar\u00e1n, mediante una legislaci\u00f3n adecuada, las sociedades cooperativas. Tambi\u00e9n establecer\u00e1n los medios que faciliten el acceso de los trabajadores a la propiedad de los medios de producci\u00f3n\u201d.<\/em><\/li>\n<\/ul>\n<p>&nbsp;<\/p>\n<ul>\n<li style=\"text-align: left;\"><a href=\"https:\/\/www.boe.es\/buscar\/act.php?id=BOE-A-1999-15681\">Ley 27\/1999, de 16 de julio, de Cooperativas<\/a> (Texto consolidado. \u00daltima actualizaci\u00f3n publicada el 22\/12\/2021). Esta norma tiene por objeto las cooperativas de \u00e1mbito nacional, y pese que s\u00f3lo se aplica a las cooperativas valencianas cuando la norma valenciana remite expresamente a la norma estatal, puede servir de apoyo para interpretar la ley auton\u00f3mica.<\/li>\n<\/ul>\n<p>[\/vc_column_text][vc_empty_space][\/vc_tab][vc_tab title=\u00bbAYUDAS\u00bb tab_id=\u00bb1459884412611-6-6&#8243;][vc_column_text]<\/p>\n<p style=\"text-align: left;\">A continuaci\u00f3n, se relacionan las ayudas de la Direcci\u00f3n General de Trabajo, Cooperativismo y Seguridad Laboral para las cooperativas y otras entidades de la econom\u00eda social de la Comunitat Valenciana para el ejercicio 2025<\/p>\n<p>&nbsp;<\/p>\n<ul>\n<li><span style=\"color: #bf1d1d;\"><a style=\"color: #bf1d1d;\" href=\"https:\/\/dogv.gva.es\/datos\/2025\/07\/22\/pdf\/2025_28382_es.pdf\" target=\"_blank\" rel=\"noopener\">Bases<\/a><\/span><\/li>\n<li><span style=\"color: #bf1d1d;\"><a style=\"color: #bf1d1d;\" href=\"https:\/\/dogv.gva.es\/datos\/2025\/08\/21\/pdf\/2025_36022_es.pdf\" target=\"_blank\" rel=\"noopener\">Convocatoria 2025<\/a><\/span><\/li>\n<\/ul>\n<p>[\/vc_column_text][vc_empty_space][vc_column_text]<span style=\"font-size: 14pt;\"><strong>AYUDAS A COOPERATIVAS Y SOCIEDADES LABORALES<\/strong><\/span><\/p>\n<p><strong>Informaci\u00f3n, tr\u00e1mites y formularios<\/strong><\/p>\n<p>&nbsp;<\/p>\n<ul>\n<li><span style=\"color: #bf1d1d;\"><a style=\"color: #bf1d1d;\" href=\"https:\/\/www.gva.es\/es\/inicio\/procedimientos?id_proc=G18081\" target=\"_blank\" rel=\"noopener\">Ayudas para la CONSTITUCI\u00d3N de NUEVAS cooperativas o sociedades laborales, la FUSI\u00d3N o ABSORCI\u00d3N de las mismas, o la CREACI\u00d3N DE GRUPOS cooperativos (ESCREA)<\/a><\/span><\/li>\n<\/ul>\n<p>&nbsp;<\/p>\n<ul>\n<li><span style=\"color: #bf1d1d;\"><a style=\"color: #bf1d1d;\" href=\"https:\/\/www.gva.es\/es\/inicio\/procedimientos?id_proc=G1057\" target=\"_blank\" rel=\"noopener\">Ayudas para la INCORPORACI\u00d3N DE PERSONAS DESEMPLEADAS Y PERSONAS CON CONTRATO DE TRABAJO, temporal o indefinido, como socias trabajadoras o de trabajo (ESEILS)<\/a><\/span><\/li>\n<\/ul>\n<p>&nbsp;<\/p>\n<ul>\n<li><span style=\"color: #bf1d1d;\"><a style=\"color: #bf1d1d;\" href=\"https:\/\/www.gva.es\/es\/inicio\/procedimientos?id_proc=G329\" target=\"_blank\" rel=\"noopener\">Ayudas para INVERSIONES, excepto obras (ESEMDI)<\/a><\/span><\/li>\n<\/ul>\n<p>&nbsp;<\/p>\n<ul>\n<li><span style=\"color: #bf1d1d;\"><a style=\"color: #bf1d1d;\" href=\"https:\/\/www.gva.es\/es\/inicio\/procedimientos?id_proc=G20658\" target=\"_blank\" rel=\"noopener\">Ayudas para INVERSIONES en OBRAS de construcci\u00f3n, mejora, acondicionamiento o reforma de inmuebles (ESEMOB)<\/a><\/span><\/li>\n<\/ul>\n<p>&nbsp;<\/p>\n<p><strong><span style=\"font-size: 14pt;\">AYUDAS A ENTIDADES REPRESENTANTIVAS, ASOCIATIVAS Y CIENT\u00cdFICAS.<\/span><\/strong><\/p>\n<p><strong>Informaci\u00f3n, tr\u00e1mites y formularios<\/strong><\/p>\n<p>&nbsp;<\/p>\n<ul>\n<li><span style=\"color: #bf1d1d;\"><a style=\"color: #bf1d1d;\" href=\"https:\/\/www.gva.es\/es\/inicio\/procedimientos?id_proc=3072\" target=\"_blank\" rel=\"noopener\">Ayudas para ACTIVIDADES GENERALES DE PROMOCI\u00d3N de la econom\u00eda <span style=\"color: #bf1d1d;\">social<\/span> en la Comunitat Valenciana: divulgaci\u00f3n, colaboraci\u00f3n e informaci\u00f3n (ESAFOM)<\/a><\/span><\/li>\n<\/ul>\n<p>&nbsp;<\/p>\n<ul>\n<li><span style=\"color: #bf1d1d;\"><a style=\"color: #bf1d1d;\" href=\"https:\/\/www.gva.es\/es\/inicio\/procedimientos?id_proc=G329\" target=\"_blank\" rel=\"noopener\">Ayudas para INVERSIONES, excepto obras, realizadas por entidades representativas de cooperativas y sociedades laborales <span style=\"color: #bf1d1d;\">(ESEMDI).<\/span><\/a><\/span><\/li>\n<\/ul>\n<p>&nbsp;<\/p>\n<ul>\n<li><span style=\"color: #bf1d1d;\"><a style=\"color: #bf1d1d;\" href=\"https:\/\/www.gva.es\/es\/inicio\/procedimientos?id_proc=G20658\" target=\"_blank\" rel=\"noopener\">Ayudas para INVERSIONES en OBRAS de construcci\u00f3n, mejora, acondicionamiento o reforma de inmuebles realizadas por entidades representativas de cooperativas y sociedades laborales (ESEMOB).\u00a0<\/a><\/span><\/li>\n<\/ul>\n<p>[\/vc_column_text][\/vc_tab][\/vc_tabs][vc_empty_space][\/vc_column][\/vc_row]<\/p>\n","protected":false},"excerpt":{"rendered":"<p>[vc_row css_animation=\u00bb\u00bb row_type=\u00bbrow\u00bb use_row_as_full_screen_section=\u00bbno\u00bb type=\u00bbfull_width\u00bb angled_section=\u00bbno\u00bb text_align=\u00bbleft\u00bb background_image_as_pattern=\u00bbwithout_pattern\u00bb][vc_column][vc_tabs style=\u00bbvertical_left\u00bb][vc_tab title=\u00bbNORMATIVA\u00bb tab_id=\u00bb758ddbd2-17c4-5&#8243;][vc_column_text] Decreto Legislativo 2\/2015, de 15 de mayo, del Consell, por el que aprueba el texto refundido de la Ley de Cooperativas de la Comunitat Valenciana (Texto consolidado. \u00daltima actualizaci\u00f3n publicada el 31\/05\/2025) &nbsp; Ley&#8230;<\/p>\n","protected":false},"author":1,"featured_media":0,"parent":0,"menu_order":0,"comment_status":"closed","ping_status":"closed","template":"","meta":{"footnotes":""},"_links":{"self":[{"href":"https:\/\/concoval.es\/es\/wp-json\/wp\/v2\/pages\/2"}],"collection":[{"href":"https:\/\/concoval.es\/es\/wp-json\/wp\/v2\/pages"}],"about":[{"href":"https:\/\/concoval.es\/es\/wp-json\/wp\/v2\/types\/page"}],"author":[{"embeddable":true,"href":"https:\/\/concoval.es\/es\/wp-json\/wp\/v2\/users\/1"}],"replies":[{"embeddable":true,"href":"https:\/\/concoval.es\/es\/wp-json\/wp\/v2\/comments?post=2"}],"version-history":[{"count":94,"href":"https:\/\/concoval.es\/es\/wp-json\/wp\/v2\/pages\/2\/revisions"}],"predecessor-version":[{"id":34807,"href":"https:\/\/concoval.es\/es\/wp-json\/wp\/v2\/pages\/2\/revisions\/34807"}],"wp:attachment":[{"href":"https:\/\/concoval.es\/es\/wp-json\/wp\/v2\/media?parent=2"}],"curies":[{"name":"wp","href":"https:\/\/api.w.org\/{rel}","templated":true}]}}