{"id":20891,"date":"2018-03-13T12:29:14","date_gmt":"2018-03-13T11:29:14","guid":{"rendered":"http:\/\/concoval.es\/?page_id=20891"},"modified":"2026-03-25T12:57:57","modified_gmt":"2026-03-25T11:57:57","slug":"espanol-xv-premios-pepe-miquel-del-cooperativismo-valenciano","status":"publish","type":"page","link":"https:\/\/concoval.es\/es\/activitats-de-confederacio-de-cooperatives-c-v\/espanol-xv-premios-pepe-miquel-del-cooperativismo-valenciano\/","title":{"rendered":"Premios Pepe Miquel"},"content":{"rendered":"<p>[vc_row css_animation=\u00bb\u00bb row_type=\u00bbrow\u00bb use_row_as_full_screen_section=\u00bbno\u00bb type=\u00bbfull_width\u00bb angled_section=\u00bbno\u00bb text_align=\u00bbleft\u00bb background_image_as_pattern=\u00bbwithout_pattern\u00bb][vc_column][vc_column_text][\/vc_column_text][vc_empty_space][vc_column_text]<\/p>\n<p style=\"text-align: center;\"><span style=\"color: #cd202c; font-size: 24pt;\"><strong>PREMIOS <span style=\"color: #cd202c;\">PEPE<\/span> MIQUEL DEL COOPERATIVISMO VALENCIANO<\/strong><\/span><\/p>\n<p>&nbsp;<\/p>\n<p style=\"text-align: center;\"><span style=\"color: #cd202c;\"><strong><span style=\"font-size: 14pt;\">Convocada la XVI edici\u00f3n<\/span><\/strong><\/span><\/p>\n<p>[\/vc_column_text][vc_empty_space][vc_column_text]El consejo rector de la Confederaci\u00f3 de Cooperatives de la Comunitat Valenciana ha convocado la decimosexta edici\u00f3n de los Premios Pepe Miquel del Cooperativismo Valenciano.<\/p>\n<p>&nbsp;<\/p>\n<p>Estos Premios son convocados, con periodicidad bienal, desde 2005 por Concoval, en dos modalidades. En la primera de ellas, el Premio a la Trayectoria Cooperativa, el conjunto del movimiento cooperativo reconoce p\u00fablicamente a las personas que, con su trabajo, contribuyen de manera m\u00e1s destacada a que este sector avance social y empresarialmente. En la segunda modalidad, el Premio a la Comunicaci\u00f3n Responsable, se valora la labor de los profesionales de la informaci\u00f3n que han destacado en la difusi\u00f3n de las actividades y principios del cooperativismo.<\/p>\n<p>&nbsp;<\/p>\n<p>Bajo la presidencia de honor del Molt Honorable President de la Generalitat Valenciana, Juan Francisco P\u00e9rez Llorca, el jurado de la decimosexta edici\u00f3n de los Premios Pepe Miquel del Cooperativismo Valenciano est\u00e1 compuesto por:<\/p>\n<p>&nbsp;<\/p>\n<p>&#8211; Emilio Sampedro, presidente de Concoval y del jurado<\/p>\n<p>&#8211; Cirilo Arnandis, vicepresidente 1\u00ba de Concoval<\/p>\n<p>&#8211; Ram\u00f3n Rodr\u00edguez, vicepresidente 2\u00ba de Concoval<\/p>\n<p>&#8211; Nardi Alba, directora de Concoval, secretaria del jurado.<\/p>\n<p>&#8211; Antonio Galva\u00f1, secretario auton\u00f3mico de Empleo, designado por el President de la Generalitat en representaci\u00f3n del Consell.<\/p>\n<p>&#8211; Jos\u00e9 Luis Monz\u00f3n, premiado en la decimotercera edici\u00f3n en la categor\u00eda de Trayectoria Cooperativa, en representaci\u00f3n de los premiados en ediciones anteriores.<\/p>\n<p>&#8211; Adela Cortina, directora de la Fundaci\u00f3n \u00c9tnor para la \u00c9tica de los Negocios y las Organizaciones, como experta en \u00e9tica empresarial<\/p>\n<p>&#8211; Sandra Colomer, presidenta de la Asociaci\u00f3n Valenciana de Empresas de Inserci\u00f3n, como experta en materia de igualdad y diversidad<\/p>\n<p>&#8211; Vicent Marco, presidente de la Uni\u00f3 de Periodistes Valencians.<\/p>\n<p>&#8211; Elena Meli\u00e1, directora del departamento de Econom\u00eda y Ciencias Sociales de la Universitat Polit\u00e8cnica de Val\u00e8ncia, en representaci\u00f3n de las universidades p\u00fablicas valencianas o instituciones a ellas vinculadas<\/p>\n<p>&#8211; Mar\u00eda Jos\u00e9 Va\u00f1\u00f3, investigadora del Instituto Universitario de Investigaci\u00f3n en Econom\u00eda Social, Cooperativismo y Emprendimiento (Iudescoop), en representaci\u00f3n de las universidades p\u00fablicas valencianas o instituciones a ellas vinculadas.<\/p>\n<p>&#8211; Teresa Bayarri, experta en comunicaci\u00f3n corporativa, en representaci\u00f3n de profesionales en ciencias de la informaci\u00f3n y la comunicaci\u00f3n.<\/p>\n<p>&#8211; Pepe Miquel Boix, hijo del cooperativista que da nombre a los Premios, como miembro honor\u00edfico, con voz pero sin voto.<\/p>\n<p>&nbsp;<\/p>\n<p>El jurado, reunido el 30 de enero de 2026, ha decidido otorgar el Premio a la trayectoria cooperativa a <strong>Juan Luis Durich<\/strong>, ex director general de Consum Coop V,\u00a0y el premio a la Comunicaci\u00f3n responsable a la <strong>Universitat de Val\u00e8ncia<\/strong> por la exposici\u00f3n itinerante <em>\u201cOtra econom\u00eda es posible\u2026 y ya est\u00e1 aqu\u00ed\u201d.<\/em><\/p>\n<p>&nbsp;<\/p>\n<p>El acto de entrega de galardones se celebrar\u00e1 el 6 de mayo a partir de las 12:00 horas en el Teatre El Musical (TEM) de Val\u00e8ncia.<\/p>\n<p>&nbsp;<\/p>\n<p style=\"text-align: justify;\">Esta acci\u00f3n, patrocinada por la Conselleria de Vivienda, Empleo, Juventud e igualdad y por las cooperativas Anecoop, Consum, Caixa Popular y Cajamar, se ha consolidado ya como un acontecimiento que aporta prestigio y notoriedad al cooperativismo valenciano.<\/p>\n<p>&nbsp;<\/p>\n<p style=\"text-align: justify;\">Estos premios llevan el nombre de Jos\u00e9 Miquel Borr\u00e1s (1936-2003), hombre clave en el desarrollo del cooperativismo durante las \u00faltimas d\u00e9cadas del siglo XX. Pepe Miquel fue, esencialmente, un inquieto agricultor de L\u2019Alc\u00fadia, pero su extraordinaria capacidad de innovaci\u00f3n y su visionaria iniciativa empresarial, unidas a una decidida apuesta por la cooperaci\u00f3n, le convirtieron en l\u00edder indiscutible del cooperativismo agrario espa\u00f1ol.<\/p>\n<p>[\/vc_column_text][vc_empty_space][vc_column_text][\/vc_column_text][vc_empty_space][\/vc_column][\/vc_row][vc_row css_animation=\u00bb\u00bb row_type=\u00bbrow\u00bb use_row_as_full_screen_section=\u00bbno\u00bb type=\u00bbfull_width\u00bb angled_section=\u00bbno\u00bb text_align=\u00bbleft\u00bb background_image_as_pattern=\u00bbwithout_pattern\u00bb][vc_column][vc_column_text]<\/p>\n<p style=\"text-align: center;\"><span style=\"color: #993300; font-size: 12pt;\"><a style=\"color: #993300;\" href=\"https:\/\/concoval.es\/wp-content\/uploads\/2021\/09\/BASES-PREMIOS-PEPE-MIQUEL-DEL-COOPERATIVISMO-VALENCIANO.pdf\">Consulta aqu\u00ed las BASES PREMIOS PEPE MIQUEL DEL COOPERATIVISMO VALENCIANO<\/a><\/span><\/p>\n<p>[\/vc_column_text][vc_empty_space][\/vc_column][\/vc_row][vc_row css_animation=\u00bb\u00bb row_type=\u00bbrow\u00bb use_row_as_full_screen_section=\u00bbno\u00bb type=\u00bbfull_width\u00bb angled_section=\u00bbno\u00bb text_align=\u00bbleft\u00bb background_image_as_pattern=\u00bbwithout_pattern\u00bb][vc_column][vc_empty_space][vc_column_text]<\/p>\n<h3 style=\"text-align: center;\"><span style=\"color: #993300;\">Resumen de la \u00faltima edici\u00f3n<\/span><\/h3>\n<p>[\/vc_column_text][vc_empty_space][vc_video link=\u00bbhttps:\/\/youtube.com\/shorts\/rjbanMAYybw\u00bb][vc_empty_space][vc_separator type=\u00bbnormal\u00bb][vc_separator type=\u00bbnormal\u00bb][vc_empty_space][vc_column_text]<\/p>\n<h4 style=\"text-align: center;\">GALERIA DE IM\u00c1GENES DE LOS XV PREMIOS PEPE MIQUEL DEL COOPERATIVISMO VALENCIANO<\/h4>\n<p>[\/vc_column_text][vc_empty_space][vc_separator type=\u00bbnormal\u00bb][vc_gallery type=\u00bbimage_grid\u00bb images=\u00bb32979,32982,32983,32984,32985,32986,32987,32988,32989,32990,32991,32992,32993,32994,32995,32996,32997,32998,32999,33000,33001,33002,33003,33004,33005,33006,33007,33008,33009,33010,33011,33012,33013,33014,33015,33016,33017,33018,33019,33020,33021,33022,33023,33024,33025,33026,33027,33028,33029,33030,33031,33032,33033,33034,33035,33036,33037,33038,33039,33040,33041,33042,33043,33044,33045,33046,33047,33048,33049,33050,33056&#8243; css_animation=\u00bbfadeInUpBig\u00bb column_number=\u00bb4&#8243; grayscale=\u00bbno\u00bb images_space=\u00bbgallery_with_space\u00bb][vc_empty_space][\/vc_column][vc_column][\/vc_column][\/vc_row][vc_row css_animation=\u00bb\u00bb row_type=\u00bbrow\u00bb use_row_as_full_screen_section=\u00bbno\u00bb type=\u00bbfull_width\u00bb angled_section=\u00bbno\u00bb text_align=\u00bbleft\u00bb background_image_as_pattern=\u00bbwithout_pattern\u00bb][vc_column][\/vc_column][\/vc_row][vc_row css_animation=\u00bb\u00bb row_type=\u00bbrow\u00bb use_row_as_full_screen_section=\u00bbno\u00bb type=\u00bbfull_width\u00bb angled_section=\u00bbno\u00bb text_align=\u00bbleft\u00bb background_image_as_pattern=\u00bbwithout_pattern\u00bb][vc_column][\/vc_column][\/vc_row]<\/p>\n","protected":false},"excerpt":{"rendered":"<p>[vc_row css_animation=\u00bb\u00bb row_type=\u00bbrow\u00bb use_row_as_full_screen_section=\u00bbno\u00bb type=\u00bbfull_width\u00bb angled_section=\u00bbno\u00bb text_align=\u00bbleft\u00bb background_image_as_pattern=\u00bbwithout_pattern\u00bb][vc_column][vc_column_text][\/vc_column_text][vc_empty_space][vc_column_text] PREMIOS PEPE MIQUEL DEL COOPERATIVISMO VALENCIANO &nbsp; Convocada la XVI edici\u00f3n [\/vc_column_text][vc_empty_space][vc_column_text]El consejo rector de la Confederaci\u00f3 de Cooperatives de la Comunitat Valenciana ha convocado la decimosexta edici\u00f3n de los Premios Pepe Miquel del Cooperativismo Valenciano. &nbsp;&#8230;<\/p>\n","protected":false},"author":2,"featured_media":0,"parent":16027,"menu_order":0,"comment_status":"closed","ping_status":"closed","template":"","meta":{"footnotes":""},"_links":{"self":[{"href":"https:\/\/concoval.es\/es\/wp-json\/wp\/v2\/pages\/20891"}],"collection":[{"href":"https:\/\/concoval.es\/es\/wp-json\/wp\/v2\/pages"}],"about":[{"href":"https:\/\/concoval.es\/es\/wp-json\/wp\/v2\/types\/page"}],"author":[{"embeddable":true,"href":"https:\/\/concoval.es\/es\/wp-json\/wp\/v2\/users\/2"}],"replies":[{"embeddable":true,"href":"https:\/\/concoval.es\/es\/wp-json\/wp\/v2\/comments?post=20891"}],"version-history":[{"count":127,"href":"https:\/\/concoval.es\/es\/wp-json\/wp\/v2\/pages\/20891\/revisions"}],"predecessor-version":[{"id":35212,"href":"https:\/\/concoval.es\/es\/wp-json\/wp\/v2\/pages\/20891\/revisions\/35212"}],"up":[{"embeddable":true,"href":"https:\/\/concoval.es\/es\/wp-json\/wp\/v2\/pages\/16027"}],"wp:attachment":[{"href":"https:\/\/concoval.es\/es\/wp-json\/wp\/v2\/media?parent=20891"}],"curies":[{"name":"wp","href":"https:\/\/api.w.org\/{rel}","templated":true}]}}