{"id":22318,"date":"2019-02-18T07:49:41","date_gmt":"2019-02-18T06:49:41","guid":{"rendered":"http:\/\/concoval.es\/?page_id=22318"},"modified":"2020-10-23T01:02:48","modified_gmt":"2020-10-22T23:02:48","slug":"politica-de-cookies-2","status":"publish","type":"page","link":"https:\/\/concoval.es\/es\/politica-de-cookies-2\/","title":{"rendered":"Pol\u00edtica de Cookies"},"content":{"rendered":"<p>CONFEDERACI\u00d3 DE COOPERATIVES DE LA COMUNITAT VALENCIANA (CONFEDERACI\u00d3 DE COOPERATIVES DE LA COMUNITAT VALENCIANA), a trav\u00e9s del presente documento, recoge su Pol\u00edtica de recogida y tratamiento de cookies, en cumplimiento de lo dispuesto en el art\u00edculo 22.2 de la Ley 34\/2002, de 11 de julio, de Servicios de la Sociedad de la Informaci\u00f3n y de Comercio Electr\u00f3nico (LSSICE).<br \/>\n&nbsp;<br \/>\n<div class=\"wt-cli-element cli_user_consent_state\">Su estado actual: No hay consentimiento dado. <a class=\"cli_manage_current_consent\" style=\"cursor:pointer;\">Gestiona tu consentimiento.<\/a> <\/div><br \/>\n&nbsp;<\/p>\n<p>Las cookies se almacenan en el equipo terminal del usuario (ordenador o dispositivo m\u00f3vil) y recopilan informaci\u00f3n al visitar la p\u00e1gina web http:\/\/concoval.es\/es\/, con la finalidad de mejorar la usabilidad de las mismas, conocer los h\u00e1bitos o necesidades de navegaci\u00f3n de los usuarios para poder adaptarse a los mismos, as\u00ed como obtener informaci\u00f3n con fines estad\u00edsticos. En el caso de aquellos usuarios que ya sean clientes de CONFEDERACI\u00d3 DE COOPERATIVES DE LA COMUNITAT VALENCIANA (CONFEDERACI\u00d3 DE COOPERATIVES DE LA COMUNITAT VALENCIANA), la informaci\u00f3n recabada con las cookies servir\u00e1 tambi\u00e9n para su identificaci\u00f3n al acceder a las distintas herramientas que CONFEDERACI\u00d3 DE COOPERATIVES DE LA COMUNITAT VALENCIANA (CONFEDERACI\u00d3 DE COOPERATIVES DE LA COMUNITAT VALENCIANA) pone a su disposici\u00f3n para la gesti\u00f3n de los servicios.<\/p>\n<p>&nbsp;<\/p>\n<p>La presente Pol\u00edtica de Cookies ser\u00e1 de aplicaci\u00f3n a aquellos usuarios que voluntariamente visitan las p\u00e1ginas web de CONFEDERACI\u00d3 DE COOPERATIVES DE LA COMUNITAT VALENCIANA (CONFEDERACI\u00d3 DE COOPERATIVES DE LA COMUNITAT VALENCIANA), cumplimentan formularios de recogida de datos, acceden a las herramientas que CONFEDERACI\u00d3 DE COOPERATIVES DE LA COMUNITAT VALENCIANA (CONFEDERACI\u00d3 DE COOPERATIVES DE LA COMUNITAT VALENCIANA) pone a disposici\u00f3n de sus clientes para gestionar sus servicios, o utilizan cualquier otro servicio presente en el sitio web que implique la comunicaci\u00f3n de datos a CONFEDERACI\u00d3 DE COOPERATIVES DE LA COMUNITAT VALENCIANA (CONFEDERACI\u00d3 DE COOPERATIVES DE LA COMUNITAT VALENCIANA), o el acceso a datos por CONFEDERACI\u00d3 DE COOPERATIVES DE LA COMUNITAT VALENCIANA (CONFEDERACI\u00d3 DE COOPERATIVES DE LA COMUNITAT VALENCIANA), para la prestaci\u00f3n de sus servicios.<\/p>\n<p>&nbsp;<\/p>\n<p>CONFEDERACI\u00d3 DE COOPERATIVES DE LA COMUNITAT VALENCIANA (CONFEDERACI\u00d3 DE COOPERATIVES DE LA COMUNITAT VALENCIANA) informa a los usuarios de sus p\u00e1ginas web, de la existencia de cookies y pone a su disposici\u00f3n la presente Pol\u00edtica con la finalidad de informarles acerca del uso y del objeto de las mismas. El hecho de continuar la navegaci\u00f3n a trav\u00e9s de sus p\u00e1ginas, supone el conocimiento y la aceptaci\u00f3n de la presente Pol\u00edtica por parte de dichos usuarios.<\/p>\n<p>&nbsp;<\/p>\n<p>CONFEDERACI\u00d3 DE COOPERATIVES DE LA COMUNITAT VALENCIANA (CONFEDERACI\u00d3 DE COOPERATIVES DE LA COMUNITAT VALENCIANA) utiliza los siguientes tipos de cookies:<\/p>\n<p>&nbsp;<\/p>\n<p>Clasificadas por su titularidad:<\/p>\n<p>* \u00a0 Cookies propias: enviadas y gestionadas directamente por CONFEDERACI\u00d3 DE COOPERATIVES DE LA COMUNITAT VALENCIANA.<\/p>\n<p>* \u00a0Cookies de terceros: enviadas y gestionadas por un tercero ajeno a CONFEDERACI\u00d3 DE COOPERATIVES DE LA COMUNITAT VALENCIANA, de forma an\u00f3nima, con la finalidad de realizar estudios estad\u00edsticos de navegaci\u00f3n por las p\u00e1ginas web de CONFEDERACI\u00d3 DE COOPERATIVES DE LA COMUNITAT VALENCIANA.<\/p>\n<p>&nbsp;<\/p>\n<p>Clasificadas por su finalidad:<\/p>\n<p>* Cookies t\u00e9cnicas y\/o de personalizaci\u00f3n: facilitan la navegaci\u00f3n, al identificar la sesi\u00f3n, permitir el acceso a herramientas de acceso restringido, adem\u00e1s de configurar a medida las opciones disponibles. Posibilitan la prestaci\u00f3n del servicio solicitado previamente por el usuario.<\/p>\n<p>* \u00a0Cookies de an\u00e1lisis y\/o publicidad: permiten conocer el n\u00famero de visitas recibidas en las diferentes secciones de las p\u00e1ginas web, los h\u00e1bitos y tendencias de sus usuarios y en consecuencia, poder mejorar la navegaci\u00f3n y el servicio ofrecido por CONFEDERACI\u00d3 DE COOPERATIVES DE LA COMUNITAT VALENCIANA (fundamentalmente, Google Analytics), as\u00ed como gestionar los espacios publicitarios incluidos en la p\u00e1gina web visitada por el usuario. Recopila datos de forma an\u00f3nima con la finalidad de obtener perfiles de navegaci\u00f3n de los usuarios.<\/p>\n<p>&nbsp;<\/p>\n<p>Clasificadas por su duraci\u00f3n:<\/p>\n<p>* \u00a0 Cookies de sesi\u00f3n: recaban y almacenan los datos mientras el usuario accede a la p\u00e1gina web.<\/p>\n<p>* \u00a0Cookies persistentes: recaban y almacenan los datos en el terminal del usuario durante un periodo de tiempo variable en funci\u00f3n de cu\u00e1l sea la finalidad para la que han sido utilizadas.<\/p>\n<p>&nbsp;<\/p>\n<p>El tiempo de conservaci\u00f3n de las cookies depender\u00e1 del tipo de que se trate y siempre ser\u00e1 el m\u00ednimo indispensable para cumplir su finalidad.<\/p>\n<p>&nbsp;<\/p>\n<p>En cualquier caso, los usuarios pueden configurar su navegador, de manera que se deshabilite o bloquee la recepci\u00f3n de todas o algunas de las cookies. El hecho de no desear recibir estas cookies, no constituye un impedimento para poder acceder a la informaci\u00f3n de los sitios web de CONFEDERACI\u00d3 DE COOPERATIVES DE LA COMUNITAT VALENCIANA aunque el uso de algunos servicios podr\u00e1 ser limitado. Si una vez otorgado el consentimiento para la recepci\u00f3n de cookies, se desease retirar \u00e9ste, se deber\u00e1n eliminar aquellas almacenadas en el equipo del usuario, a trav\u00e9s de las opciones de los diferentes navegadores.<\/p>\n<p>&nbsp;<\/p>\n<p>La forma de configurar los diferentes navegadores para ejercitar las acciones se\u00f1aladas en los p\u00e1rrafos anteriores, se puede consultar en:<\/p>\n<p>* \u00a0 \u00a0Explorer: http:\/\/windows.microsoft.com\/es-es\/windows7\/how-to-manage-cookies-in-internet-explorer-9<\/p>\n<p>* \u00a0 \u00a0Chrome: https:\/\/support.google.com\/chrome\/answer\/95647?hl=es<\/p>\n<p>* \u00a0 \u00a0Firefox: http:\/\/support.mozilla.org\/es\/kb\/cookies-informacion-que-los-sitios-web-guardan-en-?redirectlocale=en-US&amp;redirectslug=Cookies<\/p>\n<p>&nbsp;<\/p>\n<p><strong>Cookies Propias<\/strong><\/p>\n<table style=\"height: 739px;\" width=\"862\">\n<tbody>\n<tr>\n<td style=\"width: 196px;\">Nombre de la Cookie<\/td>\n<td style=\"width: 139px;\">Titular<\/td>\n<td style=\"width: 298px;\">Descripci\u00f3n<\/td>\n<td style=\"width: 103px;\">Caducidad<\/td>\n<td style=\"width: 92px;\">Tipo<\/td>\n<\/tr>\n<tr>\n<td style=\"width: 196px;\">cookie_notice_accepted<\/td>\n<td style=\"width: 139px;\">www.concoval.es<\/td>\n<td style=\"width: 298px;\">Permite conocer si ya se le ha mostrado y ha aceptado el aviso de pol\u00edtica de cookies de nuestro Sitio Web.<\/td>\n<td style=\"width: 103px;\">1 mes<\/td>\n<td style=\"width: 92px;\">T\u00e9cnica<\/td>\n<\/tr>\n<tr>\n<td style=\"width: 196px;\">swpm_session<\/td>\n<td style=\"width: 139px;\">www.concoval.es<\/td>\n<td style=\"width: 298px;\">cookie de sesi\u00f3n para recordar datos que hemos introducido<\/td>\n<td style=\"width: 103px;\">Al abandonar la p\u00e1gina<\/td>\n<td style=\"width: 92px;\">T\u00e9cnica<\/td>\n<\/tr>\n<tr>\n<td style=\"width: 196px;\">PHPSESSID<\/td>\n<td style=\"width: 139px;\">www.concoval.es<\/td>\n<td style=\"width: 298px;\">Esta cookie es usado por el lenguaje de encriptado PHP para permitir que las variables de SESI\u00d3N sean guardadas en el servidor web. Esta cookies es esencial para el funcionamiento de la web.<\/td>\n<td style=\"width: 103px;\">Al abandonar la p\u00e1gina<\/td>\n<td style=\"width: 92px;\">T\u00e9cnica<\/td>\n<\/tr>\n<tr>\n<td style=\"width: 196px;\">qtrans_front_language<\/td>\n<td style=\"width: 139px;\">www.concoval.es<\/td>\n<td style=\"width: 298px;\">Se usa para saber el lenguaje en el que se est\u00e1 navegando<\/td>\n<td style=\"width: 103px;\">Al abandonar la p\u00e1gina<\/td>\n<td style=\"width: 92px;\">T\u00e9cnica<\/td>\n<\/tr>\n<\/tbody>\n<\/table>\n<p><strong>Cookies de Terceros<\/strong><\/p>\n<table>\n<tbody>\n<tr>\n<td style=\"width: 151px;\">Nombre de la Cookie<\/td>\n<td style=\"width: 154px;\">Titular<\/td>\n<td style=\"width: 222px;\">Descripci\u00f3n<\/td>\n<td style=\"width: 169px;\">Caducidad<\/td>\n<td style=\"width: 128px;\">Tipo<\/td>\n<\/tr>\n<tr>\n<td style=\"width: 151px;\">NID<\/td>\n<td style=\"width: 154px;\">google.com<\/td>\n<td style=\"width: 222px;\">\u00a0La cookie NID contiene un ID \u00fanico que Google utiliza para recordar tus preferencias y otra informaci\u00f3n, como tu idioma preferido (por ejemplo, el espa\u00f1ol), el n\u00famero de resultados de b\u00fasqueda que quieres que se muestren por p\u00e1gina (por ejemplo, 10 o 20) y si quieres que el filtro SafeSearch de Google est\u00e9 activado o desactivado.<\/td>\n<td style=\"width: 169px;\">6 meses<\/td>\n<td style=\"width: 128px;\">Anal\u00edticas \/ Terceros<\/td>\n<\/tr>\n<tr>\n<td style=\"width: 151px;\">1P_JAR<\/td>\n<td style=\"width: 154px;\">google.com<\/td>\n<td style=\"width: 222px;\" rowspan=\"2\">Google inserta una serie de cookies en cualquier p\u00e1gina que incluya un v\u00eddeo de Youtube, Google Maps o Google Plus. Pese a no tener control sobre esta cookie, estas incluyen y env\u00edan informaci\u00f3n sobre el comportamiento del usuario a Google, incluyendo informaci\u00f3n que enlaza la visita del usuario a la web con su cuenta de google si se tiene sesi\u00f3n iniciada en ella. Informaci\u00f3n sobre el uso de la web, incluyendo la direcci\u00f3n IP puede ser enviada a Google y almacenada en sus servidores de Estados Unidos. La cookie no identifica al usuario personalmente a no ser que tenga sesi\u00f3n iniciada en Google, en cuyo caso queda ligada a dicha cuenta. Mientras permanezca con esta sesi\u00f3n activa y use complementos en otros sitios Web como el nuestro, Google har\u00e1 uso de estas cookies para mejorar su experiencia de uso.<\/td>\n<td style=\"width: 169px;\">1 semana<\/td>\n<td style=\"width: 128px;\">Anal\u00edticas \/ Terceros<\/td>\n<\/tr>\n<tr>\n<td style=\"width: 151px;\">CONSENT<\/td>\n<td style=\"width: 154px;\">google.com<\/td>\n<td style=\"width: 169px;\">20 a\u00f1os<\/td>\n<td style=\"width: 128px;\">Anal\u00edticas \/ Terceros<\/td>\n<\/tr>\n<tr>\n<td style=\"width: 151px;\">DV<\/td>\n<td style=\"width: 154px;\">google.com<\/td>\n<td style=\"width: 222px;\">Google &#8211;\u00a0Almacenan informaci\u00f3n, identificadores y preferencias relacionados con Google<\/td>\n<td style=\"width: 169px;\">6 meses<\/td>\n<td style=\"width: 128px;\">Anal\u00edticas \/ Terceros<\/td>\n<\/tr>\n<\/tbody>\n<\/table>\n","protected":false},"excerpt":{"rendered":"<p>CONFEDERACI\u00d3 DE COOPERATIVES DE LA COMUNITAT VALENCIANA (CONFEDERACI\u00d3 DE COOPERATIVES DE LA COMUNITAT VALENCIANA), a trav\u00e9s del presente documento, recoge su Pol\u00edtica de recogida y tratamiento de cookies, en cumplimiento de lo dispuesto en el art\u00edculo 22.2 de la Ley 34\/2002, de 11 de julio,&#8230;<\/p>\n","protected":false},"author":2,"featured_media":0,"parent":0,"menu_order":0,"comment_status":"closed","ping_status":"closed","template":"","meta":{"footnotes":""},"_links":{"self":[{"href":"https:\/\/concoval.es\/es\/wp-json\/wp\/v2\/pages\/22318"}],"collection":[{"href":"https:\/\/concoval.es\/es\/wp-json\/wp\/v2\/pages"}],"about":[{"href":"https:\/\/concoval.es\/es\/wp-json\/wp\/v2\/types\/page"}],"author":[{"embeddable":true,"href":"https:\/\/concoval.es\/es\/wp-json\/wp\/v2\/users\/2"}],"replies":[{"embeddable":true,"href":"https:\/\/concoval.es\/es\/wp-json\/wp\/v2\/comments?post=22318"}],"version-history":[{"count":4,"href":"https:\/\/concoval.es\/es\/wp-json\/wp\/v2\/pages\/22318\/revisions"}],"predecessor-version":[{"id":25803,"href":"https:\/\/concoval.es\/es\/wp-json\/wp\/v2\/pages\/22318\/revisions\/25803"}],"wp:attachment":[{"href":"https:\/\/concoval.es\/es\/wp-json\/wp\/v2\/media?parent=22318"}],"curies":[{"name":"wp","href":"https:\/\/api.w.org\/{rel}","templated":true}]}}