{"id":23670,"date":"2019-11-14T16:55:11","date_gmt":"2019-11-14T15:55:11","guid":{"rendered":"http:\/\/concoval.es\/?page_id=23670"},"modified":"2025-11-13T16:03:59","modified_gmt":"2025-11-13T15:03:59","slug":"espanol-cooperativas-la-mejor-suma","status":"publish","type":"page","link":"https:\/\/concoval.es\/es\/espanol-cooperativas-la-mejor-suma\/","title":{"rendered":"COOPERATIVAS, LA MEJOR SUMA"},"content":{"rendered":"<p>[vc_row css_animation=\u00bb\u00bb row_type=\u00bbrow\u00bb use_row_as_full_screen_section=\u00bbno\u00bb type=\u00bbfull_width\u00bb angled_section=\u00bbno\u00bb text_align=\u00bbleft\u00bb background_image_as_pattern=\u00bbwithout_pattern\u00bb][vc_column][vc_empty_space][vc_column_text]<span style=\"color: #000000; font-size: 18pt;\"><strong>COOPERATIVAS, LA MEJOR SUMA<\/strong><\/span>[\/vc_column_text][vc_empty_space][vc_single_image image=\u00bb23673&#8243; img_size=\u00bblarge\u00bb alignment=\u00bbcenter\u00bb qode_css_animation=\u00bb\u00bb][vc_empty_space][vc_column_text]<\/p>\n<h2 class=\"entry_title\"><span style=\"font-size: 14pt; color: #cd202c;\">#cooperarsuma<\/span><\/h2>\n<p>La Confederaci\u00f3 de Cooperatives de la Comunitat Valenciana puso en marcha, en el a\u00f1o 2019, la campa\u00f1a #cooperarsuma, con el slogan \u201cCooperativas, la mejor suma\u201d.<\/p>\n<p>&nbsp;<\/p>\n<p>Se trat\u00f3 de una campa\u00f1a colaborativa protagonizada por cooperativas y cooperativistas, con un formato innovador adaptado a una estrategia <em>transmedia<\/em>. El objetivo de esta campa\u00f1a, que estuvo contada en primera persona por 40 cooperativas de toda la Comunitat Valenciana, era divulgar y extender esta f\u00f3rmula empresarial alineada con los valores de responsabilidad, \u00e9tica y sostenibilidad, comunicando su relevancia social y potencial transformador.<\/p>\n<p>&nbsp;<\/p>\n<p><span style=\"color: #cd202c;\"><strong>Acciones realizadas<\/strong><\/span><\/p>\n<p>&nbsp;<\/p>\n<p>Entre el 14 de noviembre y el 16 de diciembre, las cooperativas valencianas trabajaron para dar la m\u00e1xima visibilidad a esta campa\u00f1a que tiene una imagen gr\u00e1fica propia, colorida, vers\u00e1til, art\u00edstica y original.<\/p>\n<p>&nbsp;<\/p>\n<p>Entre las acciones que se realizaron, se encontraba la instalaci\u00f3n de street marketing en las tres provincias: del 13 al 25 de noviembre, frente a la plaza de toros de Val\u00e8ncia; del 25 de noviembre al 4 de diciembre, en la plaza Santa Clara de Castell\u00f3; y, del 4 al 16 de diciembre, en la plaza Calvo Sotelo de Alicante.<\/p>\n<p>&nbsp;<\/p>\n<p>Adem\u00e1s, la campa\u00f1a cont\u00f3 con una Webserie documental en la que colabor\u00f3 la deportista Amaya Valdemoro. La serie, que comenz\u00f3 a emitirse el 19 de noviembre, consta de 12 episodios, cada uno de ellos asociado a un valor cooperativo. Y, cuenta tambi\u00e9n con el contenido generado por todas las personas que se unieron a la campa\u00f1a a trav\u00e9s de las redes sociales. Porque #cooperarsuma.<\/p>\n<p>&nbsp;<\/p>\n<p>En definitiva, las claves de #cooperarsuma son: creatividad, universo transmedia, dise\u00f1o gr\u00e1fico y webserie, que se perfil\u00f3 como una conversaci\u00f3n online y offline y, como ocurre en las cooperativas, las personas est\u00e1n en el centro de toda acci\u00f3n.[\/vc_column_text][vc_empty_space][vc_column_text]<span style=\"color: #cd202c; font-size: 18pt;\">GALER\u00cdA AUDIOVISUAL<\/span>[\/vc_column_text][vc_empty_space][vc_video link=\u00bbhttps:\/\/www.youtube.com\/watch?v=0oOXLhfUw-o&amp;feature=youtu.be\u00bb title=\u00bbTR\u00c1ILER: COOPERATIVAS, LA MEJOR SUMA\u00bb][vc_empty_space][vc_video link=\u00bbhttps:\/\/youtu.be\/-s9zLpRAwQk\u00bb title=\u00bbCap\u00edtulo 1: La participaci\u00f3n es socia de la cooperativa\u00bb][vc_empty_space][vc_video link=\u00bbhttps:\/\/youtu.be\/c6Kybx1L8xU\u00bb title=\u00bbCap\u00edtulo 2: La solidaridad es socia de la cooperativa\u00bb][vc_empty_space][vc_video link=\u00bbhttps:\/\/youtu.be\/mJd2KWqjRck\u00bb title=\u00bbCap\u00edtulo 3: La igualdad es socia de la cooperativa\u00bb][vc_empty_space][vc_video link=\u00bbhttps:\/\/youtu.be\/dQCGbpn7N5k\u00bb title=\u00bbCap\u00edtulo 4: La calidad es socia de la cooperativa\u00bb][vc_empty_space][vc_video link=\u00bbhttps:\/\/www.youtube.com\/watch?v=Cx6jqg7TDqM&amp;t=1s\u00bb title=\u00bbCap\u00edtulo 5: La responsabilidad social es socia de la cooperativa\u00bb][vc_empty_space][vc_video link=\u00bbhttps:\/\/www.youtube.com\/watch?v=EaJyQeL5JTQ&amp;t=4s\u00bb title=\u00bbCap\u00edtulo 6: La rentabilidad es socia de la cooperativa\u00bb][vc_empty_space][vc_video link=\u00bbhttps:\/\/www.youtube.com\/watch?v=IZHxwdQvnkE&amp;t=10s\u00bb title=\u00bbCap\u00edtulo 7: La sostenibilidad es socia de la cooperativa\u00bb][vc_empty_space][vc_video link=\u00bbhttps:\/\/www.youtube.com\/watch?v=PzttZKm5gjM&amp;t=3s\u00bb title=\u00bbCap\u00edtulo 8: La dignidad es socia de la cooperativa\u00bb][vc_empty_space][vc_video link=\u00bbhttps:\/\/www.youtube.com\/watch?v=hfv9pjYXSgo\u00bb title=\u00bbCap\u00edtulo 9: El Territorio es socio de la cooperativa\u00bb][vc_empty_space][vc_video link=\u00bbhttps:\/\/youtu.be\/SG_9W5Wjbpc\u00bb title=\u00bbCap\u00edtulo 10: La Transparencia es socia de la cooperativa\u00bb][vc_empty_space][vc_video link=\u00bbhttps:\/\/www.youtube.com\/watch?v=3mHS858vohc&amp;t=25s\u00bb title=\u00bbCap\u00edtulo 11: La Innovaci\u00f3n es socia de la cooperativa\u00bb][vc_empty_space][vc_video link=\u00bbhttps:\/\/www.youtube.com\/watch?v=7rBl-2ynva4&amp;t=9s\u00bb title=\u00bbCap\u00edtulo 12: La Intercooperaci\u00f3n es socia de la cooperativa\u00bb][vc_empty_space][vc_gallery type=\u00bbimage_grid\u00bb images=\u00bb23682,23680,23686,23689,23688,23692,23693,23694,23695,23696,23699,23724,23765,23766,23767,23768&#8243; column_number=\u00bb4&#8243; grayscale=\u00bbno\u00bb images_space=\u00bbgallery_with_space\u00bb][\/vc_column][vc_column][\/vc_column][\/vc_row][vc_row css_animation=\u00bb\u00bb row_type=\u00bbrow\u00bb use_row_as_full_screen_section=\u00bbno\u00bb type=\u00bbfull_width\u00bb angled_section=\u00bbno\u00bb text_align=\u00bbleft\u00bb background_image_as_pattern=\u00bbwithout_pattern\u00bb][vc_column][\/vc_column][\/vc_row][vc_row css_animation=\u00bb\u00bb row_type=\u00bbrow\u00bb use_row_as_full_screen_section=\u00bbno\u00bb type=\u00bbfull_width\u00bb angled_section=\u00bbno\u00bb text_align=\u00bbleft\u00bb background_image_as_pattern=\u00bbwithout_pattern\u00bb][vc_column][vc_empty_space][vc_empty_space][\/vc_column][\/vc_row]<\/p>\n","protected":false},"excerpt":{"rendered":"<p>[vc_row css_animation=\u00bb\u00bb row_type=\u00bbrow\u00bb use_row_as_full_screen_section=\u00bbno\u00bb type=\u00bbfull_width\u00bb angled_section=\u00bbno\u00bb text_align=\u00bbleft\u00bb background_image_as_pattern=\u00bbwithout_pattern\u00bb][vc_column][vc_empty_space][vc_column_text]COOPERATIVAS, LA MEJOR SUMA[\/vc_column_text][vc_empty_space][vc_single_image image=\u00bb23673&#8243; img_size=\u00bblarge\u00bb alignment=\u00bbcenter\u00bb qode_css_animation=\u00bb\u00bb][vc_empty_space][vc_column_text] #cooperarsuma La Confederaci\u00f3 de Cooperatives de la Comunitat Valenciana puso en marcha, en el a\u00f1o 2019, la campa\u00f1a #cooperarsuma, con el slogan \u201cCooperativas, la mejor suma\u201d. &nbsp; Se trat\u00f3 de&#8230;<\/p>\n","protected":false},"author":2,"featured_media":0,"parent":0,"menu_order":0,"comment_status":"closed","ping_status":"closed","template":"","meta":{"footnotes":""},"_links":{"self":[{"href":"https:\/\/concoval.es\/es\/wp-json\/wp\/v2\/pages\/23670"}],"collection":[{"href":"https:\/\/concoval.es\/es\/wp-json\/wp\/v2\/pages"}],"about":[{"href":"https:\/\/concoval.es\/es\/wp-json\/wp\/v2\/types\/page"}],"author":[{"embeddable":true,"href":"https:\/\/concoval.es\/es\/wp-json\/wp\/v2\/users\/2"}],"replies":[{"embeddable":true,"href":"https:\/\/concoval.es\/es\/wp-json\/wp\/v2\/comments?post=23670"}],"version-history":[{"count":2,"href":"https:\/\/concoval.es\/es\/wp-json\/wp\/v2\/pages\/23670\/revisions"}],"predecessor-version":[{"id":34819,"href":"https:\/\/concoval.es\/es\/wp-json\/wp\/v2\/pages\/23670\/revisions\/34819"}],"wp:attachment":[{"href":"https:\/\/concoval.es\/es\/wp-json\/wp\/v2\/media?parent=23670"}],"curies":[{"name":"wp","href":"https:\/\/api.w.org\/{rel}","templated":true}]}}