{"id":30170,"date":"2022-07-22T12:20:48","date_gmt":"2022-07-22T10:20:48","guid":{"rendered":"https:\/\/concoval.es\/?page_id=30170"},"modified":"2025-12-01T13:38:59","modified_gmt":"2025-12-01T12:38:59","slug":"politica-de-privacidad-y-aviso-legal","status":"publish","type":"page","link":"https:\/\/concoval.es\/es\/politica-de-privacidad-y-aviso-legal\/","title":{"rendered":"POL\u00cdTICA DE PRIVACIDAD Y AVISO LEGAL"},"content":{"rendered":"<p>[vc_row css_animation=\u00bb\u00bb row_type=\u00bbrow\u00bb use_row_as_full_screen_section=\u00bbno\u00bb type=\u00bbfull_width\u00bb angled_section=\u00bbno\u00bb text_align=\u00bbleft\u00bb background_image_as_pattern=\u00bbwithout_pattern\u00bb][vc_column css=\u00bb.vc_custom_1658488752921{padding-bottom: 20px !important;}\u00bb][vc_column_text]De acuerdo con lo dispuesto en el art\u00edculo 7 del Reglamento (UE) 2016\/679 del Parlamento Europeo y del Consejo de 27 de Abril de 2016 y en el art\u00edculo 6 de la Ley Org\u00e1nica 3\/2018, de 5 de diciembre, de Protecci\u00f3n de Datos Personales y garant\u00eda de los derechos digitales relativo a la protecci\u00f3n de las personas f\u00edsicas en lo que respecta al tratamiento de datos personales y a la libre circulaci\u00f3n de estos datos, \u00a0<strong>CONFEDERACI\u00d3 DE COOPERATIVES DE LA COMUNITAT VALENCIANA<\/strong>, con CIF: <strong>G46650024<\/strong>, \u00a0le informa de que sus datos de car\u00e1cter personal y toda la informaci\u00f3n relacionada ser\u00e1n tratados en un tratamiento de datos de car\u00e1cter personal, y cuya finalidad es almacenar inform\u00e1ticamente en los que sus datos quedan incorporados y son tratados con el fin de prestarle los servicios solicitados y enviarle la informaci\u00f3n acerca de nuestra empresa que pueda ser de su inter\u00e9s.<\/p>\n<p>&nbsp;<\/p>\n<p>Datos identificativos del responsable:<\/p>\n<p>En cumplimiento del art\u00edculo 10 de la Ley 34\/2002, de 11 de julio, de Servicios de la Sociedad de la Informaci\u00f3n y Comercio Electr\u00f3nico (LSSICE) a continuaci\u00f3n se detallan los datos identificativos de la empresa:<\/p>\n<p>Nombre empresa: <strong>CONFEDERACI\u00d3 DE COOPERATIVES DE LA COMUNITAT VALENCIANA<\/strong><\/p>\n<p>Raz\u00f3n social: <strong>CONFEDERACI\u00d3 DE COOPERATIVES DE LA COMUNITAT VALENCIANA<\/strong><\/p>\n<p>C.I.F: <strong>G46650024<\/strong><\/p>\n<p>Direcci\u00f3n; <strong>C\/CABALLEROS, 26 &#8211; 46001 &#8211; VALENCIA &#8211; VALENCIA<\/strong><\/p>\n<p>Tel\u00e9fono: <strong>963153391<\/strong><\/p>\n<p>Email: <strong>concoval@concoval.es<\/strong>[\/vc_column_text][\/vc_column][\/vc_row][vc_row css_animation=\u00bb\u00bb row_type=\u00bbrow\u00bb use_row_as_full_screen_section=\u00bbno\u00bb type=\u00bbfull_width\u00bb angled_section=\u00bbno\u00bb text_align=\u00bbleft\u00bb background_image_as_pattern=\u00bbwithout_pattern\u00bb][vc_column css=\u00bb.vc_custom_1658488763195{padding-bottom: 20px !important;}\u00bb][vc_column_text]<span style=\"font-size: 14pt; color: #cd2000;\"><strong>FINALIDAD DE LA P\u00c1GINA WEB<\/strong><\/span><\/p>\n<p><strong>La finalidad de la presente web:<\/strong><\/p>\n<p>Contacto: es la de atender la petici\u00f3n solicitada.<\/p>\n<p>Est\u00e1 regulado el uso del sitio web: <strong>http:\/\/concoval.es\/es\/<\/strong><\/p>\n<p>&nbsp;<\/p>\n<p><span style=\"color: #cd202c; font-size: 14pt;\"><strong>LEGITIMACI\u00d3N DEL TRATAMIENTO<\/strong><\/span><\/p>\n<p><strong>\u00bfPor qu\u00e9 tratamos sus datos?<\/strong><\/p>\n<p>La recogida y el tratamiento de sus datos est\u00e1 legitimado siempre por una o varias bases jur\u00eddicas, las cuales detallamos a continuaci\u00f3n:<\/p>\n<p>Contacto: Consentimiento expl\u00edcito del interesado<\/p>\n<p>&nbsp;<\/p>\n<p><span style=\"font-size: 14pt;\"><strong><span style=\"color: #cd202c;\">PROCEDENCIA Y TIPOS DE DATOS TRATADOS<\/span><\/strong><\/span><\/p>\n<p><strong>\u00bfDe d\u00f3nde hemos obtenido sus datos?<\/strong><\/p>\n<p>Contacto: El propio interesado o su representante legal.<\/p>\n<p><strong>\u00bfQu\u00e9 tipos de datos suyos hemos recabado y tratamos?<\/strong><\/p>\n<p>Contacto: nombre completo, direcci\u00f3n electr\u00f3nica y su petici\u00f3n.<strong>\u00a0<\/strong><\/p>\n<p>&nbsp;<\/p>\n<p><span style=\"font-size: 14pt; color: #cd202c;\"><strong>ENV\u00cdO Y REGISTRO DE DATOS DE CAR\u00c1CTER PERSONAL<\/strong><\/span><\/p>\n<p>El env\u00edo de datos de car\u00e1cter personal es obligatorio para contactar y recibir informaci\u00f3n sobre los servicios prestados por CONFEDERACI\u00d3 DE COOPERATIVES DE LA COMUNITAT VALENCIANA. Asimismo, el no facilitar los datos personales solicitados o el no aceptar la presente pol\u00edtica de protecci\u00f3n de datos supone la imposibilidad de suscribirse, registrarse o recibir informaci\u00f3n de dichos servicios.[\/vc_column_text][\/vc_column][\/vc_row][vc_row css_animation=\u00bb\u00bb row_type=\u00bbrow\u00bb use_row_as_full_screen_section=\u00bbno\u00bb type=\u00bbfull_width\u00bb angled_section=\u00bbno\u00bb text_align=\u00bbleft\u00bb background_image_as_pattern=\u00bbwithout_pattern\u00bb][vc_column css=\u00bb.vc_custom_1658488774266{padding-bottom: 20px !important;}\u00bb][vc_column_text]<span style=\"font-size: 14pt;\"><strong><span style=\"color: #cd202c;\">EXACTITUD Y VERACIDAD DE LOS DATOS FACILITADOS<\/span><\/strong><\/span><\/p>\n<p>El Usuario que env\u00eda la informaci\u00f3n a <strong>CONFEDERACI\u00d3 DE COOPERATIVES DE LA COMUNITAT VALENCIANA<\/strong> es el \u00fanico responsable de la veracidad y correcci\u00f3n de los datos incluidos, exoner\u00e1ndose <strong>CONFEDERACI\u00d3 DE COOPERATIVES DE LA COMUNITAT VALENCIANA<\/strong> de cualquier responsabilidad al respecto.<\/p>\n<p>Los usuarios garantizan y responden, en cualquier caso, de la exactitud, vigencia y autenticidad de los datos personales facilitados, y se comprometen a mantenerlos debidamente actualizados. El usuario acepta proporcionar informaci\u00f3n completa y correcta en el formulario de registro o suscripci\u00f3n.<\/p>\n<p>CONFEDERACI\u00d3 DE COOPERATIVES DE LA COMUNITAT VALENCIANA no responde de la veracidad de las informaciones que no sean de elaboraci\u00f3n propia y de las que se indique otra fuente, por lo que tampoco asume responsabilidad alguna en cuanto a hipot\u00e9ticos perjuicios que pudieran originarse por el uso de dicha informaci\u00f3n. Se exonera a <strong>CONFEDERACI\u00d3 DE COOPERATIVES DE LA COMUNITAT VALENCIANA <\/strong>de responsabilidad ante cualquier da\u00f1o o perjuicio que pudiera sufrir el Usuario como consecuencia de errores, defectos u omisiones, en la informaci\u00f3n facilitada por <strong>CONFEDERACI\u00d3 DE COOPERATIVES DE LA COMUNITAT VALENCIANA<\/strong> siempre que proceda de fuentes ajenas a <strong>CONFEDERACI\u00d3 DE COOPERATIVES DE LA COMUNITAT VALENCIANA<\/strong><\/p>\n<p>&nbsp;<\/p>\n<p><span style=\"font-size: 14pt;\"><strong><span style=\"color: #cd202c;\">CESI\u00d3N DE DATOS A TERCEROS<\/span><\/strong><\/span><\/p>\n<p><strong>CONFEDERACI\u00d3 DE COOPERATIVES DE LA COMUNITAT VALENCIANA <\/strong>NO tomar\u00e1 decisiones automatizadas. Los datos no se ceder\u00e1n a terceros salvo en los casos en que exista una obligaci\u00f3n legal o en los procesos de selecci\u00f3n y los trataremos en base a su consentimiento o ejecuci\u00f3n de un contrato.[\/vc_column_text][\/vc_column][\/vc_row][vc_row css_animation=\u00bb\u00bb row_type=\u00bbrow\u00bb use_row_as_full_screen_section=\u00bbno\u00bb type=\u00bbfull_width\u00bb angled_section=\u00bbno\u00bb text_align=\u00bbleft\u00bb background_image_as_pattern=\u00bbwithout_pattern\u00bb][vc_column css=\u00bb.vc_custom_1658488783408{padding-bottom: 20px !important;}\u00bb][vc_column_text]<span style=\"font-size: 14pt;\"><strong><span style=\"color: #cd202c;\">DERECHOS<\/span><\/strong><\/span><\/p>\n<p>El interesado puede ejercer los siguientes derechos:<\/p>\n<ul>\n<li>Derecho a solicitar el acceso a sus datos personales.<\/li>\n<li>Derecho a solicitar su rectificaci\u00f3n o supresi\u00f3n.<\/li>\n<li>Derecho a solicitar la limitaci\u00f3n de su tratamiento.<\/li>\n<li>Derecho a oponerse al tratamiento.<\/li>\n<li>Derecho a la portabilidad de los datos.<\/li>\n<li>Derecho a retirar el consentimiento prestado.<\/li>\n<\/ul>\n<p>Asimismo, le informamos de la posibilidad de ejercer los siguientes derechos y para ello podr\u00e1 enviar un email a: <strong>concoval@concoval.es<\/strong><\/p>\n<p>Adem\u00e1s, el interesado puede dirigirse a la Autoridad de Control en materia de Protecci\u00f3n de Datos competente para obtener informaci\u00f3n adicional o presentar una reclamaci\u00f3n.<\/p>\n<p>&nbsp;<\/p>\n<p><span style=\"font-size: 14pt;\"><strong><span style=\"color: #cd202c;\">ACEPTACI\u00d3N Y CONSENTIMIENTO<\/span><\/strong><\/span><\/p>\n<p>El Usuario declara haber sido informado de las condiciones sobre protecci\u00f3n de datos de car\u00e1cter personal, aceptando y consintiendo el tratamiento de los mismos por parte de CONFEDERACI\u00d3 DE COOPERATIVES DE LA COMUNITAT VALENCIANA en la forma y para las finalidades indicadas en la presente Pol\u00edtica de Protecci\u00f3n de Datos Personales.<\/p>\n<p>Los datos personales proporcionados se conservar\u00e1n, mientras se mantenga la relaci\u00f3n, no se solicite su supresi\u00f3n por el interesado, o durante 1 a\u00f1o a partir de la \u00faltima confirmaci\u00f3n de inter\u00e9s, o durante el tiempo necesario para cumplir con las obligaciones legales. Trataremos los datos en base a su consentimiento o ejecuci\u00f3n de un contrato, firma del presupuesto.<\/p>\n<p>Asimismo, le informamos de la posibilidad de ejercer los siguientes derechos sobre sus datos personales: derecho de acceso, rectificaci\u00f3n, supresi\u00f3n u olvido, limitaci\u00f3n, oposici\u00f3n, portabilidad y a retirar el consentimiento prestado, para ello podr\u00e1 enviar un email a: concoval@concoval.es<\/p>\n<p>Adem\u00e1s, el interesado puede dirigirse a la Autoridad de Control en materia de Protecci\u00f3n de Datos competente para obtener informaci\u00f3n adicional o presentar una reclamaci\u00f3n.[\/vc_column_text][\/vc_column][\/vc_row][vc_row css_animation=\u00bb\u00bb row_type=\u00bbrow\u00bb use_row_as_full_screen_section=\u00bbno\u00bb type=\u00bbfull_width\u00bb angled_section=\u00bbno\u00bb text_align=\u00bbleft\u00bb background_image_as_pattern=\u00bbwithout_pattern\u00bb][vc_column css=\u00bb.vc_custom_1658488793523{padding-bottom: 20px !important;}\u00bb][vc_column_text]<span style=\"font-size: 14pt;\"><strong><span style=\"color: #cd202c;\">USO Y ACCESO DE USUARIOS<\/span><\/strong><\/span><\/p>\n<p>El Usuario queda informado, y acepta, que el acceso a la presente web no supone, en modo alguno, el inicio de una relaci\u00f3n comercial con <strong>CONFEDERACI\u00d3 DE COOPERATIVES DE LA COMUNITAT VALENCIANA<\/strong> o cualquiera de sus delegaciones.<\/p>\n<p>&nbsp;<\/p>\n<p><span style=\"font-size: 14pt;\"><strong><span style=\"color: #cd202c;\">CAMBIOS EN LA PRESENTE POL\u00cdTICA DE PRIVACIDAD<\/span><\/strong><\/span><\/p>\n<p><strong>CONFEDERACI\u00d3 DE COOPERATIVES DE LA COMUNITAT VALENCIANA<\/strong> se reserva el derecho a modificar la presente pol\u00edtica para adaptarla a novedades legislativas o jurisprudenciales, as\u00ed como a pr\u00e1cticas de la industria. En dichos supuestos, <strong>CONFEDERACI\u00d3 DE COOPERATIVES DE LA COMUNITAT VALENCIANA<\/strong> anunciar\u00e1 en esta p\u00e1gina los cambios introducidos con razonable antelaci\u00f3n a su puesta en pr\u00e1ctica.<\/p>\n<p>&nbsp;<\/p>\n<p><span style=\"font-size: 14pt;\"><strong><span style=\"color: #cd202c;\">PROPIEDAD INTELECTUAL E INDUSTRIAL<\/span><\/strong><\/span><\/p>\n<p>Los derechos de propiedad intelectual del contenido de las p\u00e1ginas web, su dise\u00f1o gr\u00e1fico y c\u00f3digos son titularidad de <strong>CONFEDERACI\u00d3 DE COOPERATIVES DE LA COMUNITAT VALENCIANA<\/strong> y, por tanto, queda prohibida su reproducci\u00f3n, distribuci\u00f3n, comunicaci\u00f3n p\u00fablica, transformaci\u00f3n o cualquier otra actividad que se pueda realizar con los contenidos de sus p\u00e1ginas web ni aun citando las fuentes, salvo consentimiento por escrito de <strong>CONFEDERACI\u00d3 DE COOPERATIVES DE LA COMUNITAT VALENCIANA.<\/strong><\/p>\n<p>&nbsp;<\/p>\n<p><span style=\"font-size: 14pt;\"><strong><span style=\"color: #cd202c;\">CONTENIDO DE LA WEB Y ENLACES (LINKS)<\/span><\/strong><\/span><\/p>\n<p><strong>CONFEDERACI\u00d3 DE COOPERATIVES DE LA COMUNITAT VALENCIANA<\/strong> se reserva el derecho a actualizar, modificar o eliminar la informaci\u00f3n contenida en sus p\u00e1ginas web pudiendo incluso limitar o no permitir el acceso a dicha informaci\u00f3n a ciertos usuarios.<\/p>\n<p>&nbsp;<\/p>\n<p><span style=\"font-size: 14pt;\"><strong><span style=\"color: #cd202c;\">RESPONSABILIDAD<\/span><\/strong><\/span><\/p>\n<p><strong>CONFEDERACI\u00d3 DE COOPERATIVES DE LA COMUNITAT VALENCIANA<\/strong> no asume responsabilidad alguna por la informaci\u00f3n contenida en p\u00e1ginas web de terceros a las que se pueda acceder por links o enlaces desde cualquier p\u00e1gina web propiedad de <strong>CONFEDERACI\u00d3 DE COOPERATIVES DE LA COMUNITAT VALENCIANA<\/strong>. La presencia de links o enlaces en las p\u00e1ginas web de <strong>CONFEDERACI\u00d3 DE COOPERATIVES DE LA COMUNITAT VALENCIANA<\/strong> tiene finalidad meramente informativa y en ning\u00fan caso supone sugerencia, invitaci\u00f3n o recomendaci\u00f3n sobre los mismos.<\/p>\n<p>[\/vc_column_text][\/vc_column][\/vc_row]<\/p>\n","protected":false},"excerpt":{"rendered":"<p>[vc_row css_animation=\u00bb\u00bb row_type=\u00bbrow\u00bb use_row_as_full_screen_section=\u00bbno\u00bb type=\u00bbfull_width\u00bb angled_section=\u00bbno\u00bb text_align=\u00bbleft\u00bb background_image_as_pattern=\u00bbwithout_pattern\u00bb][vc_column css=\u00bb.vc_custom_1658488752921{padding-bottom: 20px !important;}\u00bb][vc_column_text]De acuerdo con lo dispuesto en el art\u00edculo 7 del Reglamento (UE) 2016\/679 del Parlamento Europeo y del Consejo de 27 de Abril de 2016 y en el art\u00edculo 6 de la Ley Org\u00e1nica 3\/2018,&#8230;<\/p>\n","protected":false},"author":2,"featured_media":0,"parent":0,"menu_order":0,"comment_status":"closed","ping_status":"closed","template":"","meta":{"footnotes":""},"_links":{"self":[{"href":"https:\/\/concoval.es\/es\/wp-json\/wp\/v2\/pages\/30170"}],"collection":[{"href":"https:\/\/concoval.es\/es\/wp-json\/wp\/v2\/pages"}],"about":[{"href":"https:\/\/concoval.es\/es\/wp-json\/wp\/v2\/types\/page"}],"author":[{"embeddable":true,"href":"https:\/\/concoval.es\/es\/wp-json\/wp\/v2\/users\/2"}],"replies":[{"embeddable":true,"href":"https:\/\/concoval.es\/es\/wp-json\/wp\/v2\/comments?post=30170"}],"version-history":[{"count":25,"href":"https:\/\/concoval.es\/es\/wp-json\/wp\/v2\/pages\/30170\/revisions"}],"predecessor-version":[{"id":34891,"href":"https:\/\/concoval.es\/es\/wp-json\/wp\/v2\/pages\/30170\/revisions\/34891"}],"wp:attachment":[{"href":"https:\/\/concoval.es\/es\/wp-json\/wp\/v2\/media?parent=30170"}],"curies":[{"name":"wp","href":"https:\/\/api.w.org\/{rel}","templated":true}]}}