{"id":31939,"date":"2023-06-30T13:14:41","date_gmt":"2023-06-30T11:14:41","guid":{"rendered":"https:\/\/concoval.es\/?page_id=31939"},"modified":"2024-07-17T11:18:08","modified_gmt":"2024-07-17T09:18:08","slug":"d-2-2","status":"publish","type":"page","link":"https:\/\/concoval.es\/es\/d-2-2\/","title":{"rendered":"DIA MUNDIAL DEL COOPERATIVISMO 2024"},"content":{"rendered":"<p>[vc_row css_animation=\u00bb\u00bb row_type=\u00bbrow\u00bb use_row_as_full_screen_section=\u00bbno\u00bb type=\u00bbfull_width\u00bb angled_section=\u00bbno\u00bb text_align=\u00bbleft\u00bb background_image_as_pattern=\u00bbwithout_pattern\u00bb][vc_column][vc_column_text]<\/p>\n<h1 style=\"text-align: center;\"><span style=\"font-size: 18pt; color: #ff0000;\">D\u00cdA MUNDIAL DEL COOPERATIVISMO 2024<\/span><\/h1>\n<h4 style=\"text-align: center;\"><span style=\"color: #000000;\">Por un futuro mejor para todas las personas<\/span><\/h4>\n<p>[\/vc_column_text][vc_empty_space][vc_column_text]Las cooperativas de la Comunitat Valenciana han celebrado su gran d\u00eda \u2018a la valenciana\u2019 en un emotivo acto organizado por la Confederaci\u00f3 de Cooperatives de la Comunitat Valenciana (Concoval). Con motivo del D\u00eda Mundial del Cooperativismo, que se celebra cada a\u00f1o a nivel mundial el primer s\u00e1bado de julio, el Museu de les Ci\u00e8ncies ha congregado a m\u00e1s de 250 representantes del cooperativismo valenciano en un a\u00f1o, adem\u00e1s, en el que la ciudad de Val\u00e8ncia es Capital Espa\u00f1ola de la Econom\u00eda Social.<\/p>\n<p>&nbsp;<\/p>\n<p>En el marco del Dia Mundial del Cooperativismo, celebrado internacionalmente el d\u00eda 6 de junio, Valencia recibi\u00f3 la visita de Ariel Guarco, presidente de la Alianza Cooperativa Internacional (ACI), quien decidi\u00f3 celebrar este d\u00eda tan especial visitando la sede de Concoval, ubicada en el Palacio de los Mercader, en el casco antiguo de Valencia. All\u00ed, mantuvo un encuentro con representantes del cooperativismo valenciano, el cual sirvi\u00f3 para estrechar lazos entre el tejido cooperativo valenciano y la Alianza Cooperativa Internacional.[\/vc_column_text][vc_separator type=\u00bbnormal\u00bb][vc_empty_space][vc_column_text]<\/p>\n<h4 style=\"text-align: center;\"><span style=\"color: #ff0000;\">GALER\u00cdA DE IM\u00c1GENES<\/span><\/h4>\n<p>[\/vc_column_text][vc_separator type=\u00bbnormal\u00bb][vc_gallery type=\u00bbimage_grid\u00bb images=\u00bb33398,33473,33479,33477,33372,33429,33428,33426,33465,33467,33466,33425,33424,33483,33527,33511,33501,33504,33508,33509,33510,33498,33496,33494,33491,33490,33487,33484,33481,33474,33471,33470,33469,33463,33462,33460,33458,33456,33453,33451,33450,33449,33445,33443,33440,33417,33413,33411,33414,33528,33516,33530&#8243; img_size=\u00bblarge\u00bb column_number=\u00bb4&#8243; grayscale=\u00bbno\u00bb images_space=\u00bbgallery_with_space\u00bb][vc_separator type=\u00bbnormal\u00bb][vc_column_text]<\/p>\n<p style=\"text-align: center;\"><span style=\"color: #ff0000;\">NOTA DE PRENSA<\/span><\/p>\n<p style=\"text-align: center;\"><a href=\"https:\/\/concoval.es\/wp-content\/uploads\/2024\/07\/NdP-Mas-de-250-cooperativistas-reivindican-su-contribucion-economica-y-social-a-la-Comunitat-Valenciana-en-el-Dia-Mundial-del-Cooperativismo.pdf\">M\u00e1s de 250 cooperativistas reivindican su contribuci\u00f3n econ\u00f3mica y social a la Comunidad Valenciana en el Dia Mundial del Cooperativismo.<\/a><\/p>\n<p>[\/vc_column_text][vc_separator type=\u00bbnormal\u00bb][vc_empty_space][vc_column_text]<\/p>\n<h4 style=\"text-align: center;\"><span style=\"color: #ff0000;\">V\u00cdDEO RESUMEN<\/span><\/h4>\n<p>[\/vc_column_text][vc_empty_space][vc_video link=\u00bbhttps:\/\/www.youtube.com\/watch?v=KCnEket8Zlw\u00bb css_animation=\u00bbleft-to-right\u00bb][vc_empty_space][\/vc_column][\/vc_row][vc_row css_animation=\u00bb\u00bb row_type=\u00bbrow\u00bb use_row_as_full_screen_section=\u00bbno\u00bb type=\u00bbfull_width\u00bb angled_section=\u00bbno\u00bb text_align=\u00bbleft\u00bb background_image_as_pattern=\u00bbwithout_pattern\u00bb][vc_column width=\u00bb1\/2&#8243;][vc_empty_space][vc_video link=\u00bbhttps:\/\/youtu.be\/BewZAPOd90A\u00bb css_animation=\u00bbleft-to-right\u00bb title=\u00bbDMC 2024 &#8211; Homenaje a las cooperativas\u00bb][vc_empty_space][vc_separator type=\u00bbnormal\u00bb][\/vc_column][vc_column width=\u00bb1\/2&#8243;][vc_empty_space][vc_video link=\u00bbhttps:\/\/youtu.be\/F2CTpAo0sxs\u00bb css_animation=\u00bbright-to-left\u00bb title=\u00bbHomenaje a cooperativas (Subtitulado)\u00bb][vc_separator type=\u00bbnormal\u00bb][vc_empty_space][\/vc_column][\/vc_row][vc_row css_animation=\u00bb\u00bb row_type=\u00bbrow\u00bb use_row_as_full_screen_section=\u00bbno\u00bb type=\u00bbfull_width\u00bb angled_section=\u00bbno\u00bb text_align=\u00bbleft\u00bb background_image_as_pattern=\u00bbwithout_pattern\u00bb][vc_column][vc_separator type=\u00bbnormal\u00bb color=\u00bb#dd3333&#8243;][vc_empty_space][vc_empty_space][\/vc_column][\/vc_row]<\/p>\n","protected":false},"excerpt":{"rendered":"<p>[vc_row css_animation=\u00bb\u00bb row_type=\u00bbrow\u00bb use_row_as_full_screen_section=\u00bbno\u00bb type=\u00bbfull_width\u00bb angled_section=\u00bbno\u00bb text_align=\u00bbleft\u00bb background_image_as_pattern=\u00bbwithout_pattern\u00bb][vc_column][vc_column_text] D\u00cdA MUNDIAL DEL COOPERATIVISMO 2024 Por un futuro mejor para todas las personas [\/vc_column_text][vc_empty_space][vc_column_text]Las cooperativas de la Comunitat Valenciana han celebrado su gran d\u00eda \u2018a la valenciana\u2019 en un emotivo acto organizado por la Confederaci\u00f3 de Cooperatives&#8230;<\/p>\n","protected":false},"author":2,"featured_media":33182,"parent":0,"menu_order":0,"comment_status":"closed","ping_status":"closed","template":"","meta":{"footnotes":""},"_links":{"self":[{"href":"https:\/\/concoval.es\/es\/wp-json\/wp\/v2\/pages\/31939"}],"collection":[{"href":"https:\/\/concoval.es\/es\/wp-json\/wp\/v2\/pages"}],"about":[{"href":"https:\/\/concoval.es\/es\/wp-json\/wp\/v2\/types\/page"}],"author":[{"embeddable":true,"href":"https:\/\/concoval.es\/es\/wp-json\/wp\/v2\/users\/2"}],"replies":[{"embeddable":true,"href":"https:\/\/concoval.es\/es\/wp-json\/wp\/v2\/comments?post=31939"}],"version-history":[{"count":38,"href":"https:\/\/concoval.es\/es\/wp-json\/wp\/v2\/pages\/31939\/revisions"}],"predecessor-version":[{"id":33574,"href":"https:\/\/concoval.es\/es\/wp-json\/wp\/v2\/pages\/31939\/revisions\/33574"}],"wp:featuredmedia":[{"embeddable":true,"href":"https:\/\/concoval.es\/es\/wp-json\/wp\/v2\/media\/33182"}],"wp:attachment":[{"href":"https:\/\/concoval.es\/es\/wp-json\/wp\/v2\/media?parent=31939"}],"curies":[{"name":"wp","href":"https:\/\/api.w.org\/{rel}","templated":true}]}}