{"id":32949,"date":"2024-04-12T14:05:27","date_gmt":"2024-04-12T12:05:27","guid":{"rendered":"https:\/\/concoval.es\/?page_id=32949"},"modified":"2025-11-13T16:12:13","modified_gmt":"2025-11-13T15:12:13","slug":"valencia-capital-espanyola-de-leconomia-social-2024","status":"publish","type":"page","link":"https:\/\/concoval.es\/es\/valencia-capital-espanyola-de-leconomia-social-2024\/","title":{"rendered":"VAL\u00c8NCIA CAPITAL ESPA\u00d1OLA DE LA ECONOM\u00cdA SOCIAL 2024"},"content":{"rendered":"<p>Bajo el lema \u201cLa econom\u00eda con valores\u201d, Val\u00e8ncia se convirti\u00f3 en la primera capital mediterr\u00e1nea de la econom\u00eda social en el a\u00f1o 2024.<\/p>\n<p>La capitalidad fue anunciada por la Vicepresidenta Segunda del Gobierno de Espa\u00f1a el 24 de enero de 2024 y estuvo impulsada por el Ministerio de Trabajo y Econom\u00eda Social, el Ayuntamiento de Val\u00e8ncia, la Generalitat Valenciana, Concoval (Confederaci\u00f3 de Cooperatives de la Comunitat Valenciana) y Cepes (Confederaci\u00f3n Empresarial de la Econom\u00eda Social Espa\u00f1ola).<\/p>\n<p>Durante todo el a\u00f1o 2024 Val\u00e8ncia acogi\u00f3 eventos y actividades de las diferentes organizaciones de la econom\u00eda social auton\u00f3micas y espa\u00f1olas. No obstante, la agenda de capitalidad, que concentraba gran parte de sus actividades y un congreso internacional a finales de a\u00f1o, se tuvo que suspender tras la tragedia derivada de la dana que asol\u00f3 la provincia de Val\u00e8ncia el 29 de octubre de 2024.<\/p>\n<p>La designaci\u00f3n de Val\u00e8ncia como capital espa\u00f1ola de la econom\u00eda social fue una oportunidad para impulsar en la Comunitat Valenciana una econom\u00eda m\u00e1s justa, igualitaria, participativa e integradora, que pone a las personas en el centro.<\/p>\n<p>Acceso a la p\u00e0gina web de Val\u00e8ncia Capital Espa\u00f1ola de la Econom\u00eda Social 2024: <a href=\"https:\/\/valenciacapitaleconomiasocial.es\/\">valenciacapitaleconomiasocial.es<\/a><\/p>\n<p>&nbsp;<\/p>\n<p><img decoding=\"async\" loading=\"lazy\" class=\"wp-image-32942 size-full aligncenter\" src=\"https:\/\/concoval.es\/wp-content\/uploads\/2024\/04\/Actividad-BANNER-INICIO-WEB-VLC-C24-castellano.png\" alt=\"\" width=\"275\" height=\"200\" \/><\/p>\n<p>&nbsp;<\/p>\n","protected":false},"excerpt":{"rendered":"<p>Bajo el lema \u201cLa econom\u00eda con valores\u201d, Val\u00e8ncia se convirti\u00f3 en la primera capital mediterr\u00e1nea de la econom\u00eda social en el a\u00f1o 2024. La capitalidad fue anunciada por la Vicepresidenta Segunda del Gobierno de Espa\u00f1a el 24 de enero de 2024 y estuvo impulsada por&#8230;<\/p>\n","protected":false},"author":2,"featured_media":32943,"parent":0,"menu_order":0,"comment_status":"closed","ping_status":"closed","template":"","meta":{"footnotes":""},"_links":{"self":[{"href":"https:\/\/concoval.es\/es\/wp-json\/wp\/v2\/pages\/32949"}],"collection":[{"href":"https:\/\/concoval.es\/es\/wp-json\/wp\/v2\/pages"}],"about":[{"href":"https:\/\/concoval.es\/es\/wp-json\/wp\/v2\/types\/page"}],"author":[{"embeddable":true,"href":"https:\/\/concoval.es\/es\/wp-json\/wp\/v2\/users\/2"}],"replies":[{"embeddable":true,"href":"https:\/\/concoval.es\/es\/wp-json\/wp\/v2\/comments?post=32949"}],"version-history":[{"count":6,"href":"https:\/\/concoval.es\/es\/wp-json\/wp\/v2\/pages\/32949\/revisions"}],"predecessor-version":[{"id":34820,"href":"https:\/\/concoval.es\/es\/wp-json\/wp\/v2\/pages\/32949\/revisions\/34820"}],"wp:featuredmedia":[{"embeddable":true,"href":"https:\/\/concoval.es\/es\/wp-json\/wp\/v2\/media\/32943"}],"wp:attachment":[{"href":"https:\/\/concoval.es\/es\/wp-json\/wp\/v2\/media?parent=32949"}],"curies":[{"name":"wp","href":"https:\/\/api.w.org\/{rel}","templated":true}]}}