{"id":34069,"date":"2025-02-03T09:33:33","date_gmt":"2025-02-03T08:33:33","guid":{"rendered":"https:\/\/concoval.es\/?page_id=34069"},"modified":"2025-04-11T13:51:12","modified_gmt":"2025-04-11T11:51:12","slug":"espanol-fondo-solidario-dana-economia-social","status":"publish","type":"page","link":"https:\/\/concoval.es\/es\/espanol-fondo-solidario-dana-economia-social\/","title":{"rendered":"FONDO SOLIDARIO DANA ECONOM\u00cdA SOCIAL"},"content":{"rendered":"<p>La Confederaci\u00f3n Empresarial Espa\u00f1ola de la Econom\u00eda Social Espa\u00f1ola (Cepes) y Concoval han impulsado la creaci\u00f3n de un fondo para la recuperaci\u00f3n de empresas de econom\u00eda social afectadas por la dana, que ha recibido donaciones procedentes de toda Espa\u00f1a.<\/p>\n<p>&nbsp;<\/p>\n<p>Vamos a distribuir los fondos recaudados en colaboraci\u00f3n con las cooperativas de cr\u00e9dito implantadas en la Comunitat Valenciana. As\u00ed que, si eres una empresa o entidad de econom\u00eda social, est\u00e1s afectada por la dana y has solicitado o tienes previsto solicitar un pr\u00e9stamo en una entidad de cr\u00e9dito cooperativo para reparar los da\u00f1os sufridos, esta ayuda es para ti.<\/p>\n<p>&nbsp;<\/p>\n<p>&nbsp;<\/p>\n<p><span style=\"font-size: 14pt; color: #cd202c;\"><strong>\u00bfQui\u00e9n <span style=\"color: #cd202c;\">puede<\/span> pedir esta ayuda?<\/strong><\/span><\/p>\n<p>Cualquier empresa o entidad de econom\u00eda social que:<\/p>\n<ul>\n<li>Haya sufrido da\u00f1os por la dana del 29 octubre de 2024<\/li>\n<li>Tenga domicilio social o establecimiento en alguno de los municipios afectados de la provincia de Valencia<\/li>\n<li>Haya solicitado o tenga previsto solicitar financiaci\u00f3n para la reparaci\u00f3n de los da\u00f1os en una entidad de cr\u00e9dito de la econom\u00eda social: Caixa Popular, Caja Rural de Albal, Caixa Rural d\u2019Algemes\u00ed, Caixa Rural de L\u2019Alcudia, Grupo Cooperativo Cajamar, Fiare Banca \u00c9tica y el resto de Cajas Rurales de la Associaci\u00f3 Valenciana de Cooperatives de Cr\u00e8dit.<\/li>\n<\/ul>\n<p>&nbsp;<\/p>\n<p>&nbsp;<\/p>\n<p><span style=\"font-size: 14pt; color: #cd202c;\"><strong>\u00bfEn qu\u00e9 consiste?<\/strong><\/span><\/p>\n<p>La ayuda se conceder\u00e1 a fondo perdido y es compatible con cualquier otra compensaci\u00f3n o subvenci\u00f3n recibida para paliar los efectos de la dana. Su cuant\u00eda se establecer\u00e1 en funci\u00f3n del cr\u00e9dito solicitado, aunque aplicaremos un l\u00edmite m\u00e1ximo por entidad.<\/p>\n<p>&nbsp;<\/p>\n<p>&nbsp;<\/p>\n<p><span style=\"font-size: 14pt; color: #cd202c;\"><strong>\u00bfC\u00f3mo solicitarla?<\/strong><\/span><\/p>\n<p>Queremos pon\u00e9rtelo f\u00e1cil. Simplemente, cumplimenta este <a href=\"https:\/\/concoval.es\/wp-content\/uploads\/2025\/04\/FORMULARIO-SOLICITUD-AYUDA-FONDO-DANA-ECONOMIA-SOCIAL.pdf\">formulario<\/a>, f\u00edrmalo y env\u00edanoslo a <a href=\"mailto:concoval@concoval.es\">concoval@concoval.es<\/a><\/p>\n<p>El Comit\u00e9 de Seguimiento y Asignaci\u00f3n del Fondo revisar\u00e1 tu solicitud, comprobar\u00e1 que cumples los requisitos y nos pondremos en contacto contigo para gestionar la ayuda o decirte si necesitamos algo m\u00e1s.<\/p>\n<p>&nbsp;<\/p>\n<p>&nbsp;<\/p>\n<p><span style=\"font-size: 14pt; color: #cd202c;\"><strong>\u00bfHasta cu\u00e1ndo se puede pedir la ayuda?\u00a0<\/strong><\/span><\/p>\n<p>\u00a1Date prisa! Tienes que enviar la solicitud antes del 30 de junio de 2025.<\/p>\n<p>&nbsp;<\/p>\n<p>&nbsp;<\/p>\n<p><span style=\"font-size: 14pt; color: #cd202c;\"><strong>Ten en cuenta que\u2026<\/strong><\/span><\/p>\n<ul>\n<li>Las empresas y entidades de econom\u00eda social que pueden ser beneficiarias de esta ayuda son las siguientes: cooperativas, sociedades laborales, empresas de inserci\u00f3n, centros especiales de empleo de iniciativa social, cofrad\u00edas de pescadores, sociedades agrarias de transformaci\u00f3n, mutualidades, y fundaciones y asociaciones del tercer sector de acci\u00f3n social que lleven a cabo actividad econ\u00f3mica.<\/li>\n<\/ul>\n<p>&nbsp;<\/p>\n<ul>\n<li>El domicilio social de la entidad solicitante o alguno de sus establecimientos afectados tiene que estar ubicado en alguno de los siguientes municipios: Alaqu\u00e0s, Albal, Albalat de la Ribera, Alborache, Alc\u00e0sser, L\u2019Alc\u00fadia, Aldaia, Alfafar, Alfarb, Algemes\u00ed, Alginet, Alhaur\u00edn de la Torre, Almussafes, Alzira, Benet\u00fasser, Benifai\u00f3, Beniparrell, B\u00e9tera, Bugarra, Bu\u00f1ol, Calles, Camporrobles, Carlet, Catadau, Catarroja, Caudete de las Fuentes, Corbera, Quart de Poblet, Cullera, Chera, Cheste, Xirivella, Chiva, Dos Aguas, Favara, Fortaleny, Fuenterrobles, Gestalgar, Godelleta, Guadassuar, Letur, Ll\u00edria, Loriguilla (n\u00facleo urbano junto A3), Llocnou de la Corona, Llaur\u00ed, Llombai, Macastre, Manises, Massanassa, Mira, Mislata, Montserrat, Montroi\/Montroy, Paiporta, Paterna, Pedralba, Picanya, Picassent, Poliny\u00e0 de X\u00faquer, Real, Requena, Riba-roja de T\u00faria, Riola, Sedav\u00ed, Siete Aguas, Silla, Sinarcas, Sollana, Sot de Chera, Sueca, Tavernes de la Valldigna, Torrent, Tur\u00eds, Utiel, Val\u00e8ncia (Faitanar, La Torre, Forn d&#8217;Alcedo, Castellar-Oliveral, Pinedo, El Saler, El Perellonet y El Palmar), Vilamarxant, Y\u00e1tova y Benicull de X\u00faquer.<\/li>\n<\/ul>\n<p>&nbsp;<\/p>\n<p>&nbsp;<\/p>\n<p><span style=\"font-size: 14pt; color: #cd202c;\"><strong>\u00bfTe que<\/strong><\/span><span style=\"font-size: 14pt; color: #cd202c;\"><strong>da alguna duda? <\/strong><\/span><\/p>\n<p>Ponte en contacto con nosotros:<\/p>\n<p>&#x1f3e2; Concoval (Confederaci\u00f3 de Cooperatives de la Comunitat Valenciana). Calle Caballeros, 26 (Val\u00e8ncia)<\/p>\n<p>&#x260e; 96 315 33 91<\/p>\n<p>&#x1f4e7; <a href=\"mailto:concoval@concoval.es\">concoval@concoval.es<\/a><\/p>\n<p>&nbsp;<\/p>\n<p>O dir\u00edgete a alguna de las entidades financieras acreditadas:<\/p>\n<p><span style=\"font-size: 8pt;\"><img decoding=\"async\" loading=\"lazy\" class=\"alignnone size-full wp-image-34044\" src=\"https:\/\/concoval.es\/wp-content\/uploads\/2025\/01\/Diseno-sin-titulo-2.png\" alt=\"\" width=\"163\" height=\"103\" \/><img decoding=\"async\" loading=\"lazy\" class=\"alignnone size-full wp-image-34046\" src=\"https:\/\/concoval.es\/wp-content\/uploads\/2025\/01\/Diseno-sin-titulo-4.png\" alt=\"\" width=\"163\" height=\"103\" \/><img decoding=\"async\" loading=\"lazy\" class=\"alignnone size-full wp-image-34049\" src=\"https:\/\/concoval.es\/wp-content\/uploads\/2025\/01\/Diseno-sin-titulo-5.png\" alt=\"\" width=\"163\" height=\"103\" \/><img decoding=\"async\" loading=\"lazy\" class=\"alignnone size-full wp-image-34045\" src=\"https:\/\/concoval.es\/wp-content\/uploads\/2025\/01\/Diseno-sin-titulo-3.png\" alt=\"\" width=\"163\" height=\"103\" \/> <\/span><\/p>\n<p><span style=\"font-size: 8pt;\"><img decoding=\"async\" loading=\"lazy\" class=\"alignnone size-full wp-image-34050\" src=\"https:\/\/concoval.es\/wp-content\/uploads\/2025\/01\/Diseno-sin-titulo-8.png\" alt=\"\" width=\"163\" height=\"103\" \/><img decoding=\"async\" loading=\"lazy\" class=\"alignnone size-medium wp-image-34051\" src=\"https:\/\/concoval.es\/wp-content\/uploads\/2025\/01\/Diseno-sin-titulo-7.png\" alt=\"\" width=\"163\" height=\"103\" \/><img decoding=\"async\" loading=\"lazy\" class=\"alignnone size-medium wp-image-34052\" src=\"https:\/\/concoval.es\/wp-content\/uploads\/2025\/01\/Diseno-sin-titulo-6.png\" alt=\"\" width=\"163\" height=\"103\" \/><\/span><\/p>\n<p><span style=\"font-size: 8pt;\">\u00a0<\/span><\/p>\n","protected":false},"excerpt":{"rendered":"<p>La Confederaci\u00f3n Empresarial Espa\u00f1ola de la Econom\u00eda Social Espa\u00f1ola (Cepes) y Concoval han impulsado la creaci\u00f3n de un fondo para la recuperaci\u00f3n de empresas de econom\u00eda social afectadas por la dana, que ha recibido donaciones procedentes de toda Espa\u00f1a. &nbsp; Vamos a distribuir los fondos&#8230;<\/p>\n","protected":false},"author":2,"featured_media":0,"parent":0,"menu_order":0,"comment_status":"closed","ping_status":"closed","template":"","meta":{"footnotes":""},"_links":{"self":[{"href":"https:\/\/concoval.es\/es\/wp-json\/wp\/v2\/pages\/34069"}],"collection":[{"href":"https:\/\/concoval.es\/es\/wp-json\/wp\/v2\/pages"}],"about":[{"href":"https:\/\/concoval.es\/es\/wp-json\/wp\/v2\/types\/page"}],"author":[{"embeddable":true,"href":"https:\/\/concoval.es\/es\/wp-json\/wp\/v2\/users\/2"}],"replies":[{"embeddable":true,"href":"https:\/\/concoval.es\/es\/wp-json\/wp\/v2\/comments?post=34069"}],"version-history":[{"count":10,"href":"https:\/\/concoval.es\/es\/wp-json\/wp\/v2\/pages\/34069\/revisions"}],"predecessor-version":[{"id":34286,"href":"https:\/\/concoval.es\/es\/wp-json\/wp\/v2\/pages\/34069\/revisions\/34286"}],"wp:attachment":[{"href":"https:\/\/concoval.es\/es\/wp-json\/wp\/v2\/media?parent=34069"}],"curies":[{"name":"wp","href":"https:\/\/api.w.org\/{rel}","templated":true}]}}