{"id":34368,"date":"2025-05-27T17:37:52","date_gmt":"2025-05-27T15:37:52","guid":{"rendered":"https:\/\/concoval.es\/?page_id=34368"},"modified":"2025-07-21T14:23:20","modified_gmt":"2025-07-21T12:23:20","slug":"life22-cet-encom-hub","status":"publish","type":"page","link":"https:\/\/concoval.es\/es\/life22-cet-encom-hub\/","title":{"rendered":"LIFE22-CET-ENCOM HUB"},"content":{"rendered":"<p><span style=\"font-size: 12pt; color: #92d02c;\"><strong><img decoding=\"async\" loading=\"lazy\" class=\" wp-image-34379 aligncenter\" src=\"https:\/\/concoval.es\/wp-content\/uploads\/2025\/05\/Imagen2-300x115.png\" alt=\"\" width=\"642\" height=\"246\" srcset=\"https:\/\/concoval.es\/wp-content\/uploads\/2025\/05\/Imagen2-300x115.png 300w, https:\/\/concoval.es\/wp-content\/uploads\/2025\/05\/Imagen2-1024x392.png 1024w, https:\/\/concoval.es\/wp-content\/uploads\/2025\/05\/Imagen2-768x294.png 768w, https:\/\/concoval.es\/wp-content\/uploads\/2025\/05\/Imagen2-700x268.png 700w, https:\/\/concoval.es\/wp-content\/uploads\/2025\/05\/Imagen2.png 1489w\" sizes=\"(max-width: 642px) 100vw, 642px\" \/><\/strong><\/span><\/p>\n<p>&nbsp;<\/p>\n<p style=\"text-align: center;\"><span style=\"font-size: 12pt; color: #92d02c;\"><strong>Desarrollo de <span style=\"color: #92d02c;\">servicios<\/span> de apoyo para la creaci\u00f3n de Comunidades Energ\u00e9ticas<\/strong><\/span><\/p>\n<p>&nbsp;<\/p>\n<p><span style=\"font-size: 12pt;\"><strong>Descripci\u00f3n<\/strong><\/span><\/p>\n<p>&nbsp;<\/p>\n<p><span style=\"font-size: 12pt;\">ENCOM HUB es un proyecto europeo, financiado con el programa LIFE, que pretende abordar una brecha estructural de competencias y conocimientos detectable en organizaciones privadas y p\u00fablicas de varios pa\u00edses europeos, as\u00ed como en el entorno socioecon\u00f3mico en general, no solo en t\u00e9rminos de experiencia t\u00e9cnica, sino m\u00e1s ampliamente en t\u00e9rminos de brecha de conocimiento-acci\u00f3n sist\u00e9mica y cambio cultural. Esto se realizar\u00e1 mediante el apoyo de desarrollo de Comunidades Energ\u00e9ticas (CE) gestionadas por ciudadanos, pymes y autoridades p\u00fablicas y privadas en Francia (FR), Espa\u00f1a (ES), Italia (IT) y Bulgaria (BG), a trav\u00e9s de la informaci\u00f3n, sensibilizaci\u00f3n, formaci\u00f3n, gesti\u00f3n participativa de procesos, an\u00e1lisis de viabilidad t\u00e9cnico-econ\u00f3mica de las CE, asistencia jur\u00eddica, administrativa y financiera para acompa\u00f1ar a las partes interesadas a lo largo de todo el proceso de desarrollo de las CE.<\/span><\/p>\n<p>&nbsp;<\/p>\n<p style=\"text-align: left;\"><span style=\"font-size: 12pt;\">Quiero m\u00e1s informaci\u00f3n <span style=\"color: #ed8b00;\"><a style=\"color: #ed8b00;\" href=\"mailto:encomhub@concoval.es\">encomhub@concoval.es<\/a><\/span><\/span><\/p>\n<p style=\"text-align: left;\"><span style=\"font-size: 12pt;\">Web de proyecto:<span style=\"color: #ed8b00;\">\u00a0<a style=\"color: #ed8b00;\" href=\"https:\/\/www.encomhub.eu\/es\/\">https:\/\/www.encomhub.eu\/es\/<\/a><\/span><\/span><\/p>\n<p>&nbsp;<\/p>\n<p><img decoding=\"async\" loading=\"lazy\" class=\"size-medium wp-image-34385 alignnone\" src=\"https:\/\/concoval.es\/wp-content\/uploads\/2025\/05\/Imagen5-300x225.jpg\" alt=\"\" width=\"300\" height=\"225\" srcset=\"https:\/\/concoval.es\/wp-content\/uploads\/2025\/05\/Imagen5-300x225.jpg 300w, https:\/\/concoval.es\/wp-content\/uploads\/2025\/05\/Imagen5.jpg 494w\" sizes=\"(max-width: 300px) 100vw, 300px\" \/> \u00a0<img decoding=\"async\" loading=\"lazy\" class=\"wp-image-34386 alignnone\" src=\"https:\/\/concoval.es\/wp-content\/uploads\/2025\/05\/Imagen6-300x169.jpg\" alt=\"\" width=\"399\" height=\"225\" srcset=\"https:\/\/concoval.es\/wp-content\/uploads\/2025\/05\/Imagen6-300x169.jpg 300w, https:\/\/concoval.es\/wp-content\/uploads\/2025\/05\/Imagen6-539x303.jpg 539w, https:\/\/concoval.es\/wp-content\/uploads\/2025\/05\/Imagen6.jpg 657w\" sizes=\"(max-width: 399px) 100vw, 399px\" \/><\/p>\n<p>&nbsp;<\/p>\n<p>&nbsp;<\/p>\n<p><span style=\"font-size: 12pt;\"><strong>Objetivos<\/strong><\/span><\/p>\n<p>&nbsp;<\/p>\n<ul>\n<li><span style=\"font-size: 12pt;\">Consolidar una metodolog\u00eda de \u2018ventanilla \u00fanica\u2019 en los pa\u00edses involucrados, coordinando a diferentes actores con experiencia t\u00e9cnica, legal, empresarial y financiera para apoyar los proyectos de Comunidades Energ\u00e9ticas (CE) en \u00e1reas urbanas, rurales, de campo, monta\u00f1osas y peque\u00f1os pueblos. Se publicar\u00e1 un conjunto de herramientas y un manual para ser aplicados en los pilotos.<\/span><\/li>\n<li>Promover la concienciaci\u00f3n y actualizar competencias entre ciudadanos, profesionales, empresarios y gestores p\u00fablicos sobre las CE.<\/li>\n<li><span style=\"font-size: 12pt;\">Desarrollar y consolidar nuevas habilidades y roles, como \u2018gestor de la transici\u00f3n energ\u00e9tica verde\u2019 y \u2018promotor de comunidades energ\u00e9ticas\u2019, fomentando la colaboraci\u00f3n entre ciudadanos, sector privado, sector p\u00fablico y tercer sector.<\/span><\/li>\n<li><span style=\"font-size: 12pt;\">Abordar barreras regulatorias para la creaci\u00f3n de CE en las \u00e1reas seleccionadas, entregando recomendaciones pol\u00edticas en mesas redondas permanentes con responsables pol\u00edticos y otras partes interesadas en Bulgaria, Espa\u00f1a, Francia e Italia.<\/span><\/li>\n<li><span style=\"font-size: 12pt;\">Desarrollar Planes de Transferencia Territorial de los servicios y mejores pr\u00e1cticas definidos durante el proyecto.<\/span><\/li>\n<\/ul>\n<p>&nbsp;<\/p>\n<p><span style=\"font-size: 12pt;\"><strong>Socio del proyecto<\/strong><\/span><\/p>\n<p><a href=\"https:\/\/concoval.es\/es\/\"><span style=\"font-size: 12pt;\"><strong><img decoding=\"async\" loading=\"lazy\" class=\"alignnone wp-image-34398\" src=\"https:\/\/concoval.es\/wp-content\/uploads\/2025\/05\/Imagen3.png\" alt=\"\" width=\"182\" height=\"87\" \/><\/strong><\/span><\/a><\/p>\n<p><span style=\"font-size: 12pt;\"><strong><em>Expediente<\/em>: <\/strong>101120695<\/span><\/p>\n<p><span style=\"font-size: 12pt;\"><strong><em>Subvenci\u00f3n<\/em>: <\/strong>108.814,48 \u20ac<\/span><\/p>\n<p>&nbsp;<\/p>\n<p><span style=\"font-size: 12pt;\"><strong>Asociado de Concoval en el proyecto<\/strong><\/span><\/p>\n<p><a href=\"https:\/\/www.coopelectricas.com\/\"><img decoding=\"async\" loading=\"lazy\" class=\"alignnone wp-image-34399\" src=\"https:\/\/concoval.es\/wp-content\/uploads\/2025\/05\/Imagen4.png\" alt=\"\" width=\"258\" height=\"81\" \/><\/a><\/p>\n<p><span style=\"font-size: 12pt;\"><strong><em>Expediente<\/em>: <\/strong>101120695<\/span><\/p>\n<p><span style=\"font-size: 12pt;\"><strong><em>Subvenci\u00f3n<\/em>: <\/strong>34.429.37 \u20ac<\/span><\/p>\n<p>&nbsp;<\/p>\n<p>&nbsp;<\/p>\n<p><span style=\"font-size: 12pt;\"><strong>Partners:<\/strong><\/span><\/p>\n<p>&nbsp;<\/p>\n<p><img decoding=\"async\" loading=\"lazy\" class=\"wp-image-34383 aligncenter\" src=\"https:\/\/concoval.es\/wp-content\/uploads\/2025\/05\/Imagen7-300x76.png\" alt=\"\" width=\"723\" height=\"183\" srcset=\"https:\/\/concoval.es\/wp-content\/uploads\/2025\/05\/Imagen7-300x76.png 300w, https:\/\/concoval.es\/wp-content\/uploads\/2025\/05\/Imagen7-768x194.png 768w, https:\/\/concoval.es\/wp-content\/uploads\/2025\/05\/Imagen7-700x177.png 700w, https:\/\/concoval.es\/wp-content\/uploads\/2025\/05\/Imagen7.png 851w\" sizes=\"(max-width: 723px) 100vw, 723px\" \/><\/p>\n<p>&nbsp;<\/p>\n<p>&nbsp;<\/p>\n<p><span style=\"font-size: 12pt;\"><strong>Financiadores<\/strong><\/span><\/p>\n<p>&nbsp;<\/p>\n<p><span style=\"font-size: 12pt;\"><strong><img decoding=\"async\" loading=\"lazy\" class=\"alignnone wp-image-34418 size-medium\" src=\"https:\/\/concoval.es\/wp-content\/uploads\/2025\/05\/Imagen1-e1748350179197-300x58.jpg\" alt=\"\" width=\"300\" height=\"58\" srcset=\"https:\/\/concoval.es\/wp-content\/uploads\/2025\/05\/Imagen1-e1748350179197-300x58.jpg 300w, https:\/\/concoval.es\/wp-content\/uploads\/2025\/05\/Imagen1-e1748350179197-768x148.jpg 768w, https:\/\/concoval.es\/wp-content\/uploads\/2025\/05\/Imagen1-e1748350179197-800x157.jpg 800w, https:\/\/concoval.es\/wp-content\/uploads\/2025\/05\/Imagen1-e1748350179197-700x135.jpg 700w, https:\/\/concoval.es\/wp-content\/uploads\/2025\/05\/Imagen1-e1748350179197.jpg 815w\" sizes=\"(max-width: 300px) 100vw, 300px\" \/><\/strong><\/span><\/p>\n<p><span style=\"font-size: 10pt;\">Co-funded by the European Union. Views and opinions expressed are however those of the author(s) only and do not necessarily reflect those of the European Union or CINEA. Neither the European Union nor the granting authority can be held responsible for them. Grant Agreement n. 101120695.<\/span><\/p>\n<p>&nbsp;<\/p>\n<p>&nbsp;<\/p>\n<p><span style=\"font-size: 12pt;\"><strong>Resultados<\/strong><\/span><\/p>\n<p>&nbsp;<\/p>\n<ul>\n<li><span style=\"font-size: 12pt;\">Implementaci\u00f3n de 3 HUB en Italia, Francia, Espa\u00f1a dando apoyo a 22 pilotos de Comunidades Energ\u00e9ticas Renovables.<\/span><\/li>\n<li><span style=\"font-size: 12pt;\">Transferencia y adaptaci\u00f3n de las mejores pr\u00e1cticas, servicios y estrategias entre FR, IT, ES y BG. creando centros de conocimientos compartidos de apoyo a la CE que explotar\u00e1n para impulsar el desarrollo de la CE en sus contextos nacionales;<\/span><\/li>\n<li><span style=\"font-size: 12pt;\">Promoci\u00f3n del apoyo de la CE en t\u00e9rminos de estrategia, regulaci\u00f3n y financiaci\u00f3n, colaborando con los responsables pol\u00edticos locales, regionales y nacionales en FR, IT, ES y BG para mejorar y afinar los conocimientos y las intervenciones pol\u00edticas de las autoridades p\u00fablicas en relaci\u00f3n con las CE.<\/span><\/li>\n<\/ul>\n<p>&nbsp;<\/p>\n<p>&nbsp;<\/p>\n<p><span style=\"font-size: 12pt;\"><strong>Resultados 2024<\/strong><\/span><\/p>\n<p>&nbsp;<\/p>\n<ul>\n<li><span style=\"font-size: 12pt;\">Dise\u00f1o y Validaci\u00f3n del Modelo para HUB de Servicios para la creaci\u00f3n y consolidaci\u00f3n de Comunidades Energ\u00e9ticas, as\u00ed como la recopilaci\u00f3n de datos clave sobre herramientas, mejores pr\u00e1cticas, formas legales e instrumentos financieros utilizados en iniciativas de comunidades energ\u00e9ticas.<\/span><\/li>\n<li><span style=\"font-size: 12pt;\">An\u00e1lisis de Barreras y Recomendaciones de las principales barreras que dificultan el despliegue de Comunidades Energ\u00e9ticas a nivel europeo, en Espa\u00f1a y en la Comunidad Valenciana, y se han propuesto recomendaciones para superar estos obst\u00e1culos.<\/span><\/li>\n<li><span style=\"font-size: 12pt;\">Metodolog\u00eda para An\u00e1lisis de Viabilidad y Participaci\u00f3n. Desarrollo de metodolog\u00eda para analizar la viabilidad t\u00e9cnico-econ\u00f3mica de los 22 pilotos del proyecto, abarcando tanto el an\u00e1lisis de viabilidad como los procesos de participaci\u00f3n y activaci\u00f3n de miembros de las comunidades energ\u00e9ticas, y el marco jur\u00eddico-administrativo necesario para su implementaci\u00f3n.<\/span><\/li>\n<li><span style=\"font-size: 12pt;\">An\u00e1lisis del Plan de Negocio del HUB . Inicio del an\u00e1lisis y desarrollo del plan de negocio del HUB , lo que permitir\u00e1 guiar su sostenibilidad y crecimiento.<\/span><\/li>\n<li><span style=\"font-size: 12pt;\">Foros Territoriales, donde se ha intercambiado informaci\u00f3n clave entre las partes interesadas, contribuyendo al establecimiento y sostenibilidad futura de las Comunidades Energ\u00e9ticas.<\/span><\/li>\n<\/ul>\n<p>&nbsp;<\/p>\n<p>&nbsp;<\/p>\n<p><span style=\"font-size: 12pt;\"><strong>Redes sociales:<\/strong><\/span><\/p>\n<p>&nbsp;<\/p>\n<ul>\n<li><a href=\"https:\/\/www.linkedin.com\/company\/concoval\/posts\/?feedView=all\"><span style=\"font-size: 12pt;\">LinkedIn <\/span><\/a><\/li>\n<li><a href=\"https:\/\/x.com\/concoval\"><span style=\"font-size: 12pt;\">X <\/span><\/a><\/li>\n<li><a href=\"https:\/\/www.facebook.com\/concoval\/?locale=es_ES\"><span style=\"font-size: 12pt;\">Facebook<\/span><\/a><\/li>\n<\/ul>\n<p>&nbsp;<\/p>\n<p>&nbsp;<\/p>\n","protected":false},"excerpt":{"rendered":"<p>&nbsp; Desarrollo de servicios de apoyo para la creaci\u00f3n de Comunidades Energ\u00e9ticas &nbsp; Descripci\u00f3n &nbsp; ENCOM HUB es un proyecto europeo, financiado con el programa LIFE, que pretende abordar una brecha estructural de competencias y conocimientos detectable en organizaciones privadas y p\u00fablicas de varios pa\u00edses&#8230;<\/p>\n","protected":false},"author":2,"featured_media":0,"parent":0,"menu_order":0,"comment_status":"closed","ping_status":"closed","template":"","meta":{"footnotes":""},"_links":{"self":[{"href":"https:\/\/concoval.es\/es\/wp-json\/wp\/v2\/pages\/34368"}],"collection":[{"href":"https:\/\/concoval.es\/es\/wp-json\/wp\/v2\/pages"}],"about":[{"href":"https:\/\/concoval.es\/es\/wp-json\/wp\/v2\/types\/page"}],"author":[{"embeddable":true,"href":"https:\/\/concoval.es\/es\/wp-json\/wp\/v2\/users\/2"}],"replies":[{"embeddable":true,"href":"https:\/\/concoval.es\/es\/wp-json\/wp\/v2\/comments?post=34368"}],"version-history":[{"count":56,"href":"https:\/\/concoval.es\/es\/wp-json\/wp\/v2\/pages\/34368\/revisions"}],"predecessor-version":[{"id":34691,"href":"https:\/\/concoval.es\/es\/wp-json\/wp\/v2\/pages\/34368\/revisions\/34691"}],"wp:attachment":[{"href":"https:\/\/concoval.es\/es\/wp-json\/wp\/v2\/media?parent=34368"}],"curies":[{"name":"wp","href":"https:\/\/api.w.org\/{rel}","templated":true}]}}